{"id":1460,"date":"2019-09-03T17:21:23","date_gmt":"2019-09-03T17:21:23","guid":{"rendered":"http:\/\/tantranz.com\/?page_id=1460"},"modified":"2019-09-05T23:32:45","modified_gmt":"2019-09-05T23:32:45","slug":"meditacion","status":"publish","type":"page","link":"https:\/\/tantranz.com\/en\/programs\/meditacion\/","title":{"rendered":"Meditacion"},"content":{"rendered":"\t\t<div data-elementor-type=\"wp-post\" data-elementor-id=\"1460\" class=\"elementor elementor-1460\">\n\t\t\t\t\t\t<section class=\"has_eae_slider elementor-section elementor-top-section elementor-element elementor-element-4c6dfd8d elementor-section-boxed elementor-section-height-default elementor-section-height-default\" data-eae-slider=\"54830\" data-id=\"4c6dfd8d\" data-element_type=\"section\" data-e-type=\"section\">\n\t\t\t\t\t\t<div class=\"elementor-container elementor-column-gap-default\">\n\t\t\t\t\t<div class=\"has_eae_slider elementor-column elementor-col-100 elementor-top-column elementor-element elementor-element-55cc4575\" data-eae-slider=\"55484\" data-id=\"55cc4575\" data-element_type=\"column\" data-e-type=\"column\">\n\t\t\t<div class=\"elementor-widget-wrap elementor-element-populated\">\n\t\t\t\t\t\t<div class=\"elementor-element elementor-element-166aaceb elementor-widget elementor-widget-heading\" data-id=\"166aaceb\" data-element_type=\"widget\" data-e-type=\"widget\" data-widget_type=\"heading.default\">\n\t\t\t\t<div class=\"elementor-widget-container\">\n\t\t\t\t\t<h2 class=\"elementor-heading-title elementor-size-default\">Meditaci\u00f3n<\/h2>\t\t\t\t<\/div>\n\t\t\t\t<\/div>\n\t\t\t\t\t<\/div>\n\t\t<\/div>\n\t\t\t\t\t<\/div>\n\t\t<\/section>\n\t\t\t\t<section class=\"has_eae_slider elementor-section elementor-top-section elementor-element elementor-element-5e73d68 elementor-section-boxed elementor-section-height-default elementor-section-height-default\" data-eae-slider=\"53902\" data-id=\"5e73d68\" data-element_type=\"section\" data-e-type=\"section\">\n\t\t\t\t\t\t<div class=\"elementor-container elementor-column-gap-default\">\n\t\t\t\t\t<div class=\"has_eae_slider elementor-column elementor-col-100 elementor-top-column elementor-element elementor-element-2852541\" data-eae-slider=\"96496\" data-id=\"2852541\" data-element_type=\"column\" data-e-type=\"column\">\n\t\t\t<div class=\"elementor-widget-wrap elementor-element-populated\">\n\t\t\t\t\t\t<div class=\"elementor-element elementor-element-18d8bfa elementor-widget elementor-widget-image\" data-id=\"18d8bfa\" data-element_type=\"widget\" data-e-type=\"widget\" data-widget_type=\"image.default\">\n\t\t\t\t<div class=\"elementor-widget-container\">\n\t\t\t\t\t\t\t\t\t\t\t\t\t\t\t<img fetchpriority=\"high\" decoding=\"async\" width=\"300\" height=\"200\" src=\"https:\/\/tantranz.com\/wp-content\/uploads\/2019\/09\/meditacion-300x200.jpg\" class=\"attachment-medium size-medium wp-image-1758\" alt=\"\" srcset=\"https:\/\/tantranz.com\/wp-content\/uploads\/2019\/09\/meditacion-300x200.jpg 300w, https:\/\/tantranz.com\/wp-content\/uploads\/2019\/09\/meditacion-768x512.jpg 768w, https:\/\/tantranz.com\/wp-content\/uploads\/2019\/09\/meditacion.jpg 828w\" sizes=\"(max-width: 300px) 100vw, 300px\" \/>\t\t\t\t\t\t\t\t\t\t\t\t\t\t\t<\/div>\n\t\t\t\t<\/div>\n\t\t\t\t\t<\/div>\n\t\t<\/div>\n\t\t\t\t\t<\/div>\n\t\t<\/section>\n\t\t\t\t<section class=\"has_eae_slider elementor-section elementor-top-section elementor-element elementor-element-792a0e2 elementor-section-boxed elementor-section-height-default elementor-section-height-default\" data-eae-slider=\"52583\" data-id=\"792a0e2\" data-element_type=\"section\" data-e-type=\"section\">\n\t\t\t\t\t\t<div class=\"elementor-container elementor-column-gap-default\">\n\t\t\t\t\t<div class=\"has_eae_slider elementor-column elementor-col-100 elementor-top-column elementor-element elementor-element-c3529da\" data-eae-slider=\"47072\" data-id=\"c3529da\" data-element_type=\"column\" data-e-type=\"column\">\n\t\t\t<div class=\"elementor-widget-wrap elementor-element-populated\">\n\t\t\t\t\t\t<div class=\"elementor-element elementor-element-e409de9 elementor-widget elementor-widget-text-editor\" data-id=\"e409de9\" data-element_type=\"widget\" data-e-type=\"widget\" data-widget_type=\"text-editor.default\">\n\t\t\t\t<div class=\"elementor-widget-container\">\n\t\t\t\t\t\t\t\t\t<p style=\"text-align: center;\">La Meditaci\u00f3n es un estado de gracia que todos podemos alcanzar.<br \/>Ven\u00ed a compartir la experiencia de la meditaci\u00f3n con nosotros los viernes a las 19.30hs!<\/p><p style=\"text-align: center;\">En Tantranz te damos la oportunidad de experienciar varias t\u00e9cnicas para que conozcas cu\u00e1l es tu camino hacia la serenidad, la expansi\u00f3n y el amor.<br \/>Las Meditaciones Osho, son ricas y variadas. Muchas tienen movimiento para luego alcanzar un silencio m\u00e1s\u00a0 profundo.<br \/>El tandava, la contemplaci\u00f3n y otras perlas del camino t\u00e1ntrico nos ense\u00f1an a estar m\u00e1s a gusto en nuestro cuerpo y a utilizar los Sentidos como puertas hacia una consciencia trascendente.<\/p><p style=\"text-align: center;\">\u201cLa meditaci\u00f3n es el laboratorio de la tranquilidad,\u201d Daniel Odier.<br \/>\u201cEl amor es la rosa m\u00e1s linda que crece en el arbusto de la meditaci\u00f3n,\u201dOsho.<\/p><p style=\"text-align: center;\">Como dice Osho en el \u00abLibro de los Secretos\u00bb &#8230;<br \/>\u201cEl prop\u00f3sito del tantra no es simplemente proporcionar a la gente una mejor vida sexual, m\u00e1s bien es utilizar innumerables situaciones y encuentros de la vida corriente de los seres humanos, inclu\u00eddo el sexo, como puertas de entrada a la experiencia de la meditaci\u00f3n. La meditaci\u00f3n es un estado interno en el que de hecho todas las creencias, las doctrinas y las respuestas prefabricadas han desaparecido, dejando solo la conciencia pura y libre de pensamientos, que puede percibir la realidad directamente, tal como es[\u2026]<\/p>\t\t\t\t\t\t\t\t<\/div>\n\t\t\t\t<\/div>\n\t\t\t\t\t<\/div>\n\t\t<\/div>\n\t\t\t\t\t<\/div>\n\t\t<\/section>\n\t\t\t\t<\/div>\n\t\t","protected":false},"excerpt":{"rendered":"<p>Meditaci\u00f3n La Meditaci\u00f3n es un estado de gracia que todos podemos alcanzar.Ven\u00ed a compartir la experiencia de la meditaci\u00f3n con nosotros los viernes a las 19.30hs! En Tantranz te damos la oportunidad de experienciar varias t\u00e9cnicas para que conozcas cu\u00e1l es tu camino hacia la serenidad, la expansi\u00f3n y el amor.Las Meditaciones Osho, son ricas [&hellip;]<\/p>\n","protected":false},"author":1,"featured_media":0,"parent":501,"menu_order":0,"comment_status":"closed","ping_status":"closed","template":"elementor_header_footer","meta":{"ocean_post_layout":"full-width","ocean_both_sidebars_style":"","ocean_both_sidebars_content_width":0,"ocean_both_sidebars_sidebars_width":0,"ocean_sidebar":"0","ocean_second_sidebar":"0","ocean_disable_margins":"enable","ocean_add_body_class":"","ocean_shortcode_before_top_bar":"","ocean_shortcode_after_top_bar":"","ocean_shortcode_before_header":"","ocean_shortcode_after_header":"","ocean_has_shortcode":"","ocean_shortcode_after_title":"","ocean_shortcode_before_footer_widgets":"","ocean_shortcode_after_footer_widgets":"","ocean_shortcode_before_footer_bottom":"","ocean_shortcode_after_footer_bottom":"","ocean_display_top_bar":"on","ocean_display_header":"on","ocean_header_style":"","ocean_center_header_left_menu":"0","ocean_custom_header_template":"0","ocean_custom_logo":0,"ocean_custom_retina_logo":0,"ocean_custom_logo_max_width":0,"ocean_custom_logo_tablet_max_width":0,"ocean_custom_logo_mobile_max_width":0,"ocean_custom_logo_max_height":0,"ocean_custom_logo_tablet_max_height":0,"ocean_custom_logo_mobile_max_height":0,"ocean_header_custom_menu":"0","ocean_menu_typo_font_family":"0","ocean_menu_typo_font_subset":"","ocean_menu_typo_font_size":0,"ocean_menu_typo_font_size_tablet":0,"ocean_menu_typo_font_size_mobile":0,"ocean_menu_typo_font_size_unit":"px","ocean_menu_typo_font_weight":"","ocean_menu_typo_font_weight_tablet":"","ocean_menu_typo_font_weight_mobile":"","ocean_menu_typo_transform":"","ocean_menu_typo_transform_tablet":"","ocean_menu_typo_transform_mobile":"","ocean_menu_typo_line_height":0,"ocean_menu_typo_line_height_tablet":0,"ocean_menu_typo_line_height_mobile":0,"ocean_menu_typo_line_height_unit":"","ocean_menu_typo_spacing":0,"ocean_menu_typo_spacing_tablet":0,"ocean_menu_typo_spacing_mobile":0,"ocean_menu_typo_spacing_unit":"","ocean_menu_link_color":"","ocean_menu_link_color_hover":"","ocean_menu_link_color_active":"","ocean_menu_link_background":"","ocean_menu_link_hover_background":"","ocean_menu_link_active_background":"","ocean_menu_social_links_bg":"","ocean_menu_social_hover_links_bg":"","ocean_menu_social_links_color":"","ocean_menu_social_hover_links_color":"","ocean_disable_title":"on","ocean_disable_heading":"default","ocean_post_title":"","ocean_post_subheading":"","ocean_post_title_style":"","ocean_post_title_background_color":"","ocean_post_title_background":0,"ocean_post_title_bg_image_position":"","ocean_post_title_bg_image_attachment":"","ocean_post_title_bg_image_repeat":"","ocean_post_title_bg_image_size":"","ocean_post_title_height":0,"ocean_post_title_bg_overlay":0.5,"ocean_post_title_bg_overlay_color":"","ocean_disable_breadcrumbs":"default","ocean_breadcrumbs_color":"","ocean_breadcrumbs_separator_color":"","ocean_breadcrumbs_links_color":"","ocean_breadcrumbs_links_hover_color":"","ocean_display_footer_widgets":"default","ocean_display_footer_bottom":"default","ocean_custom_footer_template":"0","omw_enable_modal_window":"enable","osh_disable_topbar_sticky":"default","osh_disable_header_sticky":"default","osh_sticky_header_style":"default","osh_sticky_header_effect":"","osh_custom_sticky_logo":0,"osh_custom_retina_sticky_logo":0,"osh_custom_sticky_logo_height":0,"osh_background_color":"","osh_links_color":"","osh_links_hover_color":"","osh_links_active_color":"","osh_links_bg_color":"","osh_links_hover_bg_color":"","osh_links_active_bg_color":"","osh_menu_social_links_color":"","osh_menu_social_hover_links_color":"","_joinchat":[],"footnotes":""},"class_list":["post-1460","page","type-page","status-publish","hentry","entry"],"_links":{"self":[{"href":"https:\/\/tantranz.com\/en\/wp-json\/wp\/v2\/pages\/1460","targetHints":{"allow":["GET"]}}],"collection":[{"href":"https:\/\/tantranz.com\/en\/wp-json\/wp\/v2\/pages"}],"about":[{"href":"https:\/\/tantranz.com\/en\/wp-json\/wp\/v2\/types\/page"}],"author":[{"embeddable":true,"href":"https:\/\/tantranz.com\/en\/wp-json\/wp\/v2\/users\/1"}],"replies":[{"embeddable":true,"href":"https:\/\/tantranz.com\/en\/wp-json\/wp\/v2\/comments?post=1460"}],"version-history":[{"count":8,"href":"https:\/\/tantranz.com\/en\/wp-json\/wp\/v2\/pages\/1460\/revisions"}],"predecessor-version":[{"id":1762,"href":"https:\/\/tantranz.com\/en\/wp-json\/wp\/v2\/pages\/1460\/revisions\/1762"}],"up":[{"embeddable":true,"href":"https:\/\/tantranz.com\/en\/wp-json\/wp\/v2\/pages\/501"}],"wp:attachment":[{"href":"https:\/\/tantranz.com\/en\/wp-json\/wp\/v2\/media?parent=1460"}],"curies":[{"name":"wp","href":"https:\/\/api.w.org\/{rel}","templated":true}]}}