{"id":1477,"date":"2019-09-03T18:33:41","date_gmt":"2019-09-03T18:33:41","guid":{"rendered":"http:\/\/tantranz.com\/?page_id=1477"},"modified":"2020-03-10T10:08:28","modified_gmt":"2020-03-10T13:08:28","slug":"shivashakti","status":"publish","type":"page","link":"https:\/\/tantranz.com\/en\/programs\/shivashakti\/","title":{"rendered":"shivashakti"},"content":{"rendered":"<div data-elementor-type=\"wp-post\" data-elementor-id=\"1477\" class=\"elementor elementor-1477\">\n\t\t\t\t\t\t<section class=\"has_eae_slider elementor-section elementor-top-section elementor-element elementor-element-2e3dcd04 elementor-section-boxed elementor-section-height-default elementor-section-height-default\" data-eae-slider=\"89758\" data-id=\"2e3dcd04\" data-element_type=\"section\" data-e-type=\"section\">\n\t\t\t\t\t\t<div class=\"elementor-container elementor-column-gap-default\">\n\t\t\t\t\t<div class=\"has_eae_slider elementor-column elementor-col-100 elementor-top-column elementor-element elementor-element-689017f9\" data-eae-slider=\"44213\" data-id=\"689017f9\" data-element_type=\"column\" data-e-type=\"column\">\n\t\t\t<div class=\"elementor-widget-wrap elementor-element-populated\">\n\t\t\t\t\t\t<div class=\"elementor-element elementor-element-145a5daf elementor-widget elementor-widget-heading\" data-id=\"145a5daf\" data-element_type=\"widget\" data-e-type=\"widget\" data-widget_type=\"heading.default\">\n\t\t\t\t<div class=\"elementor-widget-container\">\n\t\t\t\t\t<h2 class=\"elementor-heading-title elementor-size-default\">La Danza de Shiva y Shakti<\/h2>\t\t\t\t<\/div>\n\t\t\t\t<\/div>\n\t\t\t\t\t<\/div>\n\t\t<\/div>\n\t\t\t\t\t<\/div>\n\t\t<\/section>\n\t\t\t\t<section class=\"has_eae_slider elementor-section elementor-top-section elementor-element elementor-element-0046e3e elementor-section-boxed elementor-section-height-default elementor-section-height-default\" data-eae-slider=\"93264\" data-id=\"0046e3e\" data-element_type=\"section\" data-e-type=\"section\">\n\t\t\t\t\t\t<div class=\"elementor-container elementor-column-gap-default\">\n\t\t\t\t\t<div class=\"has_eae_slider elementor-column elementor-col-33 elementor-top-column elementor-element elementor-element-bfc9a39\" data-eae-slider=\"10891\" data-id=\"bfc9a39\" data-element_type=\"column\" data-e-type=\"column\">\n\t\t\t<div class=\"elementor-widget-wrap elementor-element-populated\">\n\t\t\t\t\t\t<div class=\"elementor-element elementor-element-0c7ec97 elementor-widget elementor-widget-image\" data-id=\"0c7ec97\" data-element_type=\"widget\" data-e-type=\"widget\" data-widget_type=\"image.default\">\n\t\t\t\t<div class=\"elementor-widget-container\">\n\t\t\t\t\t\t\t\t\t\t\t\t\t\t\t<img fetchpriority=\"high\" decoding=\"async\" width=\"300\" height=\"204\" src=\"https:\/\/tantranz.com\/wp-content\/uploads\/2019\/05\/cabierto-300x204.jpg\" class=\"attachment-medium size-medium wp-image-1069\" alt=\"\" \/>\t\t\t\t\t\t\t\t\t\t\t\t\t\t\t<\/div>\n\t\t\t\t<\/div>\n\t\t\t\t\t<\/div>\n\t\t<\/div>\n\t\t\t\t<div class=\"has_eae_slider elementor-column elementor-col-33 elementor-top-column elementor-element elementor-element-b6cad71\" data-eae-slider=\"27734\" data-id=\"b6cad71\" data-element_type=\"column\" data-e-type=\"column\">\n\t\t\t<div class=\"elementor-widget-wrap elementor-element-populated\">\n\t\t\t\t\t\t<div class=\"elementor-element elementor-element-2ea69ba elementor-widget elementor-widget-video\" data-id=\"2ea69ba\" data-element_type=\"widget\" data-e-type=\"widget\" data-settings=\"{&quot;youtube_url&quot;:&quot;https:\\\/\\\/youtu.be\\\/uOiMX4aeN2c&quot;,&quot;video_type&quot;:&quot;youtube&quot;}\" data-widget_type=\"video.default\">\n\t\t\t\t<div class=\"elementor-widget-container\">\n\t\t\t\t\t\t\t<div class=\"elementor-wrapper elementor-open-inline\">\n\t\t\t<div class=\"elementor-video\"><\/div>\t\t<\/div>\n\t\t\t\t\t\t<\/div>\n\t\t\t\t<\/div>\n\t\t\t\t\t<\/div>\n\t\t<\/div>\n\t\t\t\t<div class=\"has_eae_slider elementor-column elementor-col-33 elementor-top-column elementor-element elementor-element-bb20b9d\" data-eae-slider=\"87871\" data-id=\"bb20b9d\" data-element_type=\"column\" data-e-type=\"column\">\n\t\t\t<div class=\"elementor-widget-wrap elementor-element-populated\">\n\t\t\t\t\t\t<div class=\"elementor-element elementor-element-0c6ef42 elementor-widget elementor-widget-image\" data-id=\"0c6ef42\" data-element_type=\"widget\" data-e-type=\"widget\" data-widget_type=\"image.default\">\n\t\t\t\t<div class=\"elementor-widget-container\">\n\t\t\t\t\t\t\t\t\t\t\t\t\t\t\t<img decoding=\"async\" width=\"300\" height=\"200\" src=\"https:\/\/tantranz.com\/wp-content\/uploads\/2020\/03\/Shiva-Shakti-6822-300x200.jpg\" class=\"attachment-medium size-medium wp-image-2243\" alt=\"\" srcset=\"https:\/\/tantranz.com\/wp-content\/uploads\/2020\/03\/Shiva-Shakti-6822-300x200.jpg 300w, https:\/\/tantranz.com\/wp-content\/uploads\/2020\/03\/Shiva-Shakti-6822-1024x683.jpg 1024w, https:\/\/tantranz.com\/wp-content\/uploads\/2020\/03\/Shiva-Shakti-6822-768x512.jpg 768w, https:\/\/tantranz.com\/wp-content\/uploads\/2020\/03\/Shiva-Shakti-6822-1536x1024.jpg 1536w, https:\/\/tantranz.com\/wp-content\/uploads\/2020\/03\/Shiva-Shakti-6822-2048x1365.jpg 2048w\" sizes=\"(max-width: 300px) 100vw, 300px\" \/>\t\t\t\t\t\t\t\t\t\t\t\t\t\t\t<\/div>\n\t\t\t\t<\/div>\n\t\t\t\t\t<\/div>\n\t\t<\/div>\n\t\t\t\t\t<\/div>\n\t\t<\/section>\n\t\t\t\t<section class=\"has_eae_slider elementor-section elementor-top-section elementor-element elementor-element-6176b2e7 elementor-section-boxed elementor-section-height-default elementor-section-height-default\" data-eae-slider=\"88850\" data-id=\"6176b2e7\" data-element_type=\"section\" data-e-type=\"section\">\n\t\t\t\t\t\t<div class=\"elementor-container elementor-column-gap-default\">\n\t\t\t\t\t<div class=\"has_eae_slider elementor-column elementor-col-100 elementor-top-column elementor-element elementor-element-b45a563\" data-eae-slider=\"87038\" data-id=\"b45a563\" data-element_type=\"column\" data-e-type=\"column\">\n\t\t\t<div class=\"elementor-widget-wrap elementor-element-populated\">\n\t\t\t\t\t\t<section class=\"has_eae_slider elementor-section elementor-inner-section elementor-element elementor-element-784174fd elementor-section-boxed elementor-section-height-default elementor-section-height-default\" data-eae-slider=\"14927\" data-id=\"784174fd\" data-element_type=\"section\" data-e-type=\"section\">\n\t\t\t\t\t\t<div class=\"elementor-container elementor-column-gap-default\">\n\t\t\t\t\t<div class=\"has_eae_slider elementor-column elementor-col-100 elementor-inner-column elementor-element elementor-element-59111cd\" data-eae-slider=\"43251\" data-id=\"59111cd\" data-element_type=\"column\" data-e-type=\"column\">\n\t\t\t<div class=\"elementor-widget-wrap elementor-element-populated\">\n\t\t\t\t\t\t<div class=\"elementor-element elementor-element-539fd0a7 elementor-widget elementor-widget-text-editor\" data-id=\"539fd0a7\" data-element_type=\"widget\" data-e-type=\"widget\" data-widget_type=\"text-editor.default\">\n\t\t\t\t<div class=\"elementor-widget-container\">\n\t\t\t\t\t\t\t\t\t<p align=\"CENTER\"><span style=\"color: #808080;\"><span style=\"font-family: inherit, serif;\"><span style=\"font-size: medium;\">Es una creaci\u00f3n original de Tantranz a partir de la pr\u00e1ctica del Tantra en movimiento. Un dise\u00f1o que ya tiene 10 a\u00f1os de experimentaci\u00f3n internacional. La Danza de Shiva y Shakti es un dispositivo que moviliza nuestra energ\u00eda vital y la integra. Como las meditaciones de la Humaniversity, es un dise\u00f1o probado y poderoso.<\/span><\/span><\/span><\/p><p align=\"CENTER\"><span style=\"color: #808080;\"><span style=\"font-size: medium;\">Al igual que A Coraz\u00f3n Abierto, es una oportunidad tambi\u00e9n para abrir el Coraz\u00f3n e integrar nuestro femenino y masculino interno participando entre personas amigables.<\/span><\/span><\/p><p align=\"CENTER\"><span style=\"color: #808080;\"><span style=\"font-size: medium;\">En esta meditaci\u00f3n vincular, activaremos la energ\u00eda de 1ro a 4to chakra, desde la base hasta la apertura del coraz\u00f3n, danzando de modo individual, grupal y con nuestro opuesto complementario por g\u00e9nero (un hombre y una mujer).<\/span><\/span><\/p><p align=\"CENTER\"><span style=\"color: #808080;\"><span style=\"font-size: medium;\">Desde el enraizamiento, y esta vez comenzando por lo masculino (1ro y 3er chakra), nos afirmamos para ir al encuentro de las energ\u00edas femeninas (2do y 4to chakra), deteni\u00e9ndonos en los momentos clave, para percibir el movimiento interno.<\/span><\/span><\/p><p align=\"CENTER\"><span style=\"color: #808080;\"><span style=\"font-size: medium;\">De esta manera, adem\u00e1s de activar nuestra energ\u00eda, nos hacemos conscientes de las sensaciones y pensamientos que suelen acompa\u00f1ar cada movilizaci\u00f3n y los vamos soltando.<\/span><\/span><\/p><p align=\"CENTER\"><span style=\"color: #808080;\"><span style=\"font-size: medium;\">La intenci\u00f3n de la Danza de Shiva y Shakti es desbloquear la inercia que nos demora en la repetici\u00f3n de patrones restrictivos e integrarnos hacia el desarrollo de nuestro pleno potencial.<\/span><\/span><\/p>\t\t\t\t\t\t\t\t<\/div>\n\t\t\t\t<\/div>\n\t\t\t\t\t<\/div>\n\t\t<\/div>\n\t\t\t\t\t<\/div>\n\t\t<\/section>\n\t\t\t\t\t<\/div>\n\t\t<\/div>\n\t\t\t\t\t<\/div>\n\t\t<\/section>\n\t\t\t\t<\/div>","protected":false},"excerpt":{"rendered":"<p>La Danza de Shiva y Shakti Es una creaci\u00f3n original de Tantranz a partir de la pr\u00e1ctica del Tantra en movimiento. Un dise\u00f1o que ya tiene 10 a\u00f1os de experimentaci\u00f3n internacional. La Danza de Shiva y Shakti es un dispositivo que moviliza nuestra energ\u00eda vital y la integra. Como las meditaciones de la Humaniversity, es [&hellip;]<\/p>\n","protected":false},"author":1,"featured_media":0,"parent":501,"menu_order":0,"comment_status":"closed","ping_status":"closed","template":"","meta":{"ocean_post_layout":"full-width","ocean_both_sidebars_style":"","ocean_both_sidebars_content_width":0,"ocean_both_sidebars_sidebars_width":0,"ocean_sidebar":"0","ocean_second_sidebar":"0","ocean_disable_margins":"enable","ocean_add_body_class":"","ocean_shortcode_before_top_bar":"","ocean_shortcode_after_top_bar":"","ocean_shortcode_before_header":"","ocean_shortcode_after_header":"","ocean_has_shortcode":"","ocean_shortcode_after_title":"","ocean_shortcode_before_footer_widgets":"","ocean_shortcode_after_footer_widgets":"","ocean_shortcode_before_footer_bottom":"","ocean_shortcode_after_footer_bottom":"","ocean_display_top_bar":"on","ocean_display_header":"on","ocean_header_style":"","ocean_center_header_left_menu":"0","ocean_custom_header_template":"0","ocean_custom_logo":0,"ocean_custom_retina_logo":0,"ocean_custom_logo_max_width":0,"ocean_custom_logo_tablet_max_width":0,"ocean_custom_logo_mobile_max_width":0,"ocean_custom_logo_max_height":0,"ocean_custom_logo_tablet_max_height":0,"ocean_custom_logo_mobile_max_height":0,"ocean_header_custom_menu":"0","ocean_menu_typo_font_family":"0","ocean_menu_typo_font_subset":"","ocean_menu_typo_font_size":0,"ocean_menu_typo_font_size_tablet":0,"ocean_menu_typo_font_size_mobile":0,"ocean_menu_typo_font_size_unit":"px","ocean_menu_typo_font_weight":"","ocean_menu_typo_font_weight_tablet":"","ocean_menu_typo_font_weight_mobile":"","ocean_menu_typo_transform":"","ocean_menu_typo_transform_tablet":"","ocean_menu_typo_transform_mobile":"","ocean_menu_typo_line_height":0,"ocean_menu_typo_line_height_tablet":0,"ocean_menu_typo_line_height_mobile":0,"ocean_menu_typo_line_height_unit":"","ocean_menu_typo_spacing":0,"ocean_menu_typo_spacing_tablet":0,"ocean_menu_typo_spacing_mobile":0,"ocean_menu_typo_spacing_unit":"","ocean_menu_link_color":"","ocean_menu_link_color_hover":"","ocean_menu_link_color_active":"","ocean_menu_link_background":"","ocean_menu_link_hover_background":"","ocean_menu_link_active_background":"","ocean_menu_social_links_bg":"","ocean_menu_social_hover_links_bg":"","ocean_menu_social_links_color":"","ocean_menu_social_hover_links_color":"","ocean_disable_title":"on","ocean_disable_heading":"default","ocean_post_title":"","ocean_post_subheading":"","ocean_post_title_style":"","ocean_post_title_background_color":"","ocean_post_title_background":0,"ocean_post_title_bg_image_position":"","ocean_post_title_bg_image_attachment":"","ocean_post_title_bg_image_repeat":"","ocean_post_title_bg_image_size":"","ocean_post_title_height":0,"ocean_post_title_bg_overlay":0.5,"ocean_post_title_bg_overlay_color":"","ocean_disable_breadcrumbs":"default","ocean_breadcrumbs_color":"","ocean_breadcrumbs_separator_color":"","ocean_breadcrumbs_links_color":"","ocean_breadcrumbs_links_hover_color":"","ocean_display_footer_widgets":"default","ocean_display_footer_bottom":"default","ocean_custom_footer_template":"0","omw_enable_modal_window":"enable","osh_disable_topbar_sticky":"default","osh_disable_header_sticky":"default","osh_sticky_header_style":"default","osh_sticky_header_effect":"","osh_custom_sticky_logo":0,"osh_custom_retina_sticky_logo":0,"osh_custom_sticky_logo_height":0,"osh_background_color":"","osh_links_color":"","osh_links_hover_color":"","osh_links_active_color":"","osh_links_bg_color":"","osh_links_hover_bg_color":"","osh_links_active_bg_color":"","osh_menu_social_links_color":"","osh_menu_social_hover_links_color":"","_joinchat":[],"footnotes":""},"class_list":["post-1477","page","type-page","status-publish","hentry","entry"],"_links":{"self":[{"href":"https:\/\/tantranz.com\/en\/wp-json\/wp\/v2\/pages\/1477","targetHints":{"allow":["GET"]}}],"collection":[{"href":"https:\/\/tantranz.com\/en\/wp-json\/wp\/v2\/pages"}],"about":[{"href":"https:\/\/tantranz.com\/en\/wp-json\/wp\/v2\/types\/page"}],"author":[{"embeddable":true,"href":"https:\/\/tantranz.com\/en\/wp-json\/wp\/v2\/users\/1"}],"replies":[{"embeddable":true,"href":"https:\/\/tantranz.com\/en\/wp-json\/wp\/v2\/comments?post=1477"}],"version-history":[{"count":17,"href":"https:\/\/tantranz.com\/en\/wp-json\/wp\/v2\/pages\/1477\/revisions"}],"predecessor-version":[{"id":2244,"href":"https:\/\/tantranz.com\/en\/wp-json\/wp\/v2\/pages\/1477\/revisions\/2244"}],"up":[{"embeddable":true,"href":"https:\/\/tantranz.com\/en\/wp-json\/wp\/v2\/pages\/501"}],"wp:attachment":[{"href":"https:\/\/tantranz.com\/en\/wp-json\/wp\/v2\/media?parent=1477"}],"curies":[{"name":"wp","href":"https:\/\/api.w.org\/{rel}","templated":true}]}}