{"id":1502,"date":"2019-09-04T21:23:15","date_gmt":"2019-09-04T21:23:15","guid":{"rendered":"http:\/\/tantranz.com\/?page_id=1502"},"modified":"2020-03-07T12:03:00","modified_gmt":"2020-03-07T15:03:00","slug":"ladanza","status":"publish","type":"page","link":"https:\/\/tantranz.com\/en\/programs\/ladanza\/","title":{"rendered":"ladanza"},"content":{"rendered":"<div data-elementor-type=\"wp-post\" data-elementor-id=\"1502\" class=\"elementor elementor-1502\">\n\t\t\t\t\t\t<section class=\"has_eae_slider elementor-section elementor-top-section elementor-element elementor-element-26712278 elementor-section-boxed elementor-section-height-default elementor-section-height-default\" data-eae-slider=\"68494\" data-id=\"26712278\" data-element_type=\"section\" data-e-type=\"section\">\n\t\t\t\t\t\t<div class=\"elementor-container elementor-column-gap-default\">\n\t\t\t\t\t<div class=\"has_eae_slider elementor-column elementor-col-100 elementor-top-column elementor-element elementor-element-5254b523\" data-eae-slider=\"30210\" data-id=\"5254b523\" data-element_type=\"column\" data-e-type=\"column\">\n\t\t\t<div class=\"elementor-widget-wrap elementor-element-populated\">\n\t\t\t\t\t\t<div class=\"elementor-element elementor-element-593dda83 elementor-widget elementor-widget-heading\" data-id=\"593dda83\" data-element_type=\"widget\" data-e-type=\"widget\" data-widget_type=\"heading.default\">\n\t\t\t\t<div class=\"elementor-widget-container\">\n\t\t\t\t\t<h2 class=\"elementor-heading-title elementor-size-default\">Tantranz, la danza<\/h2>\t\t\t\t<\/div>\n\t\t\t\t<\/div>\n\t\t\t\t\t<\/div>\n\t\t<\/div>\n\t\t\t\t\t<\/div>\n\t\t<\/section>\n\t\t\t\t<section class=\"has_eae_slider elementor-section elementor-top-section elementor-element elementor-element-207b3280 elementor-section-boxed elementor-section-height-default elementor-section-height-default\" data-eae-slider=\"67013\" data-id=\"207b3280\" data-element_type=\"section\" data-e-type=\"section\">\n\t\t\t\t\t\t<div class=\"elementor-container elementor-column-gap-default\">\n\t\t\t\t\t<div class=\"has_eae_slider elementor-column elementor-col-33 elementor-top-column elementor-element elementor-element-7bca4cee\" data-eae-slider=\"48401\" data-id=\"7bca4cee\" data-element_type=\"column\" data-e-type=\"column\">\n\t\t\t<div class=\"elementor-widget-wrap\">\n\t\t\t\t\t\t\t<\/div>\n\t\t<\/div>\n\t\t\t\t<div class=\"has_eae_slider elementor-column elementor-col-33 elementor-top-column elementor-element elementor-element-3347d90a\" data-eae-slider=\"78284\" data-id=\"3347d90a\" data-element_type=\"column\" data-e-type=\"column\">\n\t\t\t<div class=\"elementor-widget-wrap elementor-element-populated\">\n\t\t\t\t\t\t<div class=\"elementor-element elementor-element-44a40a9e elementor-widget elementor-widget-image\" data-id=\"44a40a9e\" data-element_type=\"widget\" data-e-type=\"widget\" data-widget_type=\"image.default\">\n\t\t\t\t<div class=\"elementor-widget-container\">\n\t\t\t\t\t\t\t\t\t\t\t\t\t\t\t<img fetchpriority=\"high\" decoding=\"async\" width=\"300\" height=\"200\" src=\"https:\/\/tantranz.com\/wp-content\/uploads\/2019\/09\/tantranzdanza-300x200.jpg\" class=\"attachment-medium size-medium wp-image-1763\" alt=\"\" srcset=\"https:\/\/tantranz.com\/wp-content\/uploads\/2019\/09\/tantranzdanza-300x200.jpg 300w, https:\/\/tantranz.com\/wp-content\/uploads\/2019\/09\/tantranzdanza-768x512.jpg 768w, https:\/\/tantranz.com\/wp-content\/uploads\/2019\/09\/tantranzdanza-1024x683.jpg 1024w\" sizes=\"(max-width: 300px) 100vw, 300px\" \/>\t\t\t\t\t\t\t\t\t\t\t\t\t\t\t<\/div>\n\t\t\t\t<\/div>\n\t\t\t\t\t<\/div>\n\t\t<\/div>\n\t\t\t\t<div class=\"has_eae_slider elementor-column elementor-col-33 elementor-top-column elementor-element elementor-element-22a96dba\" data-eae-slider=\"28480\" data-id=\"22a96dba\" data-element_type=\"column\" data-e-type=\"column\">\n\t\t\t<div class=\"elementor-widget-wrap\">\n\t\t\t\t\t\t\t<\/div>\n\t\t<\/div>\n\t\t\t\t\t<\/div>\n\t\t<\/section>\n\t\t\t\t<section class=\"has_eae_slider elementor-section elementor-top-section elementor-element elementor-element-2c0a4494 elementor-section-boxed elementor-section-height-default elementor-section-height-default\" data-eae-slider=\"51210\" data-id=\"2c0a4494\" data-element_type=\"section\" data-e-type=\"section\">\n\t\t\t\t\t\t<div class=\"elementor-container elementor-column-gap-default\">\n\t\t\t\t\t<div class=\"has_eae_slider elementor-column elementor-col-100 elementor-top-column elementor-element elementor-element-311b339e\" data-eae-slider=\"61398\" data-id=\"311b339e\" data-element_type=\"column\" data-e-type=\"column\">\n\t\t\t<div class=\"elementor-widget-wrap elementor-element-populated\">\n\t\t\t\t\t\t<section class=\"has_eae_slider elementor-section elementor-inner-section elementor-element elementor-element-42a14129 elementor-section-boxed elementor-section-height-default elementor-section-height-default\" data-eae-slider=\"9555\" data-id=\"42a14129\" data-element_type=\"section\" data-e-type=\"section\">\n\t\t\t\t\t\t<div class=\"elementor-container elementor-column-gap-default\">\n\t\t\t\t\t<div class=\"has_eae_slider elementor-column elementor-col-100 elementor-inner-column elementor-element elementor-element-6e99e3ad\" data-eae-slider=\"43469\" data-id=\"6e99e3ad\" data-element_type=\"column\" data-e-type=\"column\">\n\t\t\t<div class=\"elementor-widget-wrap elementor-element-populated\">\n\t\t\t\t\t\t<div class=\"elementor-element elementor-element-76569dd3 elementor-widget elementor-widget-text-editor\" data-id=\"76569dd3\" data-element_type=\"widget\" data-e-type=\"widget\" data-widget_type=\"text-editor.default\">\n\t\t\t\t<div class=\"elementor-widget-container\">\n\t\t\t\t\t\t\t\t\t<p><span style=\"color: #518097;\"><span style=\"font-family: Verdana, serif;\"><span style=\"font-size: large;\"><b>Danza tu Camino. Tantranz, la danza.<\/b><\/span><\/span><\/span><\/p><p>\"Tantranz, the dance\" is an intensification of the perception of each part of our body entering into a free and conscious movement until reaching a state of meditative ecstasy similar to trance.<\/p><p><span style=\"color: #518097;\"><span style=\"font-family: Verdana, serif;\"><span style=\"font-size: small;\">An opportunity to dance following our body, guided to discover unknown possibilities of movement, without effort or pressure, encouraging our muscles and joints to flex along with our emotions<\/span><\/span><\/span><\/p><p>La clave de la tantranz es el poder encontrar el movimiento natural, sin esfuerzo, a trav\u00e9s de una gu\u00eda inicial que va descansando en la m\u00fasica, donde el contacto con nuestro movimiento, abre el contacto con otros, y finalmente con la trascendencia.<\/p><p><span style=\"color: #518097;\"><span style=\"font-family: Verdana, serif;\"><span style=\"font-size: small;\">La t\u00e9cnica que empleamos no es para crear bailarines profesionales sino personas m\u00e1s \u00edntegras en su capacidad de realizarse, afinar su prop\u00f3sito y ver de poder concretarlo desde una acci\u00f3n inteligente, comprender, vincularse y disfrutar de los distintos estados de la vida.<\/span><\/span><\/span><\/p><p><span style=\"color: #518097;\"><span style=\"font-family: Verdana, serif;\"><span style=\"font-size: small;\">Inspirados en\u00a0<\/span><\/span><\/span><span style=\"color: #518097;\"><span style=\"font-family: Verdana, serif;\"><span style=\"font-size: small;\"><i>Los 5 ritmos universales de Gabriele Roth<\/i><\/span><\/span><\/span><span style=\"color: #518097;\"><span style=\"font-family: Verdana, serif;\"><span style=\"font-size: small;\">, el Tandava seg\u00fan Daniel Odier y la Visi\u00f3n de\u00a0<\/span><\/span><\/span><span style=\"color: #518097;\"><span style=\"font-family: Verdana, serif;\"><span style=\"font-size: small;\"><i>Osho<\/i><\/span><\/span><\/span><span style=\"color: #518097;\"><span style=\"font-family: Verdana, serif;\"><span style=\"font-size: small;\">,\u00a0<\/span><\/span><\/span><span style=\"color: #518097;\"><span style=\"font-family: Verdana, serif;\"><span style=\"font-size: small;\"><b>Nataraj<\/b><\/span><\/span><\/span><span style=\"color: #518097;\"><span style=\"font-family: Verdana, serif;\"><span style=\"font-size: small;\"> acompa\u00f1a a un grupo a danzar su camino y comprender la meditaci\u00f3n como parte integrante de nuestra vida din\u00e1mica, sin esfuerzo, con consciencia y ritmo interno.<\/span><\/span><\/span><\/p><p>De manera juguetona, vamos encontrando el enraizamiento, los c\u00edrculos esenciales de nuestra era reptil, que se expanden hasta poner en movimiento todo el sistema humano desde lo femenino.<\/p><p>Entonces llamamos al eje de lo masculino para hallar la forma, la transformaci\u00f3n en la vibraci\u00f3n, la liberaci\u00f3n de la energ\u00eda pura y la liviandad simple donde podemos percibir el movimiento c\u00f3smico en la quietud de nuestro cuerpo danzado.<\/p><p>As\u00ed comprendemos nuestras ra\u00edces femeninas, abrimos nuestras alas masculinas y atravesamos el mundo como un p\u00e1jaro.<\/p><p>Danzamos algunos viernes de 19.30 a 21.30 y en grupos prolongados de una o dos jornadas.<\/p>\t\t\t\t\t\t\t\t<\/div>\n\t\t\t\t<\/div>\n\t\t\t\t\t<\/div>\n\t\t<\/div>\n\t\t\t\t\t<\/div>\n\t\t<\/section>\n\t\t\t\t\t<\/div>\n\t\t<\/div>\n\t\t\t\t\t<\/div>\n\t\t<\/section>\n\t\t\t\t<\/div>","protected":false},"excerpt":{"rendered":"<p>Tantranz, la danza Danza tu Camino. Tantranz, la danza. \u201cTantranz, la danza\u201d es una intensificaci\u00f3n de la percepci\u00f3n de cada parte de nuestro cuerpo entrando en un movimiento libre y consciente hasta alcanzar un estado de \u00e9xtasis meditativo semejante al trance. Una oportunidad para danzar siguiendo a nuestro cuerpo, guiados para descubrir posibilidades de movimiento [&hellip;]<\/p>\n","protected":false},"author":1,"featured_media":0,"parent":501,"menu_order":0,"comment_status":"closed","ping_status":"closed","template":"","meta":{"ocean_post_layout":"full-width","ocean_both_sidebars_style":"","ocean_both_sidebars_content_width":0,"ocean_both_sidebars_sidebars_width":0,"ocean_sidebar":"0","ocean_second_sidebar":"0","ocean_disable_margins":"enable","ocean_add_body_class":"","ocean_shortcode_before_top_bar":"","ocean_shortcode_after_top_bar":"","ocean_shortcode_before_header":"","ocean_shortcode_after_header":"","ocean_has_shortcode":"","ocean_shortcode_after_title":"","ocean_shortcode_before_footer_widgets":"","ocean_shortcode_after_footer_widgets":"","ocean_shortcode_before_footer_bottom":"","ocean_shortcode_after_footer_bottom":"","ocean_display_top_bar":"on","ocean_display_header":"on","ocean_header_style":"","ocean_center_header_left_menu":"0","ocean_custom_header_template":"0","ocean_custom_logo":0,"ocean_custom_retina_logo":0,"ocean_custom_logo_max_width":0,"ocean_custom_logo_tablet_max_width":0,"ocean_custom_logo_mobile_max_width":0,"ocean_custom_logo_max_height":0,"ocean_custom_logo_tablet_max_height":0,"ocean_custom_logo_mobile_max_height":0,"ocean_header_custom_menu":"0","ocean_menu_typo_font_family":"0","ocean_menu_typo_font_subset":"","ocean_menu_typo_font_size":0,"ocean_menu_typo_font_size_tablet":0,"ocean_menu_typo_font_size_mobile":0,"ocean_menu_typo_font_size_unit":"px","ocean_menu_typo_font_weight":"","ocean_menu_typo_font_weight_tablet":"","ocean_menu_typo_font_weight_mobile":"","ocean_menu_typo_transform":"","ocean_menu_typo_transform_tablet":"","ocean_menu_typo_transform_mobile":"","ocean_menu_typo_line_height":0,"ocean_menu_typo_line_height_tablet":0,"ocean_menu_typo_line_height_mobile":0,"ocean_menu_typo_line_height_unit":"","ocean_menu_typo_spacing":0,"ocean_menu_typo_spacing_tablet":0,"ocean_menu_typo_spacing_mobile":0,"ocean_menu_typo_spacing_unit":"","ocean_menu_link_color":"","ocean_menu_link_color_hover":"","ocean_menu_link_color_active":"","ocean_menu_link_background":"","ocean_menu_link_hover_background":"","ocean_menu_link_active_background":"","ocean_menu_social_links_bg":"","ocean_menu_social_hover_links_bg":"","ocean_menu_social_links_color":"","ocean_menu_social_hover_links_color":"","ocean_disable_title":"on","ocean_disable_heading":"default","ocean_post_title":"","ocean_post_subheading":"","ocean_post_title_style":"","ocean_post_title_background_color":"","ocean_post_title_background":0,"ocean_post_title_bg_image_position":"","ocean_post_title_bg_image_attachment":"","ocean_post_title_bg_image_repeat":"","ocean_post_title_bg_image_size":"","ocean_post_title_height":0,"ocean_post_title_bg_overlay":0.5,"ocean_post_title_bg_overlay_color":"","ocean_disable_breadcrumbs":"default","ocean_breadcrumbs_color":"","ocean_breadcrumbs_separator_color":"","ocean_breadcrumbs_links_color":"","ocean_breadcrumbs_links_hover_color":"","ocean_display_footer_widgets":"default","ocean_display_footer_bottom":"default","ocean_custom_footer_template":"0","omw_enable_modal_window":"enable","osh_disable_topbar_sticky":"default","osh_disable_header_sticky":"default","osh_sticky_header_style":"default","osh_sticky_header_effect":"","osh_custom_sticky_logo":0,"osh_custom_retina_sticky_logo":0,"osh_custom_sticky_logo_height":0,"osh_background_color":"","osh_links_color":"","osh_links_hover_color":"","osh_links_active_color":"","osh_links_bg_color":"","osh_links_hover_bg_color":"","osh_links_active_bg_color":"","osh_menu_social_links_color":"","osh_menu_social_hover_links_color":"","_joinchat":[],"footnotes":""},"class_list":["post-1502","page","type-page","status-publish","hentry","entry"],"_links":{"self":[{"href":"https:\/\/tantranz.com\/en\/wp-json\/wp\/v2\/pages\/1502","targetHints":{"allow":["GET"]}}],"collection":[{"href":"https:\/\/tantranz.com\/en\/wp-json\/wp\/v2\/pages"}],"about":[{"href":"https:\/\/tantranz.com\/en\/wp-json\/wp\/v2\/types\/page"}],"author":[{"embeddable":true,"href":"https:\/\/tantranz.com\/en\/wp-json\/wp\/v2\/users\/1"}],"replies":[{"embeddable":true,"href":"https:\/\/tantranz.com\/en\/wp-json\/wp\/v2\/comments?post=1502"}],"version-history":[{"count":12,"href":"https:\/\/tantranz.com\/en\/wp-json\/wp\/v2\/pages\/1502\/revisions"}],"predecessor-version":[{"id":2217,"href":"https:\/\/tantranz.com\/en\/wp-json\/wp\/v2\/pages\/1502\/revisions\/2217"}],"up":[{"embeddable":true,"href":"https:\/\/tantranz.com\/en\/wp-json\/wp\/v2\/pages\/501"}],"wp:attachment":[{"href":"https:\/\/tantranz.com\/en\/wp-json\/wp\/v2\/media?parent=1502"}],"curies":[{"name":"wp","href":"https:\/\/api.w.org\/{rel}","templated":true}]}}