{"id":1538,"date":"2019-09-04T22:33:30","date_gmt":"2019-09-04T22:33:30","guid":{"rendered":"http:\/\/tantranz.com\/?page_id=1538"},"modified":"2023-05-29T14:11:51","modified_gmt":"2023-05-29T17:11:51","slug":"masajetantranz","status":"publish","type":"page","link":"https:\/\/tantranz.com\/en\/programs\/masajetantranz\/","title":{"rendered":"masajetantranz"},"content":{"rendered":"<div data-elementor-type=\"wp-post\" data-elementor-id=\"1538\" class=\"elementor elementor-1538\">\n\t\t\t\t\t\t<section class=\"has_eae_slider elementor-section elementor-top-section elementor-element elementor-element-514f9f58 elementor-section-boxed elementor-section-height-default elementor-section-height-default\" data-eae-slider=\"59588\" data-id=\"514f9f58\" data-element_type=\"section\" data-e-type=\"section\">\n\t\t\t\t\t\t<div class=\"elementor-container elementor-column-gap-default\">\n\t\t\t\t\t<div class=\"has_eae_slider elementor-column elementor-col-100 elementor-top-column elementor-element elementor-element-49a1d203\" data-eae-slider=\"14371\" data-id=\"49a1d203\" data-element_type=\"column\" data-e-type=\"column\">\n\t\t\t<div class=\"elementor-widget-wrap elementor-element-populated\">\n\t\t\t\t\t\t<div class=\"elementor-element elementor-element-458a1daf elementor-widget elementor-widget-heading\" data-id=\"458a1daf\" data-element_type=\"widget\" data-e-type=\"widget\" data-widget_type=\"heading.default\">\n\t\t\t\t<div class=\"elementor-widget-container\">\n\t\t\t\t\t<h2 class=\"elementor-heading-title elementor-size-default\">Tantranz Massage Workshop<\/h2>\t\t\t\t<\/div>\n\t\t\t\t<\/div>\n\t\t\t\t\t<\/div>\n\t\t<\/div>\n\t\t\t\t\t<\/div>\n\t\t<\/section>\n\t\t\t\t<section class=\"has_eae_slider elementor-section elementor-top-section elementor-element elementor-element-2941e5b5 elementor-section-boxed elementor-section-height-default elementor-section-height-default\" data-eae-slider=\"4006\" data-id=\"2941e5b5\" data-element_type=\"section\" data-e-type=\"section\">\n\t\t\t\t\t\t<div class=\"elementor-container elementor-column-gap-default\">\n\t\t\t\t\t<div class=\"has_eae_slider elementor-column elementor-col-33 elementor-top-column elementor-element elementor-element-6526cc15\" data-eae-slider=\"91110\" data-id=\"6526cc15\" data-element_type=\"column\" data-e-type=\"column\">\n\t\t\t<div class=\"elementor-widget-wrap\">\n\t\t\t\t\t\t\t<\/div>\n\t\t<\/div>\n\t\t\t\t<div class=\"has_eae_slider elementor-column elementor-col-33 elementor-top-column elementor-element elementor-element-7bf3d019\" data-eae-slider=\"32162\" data-id=\"7bf3d019\" data-element_type=\"column\" data-e-type=\"column\">\n\t\t\t<div class=\"elementor-widget-wrap elementor-element-populated\">\n\t\t\t\t\t\t<div class=\"elementor-element elementor-element-c5d565d elementor-widget elementor-widget-video\" data-id=\"c5d565d\" data-element_type=\"widget\" data-e-type=\"widget\" data-settings=\"{&quot;youtube_url&quot;:&quot;https:\\\/\\\/youtu.be\\\/Pm2_5eqMqCM?rel=0&quot;,&quot;video_type&quot;:&quot;youtube&quot;}\" data-widget_type=\"video.default\">\n\t\t\t\t<div class=\"elementor-widget-container\">\n\t\t\t\t\t\t\t<div class=\"elementor-wrapper elementor-open-inline\">\n\t\t\t<div class=\"elementor-video\"><\/div>\t\t<\/div>\n\t\t\t\t\t\t<\/div>\n\t\t\t\t<\/div>\n\t\t\t\t\t<\/div>\n\t\t<\/div>\n\t\t\t\t<div class=\"has_eae_slider elementor-column elementor-col-33 elementor-top-column elementor-element elementor-element-7a234218\" data-eae-slider=\"4186\" data-id=\"7a234218\" data-element_type=\"column\" data-e-type=\"column\">\n\t\t\t<div class=\"elementor-widget-wrap\">\n\t\t\t\t\t\t\t<\/div>\n\t\t<\/div>\n\t\t\t\t\t<\/div>\n\t\t<\/section>\n\t\t\t\t<section class=\"has_eae_slider elementor-section elementor-top-section elementor-element elementor-element-52f14817 elementor-section-boxed elementor-section-height-default elementor-section-height-default\" data-eae-slider=\"91169\" data-id=\"52f14817\" data-element_type=\"section\" data-e-type=\"section\">\n\t\t\t\t\t\t<div class=\"elementor-container elementor-column-gap-default\">\n\t\t\t\t\t<div class=\"has_eae_slider elementor-column elementor-col-100 elementor-top-column elementor-element elementor-element-2d65490f\" data-eae-slider=\"93049\" data-id=\"2d65490f\" data-element_type=\"column\" data-e-type=\"column\">\n\t\t\t<div class=\"elementor-widget-wrap elementor-element-populated\">\n\t\t\t\t\t\t<section class=\"has_eae_slider elementor-section elementor-inner-section elementor-element elementor-element-44d4744f elementor-section-boxed elementor-section-height-default elementor-section-height-default\" data-eae-slider=\"47933\" data-id=\"44d4744f\" data-element_type=\"section\" data-e-type=\"section\">\n\t\t\t\t\t\t<div class=\"elementor-container elementor-column-gap-default\">\n\t\t\t\t\t<div class=\"has_eae_slider elementor-column elementor-col-100 elementor-inner-column elementor-element elementor-element-1a960e84\" data-eae-slider=\"46963\" data-id=\"1a960e84\" data-element_type=\"column\" data-e-type=\"column\">\n\t\t\t<div class=\"elementor-widget-wrap elementor-element-populated\">\n\t\t\t\t\t\t<div class=\"elementor-element elementor-element-c0747b elementor-widget elementor-widget-text-editor\" data-id=\"c0747b\" data-element_type=\"widget\" data-e-type=\"widget\" data-widget_type=\"text-editor.default\">\n\t\t\t\t<div class=\"elementor-widget-container\">\n\t\t\t\t\t\t\t\t\t<p>Es el arte de tocar y ser tocado con consciencia, para despertar el potencial natural de \u00e9xtasis curativo que posee nuestro propio cuerpo.<br \/>Inviting stagnant energy to awaken and flow, Tantranz Massage favours the integration between sacred giving and receiving. It eases communication between masculine and feminine aspects of our being, allowing the free circulation of lovingness.\u00a0<br \/>La energ\u00eda pura (Chinmayo) posee un potencial org\u00e1smico espont\u00e1neo; por eso los m\u00edsticos experimentan el \u00e9xtasis cuando contactan esta energ\u00eda a la que llaman divina o sagrada.<br \/>Ellos sienten la uni\u00f3n, la compasi\u00f3n y el amor en un nivel extraordinario, la ausencia de toda falta, la plenitud.<br \/>Por otra parte, el orgasmo es definido como un reflejo neuromuscular.<br \/>En relaci\u00f3n con una descarga energ\u00e9tica el m\u00fasculo reacciona desencadenando un mecanismo espec\u00edfico cuyo resultado es un conjunto de sensaciones y percepciones.<br \/>En nuestra cultura estamos acostumbrados a relacionar este efecto con el sexo, pero en el Tantra, aprendemos que la energ\u00eda es naturalmente de contenido org\u00e1smico. De esta manera recuperamos nuestra capacidad de vivenciar con plenitud cada momento.<br \/>El cuerpo humano posee un potencial el\u00e9ctrico restaurador del equilibrio org\u00e1nico, rejuvenecedor. Reich llam\u00f3 ese potencial el\u00e9ctrico Org\u00f3n. En realidad todas las enfermedades existen cuando, de alguna forma, por alguna raz\u00f3n, el flujo de esta energ\u00eda (que los orientales denominan Prana o Chi) se interrumpe o bloquea.<br \/>La movilizaci\u00f3n t\u00e1ntrica de esta energ\u00eda es algo perceptible en muchos aspectos, algo sanador que produce intenso placer y alegr\u00eda.<br \/>En el desarrollo del Masaje Tantranz, esta ola nos despierta, pero no nos desborda. Incorporando la experiencia biodin\u00e1mica llevamos la electricidad a encontrar una nueva curva energ\u00e9tica, donde lo vibrante se torna oce\u00e1nico, expansivo y relajante. As\u00ed alcanzamos la sensaci\u00f3n de poder comprender, abarcar y compartir la esencialidad del todo. Muy vinculado al cuerpo astral.<br \/>Es necesario conocer bien las t\u00e9cnicas descriptas anteriormente para acceder a esta experiencia.<\/p>\t\t\t\t\t\t\t\t<\/div>\n\t\t\t\t<\/div>\n\t\t\t\t\t<\/div>\n\t\t<\/div>\n\t\t\t\t\t<\/div>\n\t\t<\/section>\n\t\t\t\t\t<\/div>\n\t\t<\/div>\n\t\t\t\t\t<\/div>\n\t\t<\/section>\n\t\t\t\t<\/div>","protected":false},"excerpt":{"rendered":"<p>Masaje Tantranz https:\/\/youtu.be\/Pm2_5eqMqCM?rel=0 Es el arte de tocar y ser tocado con consciencia, para despertar el potencial natural de \u00e9xtasis curativo que posee nuestro propio cuerpo.Ense\u00f1amos toque sutil, toque enraizado, toque del coraz\u00f3n, toque con y sin aceite, pausas, comunicaci\u00f3n y amorosidad.\u00a0 La genitalidad no es el objetivo, sino la totalidad de la sensaci\u00f3n en [&hellip;]<\/p>\n","protected":false},"author":1,"featured_media":0,"parent":501,"menu_order":0,"comment_status":"closed","ping_status":"closed","template":"","meta":{"ocean_post_layout":"full-width","ocean_both_sidebars_style":"","ocean_both_sidebars_content_width":0,"ocean_both_sidebars_sidebars_width":0,"ocean_sidebar":"0","ocean_second_sidebar":"0","ocean_disable_margins":"enable","ocean_add_body_class":"","ocean_shortcode_before_top_bar":"","ocean_shortcode_after_top_bar":"","ocean_shortcode_before_header":"","ocean_shortcode_after_header":"","ocean_has_shortcode":"","ocean_shortcode_after_title":"","ocean_shortcode_before_footer_widgets":"","ocean_shortcode_after_footer_widgets":"","ocean_shortcode_before_footer_bottom":"","ocean_shortcode_after_footer_bottom":"","ocean_display_top_bar":"on","ocean_display_header":"on","ocean_header_style":"","ocean_center_header_left_menu":"0","ocean_custom_header_template":"0","ocean_custom_logo":0,"ocean_custom_retina_logo":0,"ocean_custom_logo_max_width":0,"ocean_custom_logo_tablet_max_width":0,"ocean_custom_logo_mobile_max_width":0,"ocean_custom_logo_max_height":0,"ocean_custom_logo_tablet_max_height":0,"ocean_custom_logo_mobile_max_height":0,"ocean_header_custom_menu":"0","ocean_menu_typo_font_family":"0","ocean_menu_typo_font_subset":"","ocean_menu_typo_font_size":0,"ocean_menu_typo_font_size_tablet":0,"ocean_menu_typo_font_size_mobile":0,"ocean_menu_typo_font_size_unit":"px","ocean_menu_typo_font_weight":"","ocean_menu_typo_font_weight_tablet":"","ocean_menu_typo_font_weight_mobile":"","ocean_menu_typo_transform":"","ocean_menu_typo_transform_tablet":"","ocean_menu_typo_transform_mobile":"","ocean_menu_typo_line_height":0,"ocean_menu_typo_line_height_tablet":0,"ocean_menu_typo_line_height_mobile":0,"ocean_menu_typo_line_height_unit":"","ocean_menu_typo_spacing":0,"ocean_menu_typo_spacing_tablet":0,"ocean_menu_typo_spacing_mobile":0,"ocean_menu_typo_spacing_unit":"","ocean_menu_link_color":"","ocean_menu_link_color_hover":"","ocean_menu_link_color_active":"","ocean_menu_link_background":"","ocean_menu_link_hover_background":"","ocean_menu_link_active_background":"","ocean_menu_social_links_bg":"","ocean_menu_social_hover_links_bg":"","ocean_menu_social_links_color":"","ocean_menu_social_hover_links_color":"","ocean_disable_title":"on","ocean_disable_heading":"default","ocean_post_title":"","ocean_post_subheading":"","ocean_post_title_style":"","ocean_post_title_background_color":"","ocean_post_title_background":0,"ocean_post_title_bg_image_position":"","ocean_post_title_bg_image_attachment":"","ocean_post_title_bg_image_repeat":"","ocean_post_title_bg_image_size":"","ocean_post_title_height":0,"ocean_post_title_bg_overlay":0.5,"ocean_post_title_bg_overlay_color":"","ocean_disable_breadcrumbs":"default","ocean_breadcrumbs_color":"","ocean_breadcrumbs_separator_color":"","ocean_breadcrumbs_links_color":"","ocean_breadcrumbs_links_hover_color":"","ocean_display_footer_widgets":"default","ocean_display_footer_bottom":"default","ocean_custom_footer_template":"0","omw_enable_modal_window":"enable","osh_disable_topbar_sticky":"default","osh_disable_header_sticky":"default","osh_sticky_header_style":"default","osh_sticky_header_effect":"","osh_custom_sticky_logo":0,"osh_custom_retina_sticky_logo":0,"osh_custom_sticky_logo_height":0,"osh_background_color":"","osh_links_color":"","osh_links_hover_color":"","osh_links_active_color":"","osh_links_bg_color":"","osh_links_hover_bg_color":"","osh_links_active_bg_color":"","osh_menu_social_links_color":"","osh_menu_social_hover_links_color":"","_joinchat":[],"footnotes":""},"class_list":["post-1538","page","type-page","status-publish","hentry","entry"],"_links":{"self":[{"href":"https:\/\/tantranz.com\/en\/wp-json\/wp\/v2\/pages\/1538","targetHints":{"allow":["GET"]}}],"collection":[{"href":"https:\/\/tantranz.com\/en\/wp-json\/wp\/v2\/pages"}],"about":[{"href":"https:\/\/tantranz.com\/en\/wp-json\/wp\/v2\/types\/page"}],"author":[{"embeddable":true,"href":"https:\/\/tantranz.com\/en\/wp-json\/wp\/v2\/users\/1"}],"replies":[{"embeddable":true,"href":"https:\/\/tantranz.com\/en\/wp-json\/wp\/v2\/comments?post=1538"}],"version-history":[{"count":7,"href":"https:\/\/tantranz.com\/en\/wp-json\/wp\/v2\/pages\/1538\/revisions"}],"predecessor-version":[{"id":4602,"href":"https:\/\/tantranz.com\/en\/wp-json\/wp\/v2\/pages\/1538\/revisions\/4602"}],"up":[{"embeddable":true,"href":"https:\/\/tantranz.com\/en\/wp-json\/wp\/v2\/pages\/501"}],"wp:attachment":[{"href":"https:\/\/tantranz.com\/en\/wp-json\/wp\/v2\/media?parent=1538"}],"curies":[{"name":"wp","href":"https:\/\/api.w.org\/{rel}","templated":true}]}}