{"id":1577,"date":"2019-09-05T01:46:29","date_gmt":"2019-09-05T04:46:29","guid":{"rendered":"http:\/\/tantranz.com\/?page_id=1577"},"modified":"2023-05-27T18:07:28","modified_gmt":"2023-05-27T21:07:28","slug":"florecer","status":"publish","type":"page","link":"https:\/\/tantranz.com\/en\/programs\/florecer\/","title":{"rendered":"florecer"},"content":{"rendered":"<div data-elementor-type=\"wp-post\" data-elementor-id=\"1577\" class=\"elementor elementor-1577\">\n\t\t\t\t\t\t<section class=\"has_eae_slider elementor-section elementor-top-section elementor-element elementor-element-83728e5 elementor-section-boxed elementor-section-height-default elementor-section-height-default\" data-eae-slider=\"10185\" data-id=\"83728e5\" data-element_type=\"section\" data-e-type=\"section\">\n\t\t\t\t\t\t<div class=\"elementor-container elementor-column-gap-default\">\n\t\t\t\t\t<div class=\"has_eae_slider elementor-column elementor-col-100 elementor-top-column elementor-element elementor-element-46bd73ac\" data-eae-slider=\"47980\" data-id=\"46bd73ac\" data-element_type=\"column\" data-e-type=\"column\">\n\t\t\t<div class=\"elementor-widget-wrap elementor-element-populated\">\n\t\t\t\t\t\t<div class=\"elementor-element elementor-element-2b0c002f elementor-widget elementor-widget-heading\" data-id=\"2b0c002f\" data-element_type=\"widget\" data-e-type=\"widget\" data-widget_type=\"heading.default\">\n\t\t\t\t<div class=\"elementor-widget-container\">\n\t\t\t\t\t<h2 class=\"elementor-heading-title elementor-size-default\">Florecer de Shiva y Shakti<\/h2>\t\t\t\t<\/div>\n\t\t\t\t<\/div>\n\t\t\t\t\t<\/div>\n\t\t<\/div>\n\t\t\t\t\t<\/div>\n\t\t<\/section>\n\t\t\t\t<section class=\"has_eae_slider elementor-section elementor-top-section elementor-element elementor-element-576faf5a elementor-section-boxed elementor-section-height-default elementor-section-height-default\" data-eae-slider=\"52757\" data-id=\"576faf5a\" data-element_type=\"section\" data-e-type=\"section\">\n\t\t\t\t\t\t<div class=\"elementor-container elementor-column-gap-default\">\n\t\t\t\t\t<div class=\"has_eae_slider elementor-column elementor-col-33 elementor-top-column elementor-element elementor-element-72e1441a\" data-eae-slider=\"2078\" data-id=\"72e1441a\" data-element_type=\"column\" data-e-type=\"column\">\n\t\t\t<div class=\"elementor-widget-wrap\">\n\t\t\t\t\t\t\t<\/div>\n\t\t<\/div>\n\t\t\t\t<div class=\"has_eae_slider elementor-column elementor-col-33 elementor-top-column elementor-element elementor-element-7a2fde52\" data-eae-slider=\"18721\" data-id=\"7a2fde52\" data-element_type=\"column\" data-e-type=\"column\">\n\t\t\t<div class=\"elementor-widget-wrap elementor-element-populated\">\n\t\t\t\t\t\t<div class=\"elementor-element elementor-element-681a7e6 elementor-widget elementor-widget-video\" data-id=\"681a7e6\" data-element_type=\"widget\" data-e-type=\"widget\" data-settings=\"{&quot;youtube_url&quot;:&quot;https:\\\/\\\/youtu.be\\\/395mHF2GHTY&quot;,&quot;video_type&quot;:&quot;youtube&quot;,&quot;controls&quot;:&quot;yes&quot;}\" data-widget_type=\"video.default\">\n\t\t\t\t<div class=\"elementor-widget-container\">\n\t\t\t\t\t\t\t<div class=\"elementor-wrapper elementor-open-inline\">\n\t\t\t<div class=\"elementor-video\"><\/div>\t\t<\/div>\n\t\t\t\t\t\t<\/div>\n\t\t\t\t<\/div>\n\t\t\t\t\t<\/div>\n\t\t<\/div>\n\t\t\t\t<div class=\"has_eae_slider elementor-column elementor-col-33 elementor-top-column elementor-element elementor-element-608f2b47\" data-eae-slider=\"63366\" data-id=\"608f2b47\" data-element_type=\"column\" data-e-type=\"column\">\n\t\t\t<div class=\"elementor-widget-wrap\">\n\t\t\t\t\t\t\t<\/div>\n\t\t<\/div>\n\t\t\t\t\t<\/div>\n\t\t<\/section>\n\t\t\t\t<section class=\"has_eae_slider elementor-section elementor-top-section elementor-element elementor-element-1665a033 elementor-section-boxed elementor-section-height-default elementor-section-height-default\" data-eae-slider=\"87808\" data-id=\"1665a033\" data-element_type=\"section\" data-e-type=\"section\">\n\t\t\t\t\t\t<div class=\"elementor-container elementor-column-gap-default\">\n\t\t\t\t\t<div class=\"has_eae_slider elementor-column elementor-col-100 elementor-top-column elementor-element elementor-element-1d46775f\" data-eae-slider=\"81611\" data-id=\"1d46775f\" data-element_type=\"column\" data-e-type=\"column\">\n\t\t\t<div class=\"elementor-widget-wrap elementor-element-populated\">\n\t\t\t\t\t\t<section class=\"has_eae_slider elementor-section elementor-inner-section elementor-element elementor-element-39c2fcf7 elementor-section-boxed elementor-section-height-default elementor-section-height-default\" data-eae-slider=\"75882\" data-id=\"39c2fcf7\" data-element_type=\"section\" data-e-type=\"section\">\n\t\t\t\t\t\t<div class=\"elementor-container elementor-column-gap-default\">\n\t\t\t\t\t<div class=\"has_eae_slider elementor-column elementor-col-100 elementor-inner-column elementor-element elementor-element-1d780d2c\" data-eae-slider=\"48831\" data-id=\"1d780d2c\" data-element_type=\"column\" data-e-type=\"column\">\n\t\t\t<div class=\"elementor-widget-wrap elementor-element-populated\">\n\t\t\t\t\t\t<div class=\"elementor-element elementor-element-213d6f67 elementor-widget elementor-widget-text-editor\" data-id=\"213d6f67\" data-element_type=\"widget\" data-e-type=\"widget\" data-widget_type=\"text-editor.default\">\n\t\t\t\t<div class=\"elementor-widget-container\">\n\t\t\t\t\t\t\t\t\t<p>Grupo Integral de Tantra dedicado a: <br \/>Reconocer y afinar la trama esencial de la circulaci\u00f3n Shiva- Shakti (masculino-femenino encarnado y trascendente), su espejo, su din\u00e1mica de opuestos, su circularidad.\u00a0 <br \/>\u00abCada momento se precipita hacia nosotros la convocatoria del amor&#8230; <br \/>\u00bfquieres venir con nosotros?<\/p><p>\u00abNo es hora de quedarse en casa, sino de salir al jardin&#8230;\u00bb \u00a0Rumi <br \/>\u00a0\u201cTal vez el amor es la rosa m\u00e1s grande que crece en el arbusto de la meditaci\u00f3n\u201d \u00a0 Osho<\/p><p>La propuesta: En un entorno natural de belleza singular, vamos a descubrir el dinamismo entre las energ\u00edas masculina y femenina afin\u00e1ndonos para un mejor encuentro en nosotros mismos, con los dem\u00e1s y con la trascendencia.<br \/>Afinar nuestra relaci\u00f3n Shiva-shakti: femenina y masculino, nos permite relajarnos en la intensidad, estar receptivos y amorosos y a su vez saber cuando es hora de emprender una acci\u00f3n inteligente, enfocada y clara.<br \/>Metodologia: Meditaciones T\u00e1ntricas ancestrales, Danza, Masaje, trabajo de g\u00e9nero por g\u00e9nero. Ritual sagrado de shivas y shaktis por separado para luego ir al encuentro. <br \/>\u00bfDonde? En La Reserva, un espacio construido especialmente para el desarrollo del pleno potencial de cada ser, que es una reserva natural de animales, con dos salas de meditaci\u00f3n, lago, y amplios espacios cham\u00e1nicos, habitaciones c\u00f3modas con ba\u00f1o privado y salamandras&#8230; piscina. \u00a0El lugar necesario para hacer contacto con la naturaleza alrededor y dentro de cada uno de nosotros por resonancia. <br \/>C\u00f3mo es el alojamiento? \u00a0En habitaciones amplias con camas sommier con ba\u00f1o privado. \u00a0Si vienes solo te daremos una habitaci\u00f3n que compartir\u00e1s con otra persona de tu mismo sexo. \u00a0Si vienes en pareja tendr\u00e1s \u00a0una habitaci\u00f3n con cama matrimonial exclusiva para vos y tu pareja. \u00a0Las habitaciones tienen vista al lago o al parque, todas tienen salamandra, ventilador de techo y los ba\u00f1os son con ba\u00f1era. \u00a0Un lujo!!! \u00a0 \u00a0\u00a0 <br \/>\u00a0 \u00bfPara quien es este grupo?\u00a0 Para hombres y mujeres conscientes de la necesidad de afinarnos para que pueda producirse un verdadero encuentro entre femenino y masculino. \u00a0 <br \/>&#8211; Para los que vienen solos es una oportunidad de conocerse, desbloquear, sanar y aprender con personas del sexo opuesto, en igualdad de condiciones con la \u00e9tica de los compa\u00f1eros de camino. <br \/>&#8211; Para las parejas es una oportunidad de desarrollar una mayor intimidad y de trascender limitaciones. <br \/>&#8211; Para todos los seres esta es una oportunidad para ir m\u00e1s all\u00e1 de las fronteras de la mente, hacia una espiritualidad encarnada.<\/p><p>Fechas 2020: Del 25 al 27 de Septiembre en La Reserva Naturaleza Mas Arte.<\/p>\t\t\t\t\t\t\t\t<\/div>\n\t\t\t\t<\/div>\n\t\t\t\t\t<\/div>\n\t\t<\/div>\n\t\t\t\t\t<\/div>\n\t\t<\/section>\n\t\t\t\t\t<\/div>\n\t\t<\/div>\n\t\t\t\t\t<\/div>\n\t\t<\/section>\n\t\t\t\t<\/div>","protected":false},"excerpt":{"rendered":"<p>Florecer de Shiva y Shakti https:\/\/youtu.be\/395mHF2GHTY Grupo Integral de Tantra dedicado a: Reconocer y afinar la trama esencial de la circulaci\u00f3n Shiva- Shakti (masculino-femenino encarnado y trascendente), su espejo, su din\u00e1mica de opuestos, su circularidad.\u00a0 \u00abCada momento se precipita hacia nosotros la convocatoria del amor&#8230; \u00bfquieres venir con nosotros? \u00abNo es hora de quedarse en [&hellip;]<\/p>\n","protected":false},"author":1,"featured_media":0,"parent":501,"menu_order":0,"comment_status":"closed","ping_status":"closed","template":"elementor_header_footer","meta":{"ocean_post_layout":"full-width","ocean_both_sidebars_style":"","ocean_both_sidebars_content_width":0,"ocean_both_sidebars_sidebars_width":0,"ocean_sidebar":"0","ocean_second_sidebar":"0","ocean_disable_margins":"enable","ocean_add_body_class":"","ocean_shortcode_before_top_bar":"","ocean_shortcode_after_top_bar":"","ocean_shortcode_before_header":"","ocean_shortcode_after_header":"","ocean_has_shortcode":"","ocean_shortcode_after_title":"","ocean_shortcode_before_footer_widgets":"","ocean_shortcode_after_footer_widgets":"","ocean_shortcode_before_footer_bottom":"","ocean_shortcode_after_footer_bottom":"","ocean_display_top_bar":"on","ocean_display_header":"on","ocean_header_style":"","ocean_center_header_left_menu":"0","ocean_custom_header_template":"0","ocean_custom_logo":0,"ocean_custom_retina_logo":0,"ocean_custom_logo_max_width":0,"ocean_custom_logo_tablet_max_width":0,"ocean_custom_logo_mobile_max_width":0,"ocean_custom_logo_max_height":0,"ocean_custom_logo_tablet_max_height":0,"ocean_custom_logo_mobile_max_height":0,"ocean_header_custom_menu":"0","ocean_menu_typo_font_family":"0","ocean_menu_typo_font_subset":"","ocean_menu_typo_font_size":0,"ocean_menu_typo_font_size_tablet":0,"ocean_menu_typo_font_size_mobile":0,"ocean_menu_typo_font_size_unit":"px","ocean_menu_typo_font_weight":"","ocean_menu_typo_font_weight_tablet":"","ocean_menu_typo_font_weight_mobile":"","ocean_menu_typo_transform":"","ocean_menu_typo_transform_tablet":"","ocean_menu_typo_transform_mobile":"","ocean_menu_typo_line_height":0,"ocean_menu_typo_line_height_tablet":0,"ocean_menu_typo_line_height_mobile":0,"ocean_menu_typo_line_height_unit":"","ocean_menu_typo_spacing":0,"ocean_menu_typo_spacing_tablet":0,"ocean_menu_typo_spacing_mobile":0,"ocean_menu_typo_spacing_unit":"","ocean_menu_link_color":"","ocean_menu_link_color_hover":"","ocean_menu_link_color_active":"","ocean_menu_link_background":"","ocean_menu_link_hover_background":"","ocean_menu_link_active_background":"","ocean_menu_social_links_bg":"","ocean_menu_social_hover_links_bg":"","ocean_menu_social_links_color":"","ocean_menu_social_hover_links_color":"","ocean_disable_title":"on","ocean_disable_heading":"default","ocean_post_title":"","ocean_post_subheading":"","ocean_post_title_style":"","ocean_post_title_background_color":"","ocean_post_title_background":0,"ocean_post_title_bg_image_position":"","ocean_post_title_bg_image_attachment":"","ocean_post_title_bg_image_repeat":"","ocean_post_title_bg_image_size":"","ocean_post_title_height":0,"ocean_post_title_bg_overlay":0.5,"ocean_post_title_bg_overlay_color":"","ocean_disable_breadcrumbs":"default","ocean_breadcrumbs_color":"","ocean_breadcrumbs_separator_color":"","ocean_breadcrumbs_links_color":"","ocean_breadcrumbs_links_hover_color":"","ocean_display_footer_widgets":"default","ocean_display_footer_bottom":"default","ocean_custom_footer_template":"0","omw_enable_modal_window":"enable","osh_disable_topbar_sticky":"default","osh_disable_header_sticky":"default","osh_sticky_header_style":"default","osh_sticky_header_effect":"","osh_custom_sticky_logo":0,"osh_custom_retina_sticky_logo":0,"osh_custom_sticky_logo_height":0,"osh_background_color":"","osh_links_color":"","osh_links_hover_color":"","osh_links_active_color":"","osh_links_bg_color":"","osh_links_hover_bg_color":"","osh_links_active_bg_color":"","osh_menu_social_links_color":"","osh_menu_social_hover_links_color":"","_joinchat":[],"footnotes":""},"class_list":["post-1577","page","type-page","status-publish","hentry","entry"],"_links":{"self":[{"href":"https:\/\/tantranz.com\/en\/wp-json\/wp\/v2\/pages\/1577","targetHints":{"allow":["GET"]}}],"collection":[{"href":"https:\/\/tantranz.com\/en\/wp-json\/wp\/v2\/pages"}],"about":[{"href":"https:\/\/tantranz.com\/en\/wp-json\/wp\/v2\/types\/page"}],"author":[{"embeddable":true,"href":"https:\/\/tantranz.com\/en\/wp-json\/wp\/v2\/users\/1"}],"replies":[{"embeddable":true,"href":"https:\/\/tantranz.com\/en\/wp-json\/wp\/v2\/comments?post=1577"}],"version-history":[{"count":7,"href":"https:\/\/tantranz.com\/en\/wp-json\/wp\/v2\/pages\/1577\/revisions"}],"predecessor-version":[{"id":2293,"href":"https:\/\/tantranz.com\/en\/wp-json\/wp\/v2\/pages\/1577\/revisions\/2293"}],"up":[{"embeddable":true,"href":"https:\/\/tantranz.com\/en\/wp-json\/wp\/v2\/pages\/501"}],"wp:attachment":[{"href":"https:\/\/tantranz.com\/en\/wp-json\/wp\/v2\/media?parent=1577"}],"curies":[{"name":"wp","href":"https:\/\/api.w.org\/{rel}","templated":true}]}}