{"id":1590,"date":"2019-09-05T02:01:05","date_gmt":"2019-09-05T02:01:05","guid":{"rendered":"http:\/\/tantranz.com\/?page_id=1590"},"modified":"2023-05-29T14:17:10","modified_gmt":"2023-05-29T17:17:10","slug":"mastantranz1","status":"publish","type":"page","link":"https:\/\/tantranz.com\/en\/programs\/mastantranz1\/","title":{"rendered":"mastantranz1"},"content":{"rendered":"<div data-elementor-type=\"wp-post\" data-elementor-id=\"1590\" class=\"elementor elementor-1590\">\n\t\t\t\t\t\t<section class=\"has_eae_slider elementor-section elementor-top-section elementor-element elementor-element-2b367010 elementor-section-boxed elementor-section-height-default elementor-section-height-default\" data-eae-slider=\"37682\" data-id=\"2b367010\" data-element_type=\"section\" data-e-type=\"section\">\n\t\t\t\t\t\t<div class=\"elementor-container elementor-column-gap-default\">\n\t\t\t\t\t<div class=\"has_eae_slider elementor-column elementor-col-100 elementor-top-column elementor-element elementor-element-feb838a\" data-eae-slider=\"42419\" data-id=\"feb838a\" data-element_type=\"column\" data-e-type=\"column\">\n\t\t\t<div class=\"elementor-widget-wrap elementor-element-populated\">\n\t\t\t\t\t\t<div class=\"elementor-element elementor-element-534c97e8 elementor-widget elementor-widget-heading\" data-id=\"534c97e8\" data-element_type=\"widget\" data-e-type=\"widget\" data-widget_type=\"heading.default\">\n\t\t\t\t<div class=\"elementor-widget-container\">\n\t\t\t\t\t<h2 class=\"elementor-heading-title elementor-size-default\">Tantranz Massage Training 1<\/h2>\t\t\t\t<\/div>\n\t\t\t\t<\/div>\n\t\t\t\t\t<\/div>\n\t\t<\/div>\n\t\t\t\t\t<\/div>\n\t\t<\/section>\n\t\t\t\t<section class=\"has_eae_slider elementor-section elementor-top-section elementor-element elementor-element-6e0bb9e2 elementor-section-boxed elementor-section-height-default elementor-section-height-default\" data-eae-slider=\"29240\" data-id=\"6e0bb9e2\" data-element_type=\"section\" data-e-type=\"section\">\n\t\t\t\t\t\t<div class=\"elementor-container elementor-column-gap-default\">\n\t\t\t\t\t<div class=\"has_eae_slider elementor-column elementor-col-33 elementor-top-column elementor-element elementor-element-36c46432\" data-eae-slider=\"37940\" data-id=\"36c46432\" data-element_type=\"column\" data-e-type=\"column\">\n\t\t\t<div class=\"elementor-widget-wrap\">\n\t\t\t\t\t\t\t<\/div>\n\t\t<\/div>\n\t\t\t\t<div class=\"has_eae_slider elementor-column elementor-col-33 elementor-top-column elementor-element elementor-element-1bff2ff1\" data-eae-slider=\"50800\" data-id=\"1bff2ff1\" data-element_type=\"column\" data-e-type=\"column\">\n\t\t\t<div class=\"elementor-widget-wrap elementor-element-populated\">\n\t\t\t\t\t\t<div class=\"elementor-element elementor-element-6313bbcb elementor-widget elementor-widget-image\" data-id=\"6313bbcb\" data-element_type=\"widget\" data-e-type=\"widget\" data-widget_type=\"image.default\">\n\t\t\t\t<div class=\"elementor-widget-container\">\n\t\t\t\t\t\t\t\t\t\t\t\t\t\t\t<img fetchpriority=\"high\" decoding=\"async\" width=\"300\" height=\"206\" src=\"https:\/\/tantranz.com\/wp-content\/uploads\/2020\/05\/mastraining1.jpg\" class=\"attachment-medium size-medium wp-image-2288\" alt=\"\" \/>\t\t\t\t\t\t\t\t\t\t\t\t\t\t\t<\/div>\n\t\t\t\t<\/div>\n\t\t\t\t\t<\/div>\n\t\t<\/div>\n\t\t\t\t<div class=\"has_eae_slider elementor-column elementor-col-33 elementor-top-column elementor-element elementor-element-43c75157\" data-eae-slider=\"47673\" data-id=\"43c75157\" data-element_type=\"column\" data-e-type=\"column\">\n\t\t\t<div class=\"elementor-widget-wrap\">\n\t\t\t\t\t\t\t<\/div>\n\t\t<\/div>\n\t\t\t\t\t<\/div>\n\t\t<\/section>\n\t\t\t\t<section class=\"has_eae_slider elementor-section elementor-top-section elementor-element elementor-element-3d69a2de elementor-section-boxed elementor-section-height-default elementor-section-height-default\" data-eae-slider=\"7386\" data-id=\"3d69a2de\" data-element_type=\"section\" data-e-type=\"section\">\n\t\t\t\t\t\t<div class=\"elementor-container elementor-column-gap-default\">\n\t\t\t\t\t<div class=\"has_eae_slider elementor-column elementor-col-100 elementor-top-column elementor-element elementor-element-74e9596a\" data-eae-slider=\"95461\" data-id=\"74e9596a\" data-element_type=\"column\" data-e-type=\"column\">\n\t\t\t<div class=\"elementor-widget-wrap elementor-element-populated\">\n\t\t\t\t\t\t<section class=\"has_eae_slider elementor-section elementor-inner-section elementor-element elementor-element-2157bc84 elementor-section-boxed elementor-section-height-default elementor-section-height-default\" data-eae-slider=\"53193\" data-id=\"2157bc84\" data-element_type=\"section\" data-e-type=\"section\">\n\t\t\t\t\t\t<div class=\"elementor-container elementor-column-gap-default\">\n\t\t\t\t\t<div class=\"has_eae_slider elementor-column elementor-col-100 elementor-inner-column elementor-element elementor-element-64524d05\" data-eae-slider=\"78499\" data-id=\"64524d05\" data-element_type=\"column\" data-e-type=\"column\">\n\t\t\t<div class=\"elementor-widget-wrap elementor-element-populated\">\n\t\t\t\t\t\t<div class=\"elementor-element elementor-element-3d4aec94 elementor-widget elementor-widget-text-editor\" data-id=\"3d4aec94\" data-element_type=\"widget\" data-e-type=\"widget\" data-widget_type=\"text-editor.default\">\n\t\t\t\t<div class=\"elementor-widget-container\">\n\t\t\t\t\t\t\t\t\t<p style=\"text-align: center;\"><span style=\"color: #993300;\"><strong>Parte 1: Las olas de energ\u00eda.<\/strong><\/span><\/p><p style=\"text-align: left;\">The art of touching and being touched with awareness, awakening extasy, the natural healing potential of our own body<br \/>Al convocar a la energ\u00eda a despertarse y fluir, el Masaje Tantranz favorece la integraci\u00f3n entre el sagrado dar y recibir. Facilita la comunicaci\u00f3n entre nuestro femenino y masculino interno permitiendo la libre circulaci\u00f3n de la amorosidad.<br \/>El cuerpo humano tiene un potencial el\u00e9ctrico capaz de restaurar el equilibrio org\u00e1nico. Reich llam\u00f3 Org\u00f3n a esta energ\u00eda amorosa. Su teor\u00eda es que todas las enfermedades existen cuando se interrumpe o bloquea este flujo energ\u00e9tico (al que otros enfoques llaman Prana o Chi).<br \/>Lo cierto es que al desbloquear la energ\u00eda estancada, el organismo comienza a revitalizarse y es posible sentir y restaurar un equilibrio. Tal el principio, tambi\u00e9n, de la biodin\u00e1mica.<br \/>En el primer nivel de Masaje Tantranz, \u201cLas olas de energ\u00eda\u201d los participanes aprenden a enraizarse en la presencia y conectar su toque a la fuente. Luego ense\u00f1amos c\u00f3mo moverse alrededor del cuerpo que recibe el masaje de manera fluida, haciendo de cada masaje una conexi\u00f3n especial, que dinamiza y relaja a trav\u00e9s del toque leve y de los puntos de energ\u00eda.<br \/>A partir de este contacto cada participante aprende a utilizar el toque sutil a flor de piel sin aceite, ni crema para activar la electricidad natural y permitir que fluya libremente desde el chakra ra\u00edz hasta la coronilla.<br \/>This training teaches something about Marma  points, the light touch and Tandava, the sacred dance of Shiva<br \/>This Massage Training is for single males and females who are ready to explore in a safe and friendly environment with people of the opposite sex or for couples who want to learn another way of communicating through touch<br \/>Este entrenamiento involucra a personas de todos los niveles de experiencia en toque. Es necesario tener una pr\u00e1ctica meditativa previa y muy recomendable realizar vivencias t\u00e1ntricas.<\/p>\t\t\t\t\t\t\t\t<\/div>\n\t\t\t\t<\/div>\n\t\t\t\t\t<\/div>\n\t\t<\/div>\n\t\t\t\t\t<\/div>\n\t\t<\/section>\n\t\t\t\t\t<\/div>\n\t\t<\/div>\n\t\t\t\t\t<\/div>\n\t\t<\/section>\n\t\t\t\t<\/div>","protected":false},"excerpt":{"rendered":"<p>Masaje Tantranz Training 1 Parte 1: Las olas de energ\u00eda. El arte de tocar y ser tocado con consciencia, despertando el \u00e9xtasis curativo natural de nuestro cuerpoAl convocar a la energ\u00eda a despertarse y fluir, el Masaje Tantranz favorece la integraci\u00f3n entre el sagrado dar y recibir. Facilita la comunicaci\u00f3n entre nuestro femenino y masculino [&hellip;]<\/p>\n","protected":false},"author":1,"featured_media":0,"parent":501,"menu_order":0,"comment_status":"closed","ping_status":"closed","template":"","meta":{"ocean_post_layout":"full-width","ocean_both_sidebars_style":"","ocean_both_sidebars_content_width":0,"ocean_both_sidebars_sidebars_width":0,"ocean_sidebar":"0","ocean_second_sidebar":"0","ocean_disable_margins":"enable","ocean_add_body_class":"","ocean_shortcode_before_top_bar":"","ocean_shortcode_after_top_bar":"","ocean_shortcode_before_header":"","ocean_shortcode_after_header":"","ocean_has_shortcode":"","ocean_shortcode_after_title":"","ocean_shortcode_before_footer_widgets":"","ocean_shortcode_after_footer_widgets":"","ocean_shortcode_before_footer_bottom":"","ocean_shortcode_after_footer_bottom":"","ocean_display_top_bar":"on","ocean_display_header":"on","ocean_header_style":"","ocean_center_header_left_menu":"0","ocean_custom_header_template":"0","ocean_custom_logo":0,"ocean_custom_retina_logo":0,"ocean_custom_logo_max_width":0,"ocean_custom_logo_tablet_max_width":0,"ocean_custom_logo_mobile_max_width":0,"ocean_custom_logo_max_height":0,"ocean_custom_logo_tablet_max_height":0,"ocean_custom_logo_mobile_max_height":0,"ocean_header_custom_menu":"0","ocean_menu_typo_font_family":"0","ocean_menu_typo_font_subset":"","ocean_menu_typo_font_size":0,"ocean_menu_typo_font_size_tablet":0,"ocean_menu_typo_font_size_mobile":0,"ocean_menu_typo_font_size_unit":"px","ocean_menu_typo_font_weight":"","ocean_menu_typo_font_weight_tablet":"","ocean_menu_typo_font_weight_mobile":"","ocean_menu_typo_transform":"","ocean_menu_typo_transform_tablet":"","ocean_menu_typo_transform_mobile":"","ocean_menu_typo_line_height":0,"ocean_menu_typo_line_height_tablet":0,"ocean_menu_typo_line_height_mobile":0,"ocean_menu_typo_line_height_unit":"","ocean_menu_typo_spacing":0,"ocean_menu_typo_spacing_tablet":0,"ocean_menu_typo_spacing_mobile":0,"ocean_menu_typo_spacing_unit":"","ocean_menu_link_color":"","ocean_menu_link_color_hover":"","ocean_menu_link_color_active":"","ocean_menu_link_background":"","ocean_menu_link_hover_background":"","ocean_menu_link_active_background":"","ocean_menu_social_links_bg":"","ocean_menu_social_hover_links_bg":"","ocean_menu_social_links_color":"","ocean_menu_social_hover_links_color":"","ocean_disable_title":"on","ocean_disable_heading":"default","ocean_post_title":"","ocean_post_subheading":"","ocean_post_title_style":"","ocean_post_title_background_color":"","ocean_post_title_background":0,"ocean_post_title_bg_image_position":"","ocean_post_title_bg_image_attachment":"","ocean_post_title_bg_image_repeat":"","ocean_post_title_bg_image_size":"","ocean_post_title_height":0,"ocean_post_title_bg_overlay":0.5,"ocean_post_title_bg_overlay_color":"","ocean_disable_breadcrumbs":"default","ocean_breadcrumbs_color":"","ocean_breadcrumbs_separator_color":"","ocean_breadcrumbs_links_color":"","ocean_breadcrumbs_links_hover_color":"","ocean_display_footer_widgets":"default","ocean_display_footer_bottom":"default","ocean_custom_footer_template":"0","omw_enable_modal_window":"enable","osh_disable_topbar_sticky":"default","osh_disable_header_sticky":"default","osh_sticky_header_style":"default","osh_sticky_header_effect":"","osh_custom_sticky_logo":0,"osh_custom_retina_sticky_logo":0,"osh_custom_sticky_logo_height":0,"osh_background_color":"","osh_links_color":"","osh_links_hover_color":"","osh_links_active_color":"","osh_links_bg_color":"","osh_links_hover_bg_color":"","osh_links_active_bg_color":"","osh_menu_social_links_color":"","osh_menu_social_hover_links_color":"","_joinchat":[],"footnotes":""},"class_list":["post-1590","page","type-page","status-publish","hentry","entry"],"_links":{"self":[{"href":"https:\/\/tantranz.com\/en\/wp-json\/wp\/v2\/pages\/1590","targetHints":{"allow":["GET"]}}],"collection":[{"href":"https:\/\/tantranz.com\/en\/wp-json\/wp\/v2\/pages"}],"about":[{"href":"https:\/\/tantranz.com\/en\/wp-json\/wp\/v2\/types\/page"}],"author":[{"embeddable":true,"href":"https:\/\/tantranz.com\/en\/wp-json\/wp\/v2\/users\/1"}],"replies":[{"embeddable":true,"href":"https:\/\/tantranz.com\/en\/wp-json\/wp\/v2\/comments?post=1590"}],"version-history":[{"count":8,"href":"https:\/\/tantranz.com\/en\/wp-json\/wp\/v2\/pages\/1590\/revisions"}],"predecessor-version":[{"id":4605,"href":"https:\/\/tantranz.com\/en\/wp-json\/wp\/v2\/pages\/1590\/revisions\/4605"}],"up":[{"embeddable":true,"href":"https:\/\/tantranz.com\/en\/wp-json\/wp\/v2\/pages\/501"}],"wp:attachment":[{"href":"https:\/\/tantranz.com\/en\/wp-json\/wp\/v2\/media?parent=1590"}],"curies":[{"name":"wp","href":"https:\/\/api.w.org\/{rel}","templated":true}]}}