{"id":1593,"date":"2019-09-05T02:06:10","date_gmt":"2019-09-05T02:06:10","guid":{"rendered":"http:\/\/tantranz.com\/?page_id=1593"},"modified":"2023-05-29T14:21:44","modified_gmt":"2023-05-29T17:21:44","slug":"mastantranz2","status":"publish","type":"page","link":"https:\/\/tantranz.com\/en\/programs\/mastantranz2\/","title":{"rendered":"mastantranz2"},"content":{"rendered":"<div data-elementor-type=\"wp-post\" data-elementor-id=\"1593\" class=\"elementor elementor-1593\">\n\t\t\t\t\t\t<section class=\"has_eae_slider elementor-section elementor-top-section elementor-element elementor-element-2d588985 elementor-section-boxed elementor-section-height-default elementor-section-height-default\" data-eae-slider=\"91612\" data-id=\"2d588985\" data-element_type=\"section\" data-e-type=\"section\">\n\t\t\t\t\t\t<div class=\"elementor-container elementor-column-gap-default\">\n\t\t\t\t\t<div class=\"has_eae_slider elementor-column elementor-col-100 elementor-top-column elementor-element elementor-element-3fae1d16\" data-eae-slider=\"5550\" data-id=\"3fae1d16\" data-element_type=\"column\" data-e-type=\"column\">\n\t\t\t<div class=\"elementor-widget-wrap elementor-element-populated\">\n\t\t\t\t\t\t<div class=\"elementor-element elementor-element-61562cd2 elementor-widget elementor-widget-heading\" data-id=\"61562cd2\" data-element_type=\"widget\" data-e-type=\"widget\" data-widget_type=\"heading.default\">\n\t\t\t\t<div class=\"elementor-widget-container\">\n\t\t\t\t\t<h2 class=\"elementor-heading-title elementor-size-default\">Tantranz Massage Training 2<\/h2>\t\t\t\t<\/div>\n\t\t\t\t<\/div>\n\t\t\t\t\t<\/div>\n\t\t<\/div>\n\t\t\t\t\t<\/div>\n\t\t<\/section>\n\t\t\t\t<section class=\"has_eae_slider elementor-section elementor-top-section elementor-element elementor-element-31291f53 elementor-section-boxed elementor-section-height-default elementor-section-height-default\" data-eae-slider=\"62939\" data-id=\"31291f53\" data-element_type=\"section\" data-e-type=\"section\">\n\t\t\t\t\t\t<div class=\"elementor-container elementor-column-gap-default\">\n\t\t\t\t\t<div class=\"has_eae_slider elementor-column elementor-col-33 elementor-top-column elementor-element elementor-element-3e5bfc1e\" data-eae-slider=\"63186\" data-id=\"3e5bfc1e\" data-element_type=\"column\" data-e-type=\"column\">\n\t\t\t<div class=\"elementor-widget-wrap\">\n\t\t\t\t\t\t\t<\/div>\n\t\t<\/div>\n\t\t\t\t<div class=\"has_eae_slider elementor-column elementor-col-33 elementor-top-column elementor-element elementor-element-6849c3c1\" data-eae-slider=\"82476\" data-id=\"6849c3c1\" data-element_type=\"column\" data-e-type=\"column\">\n\t\t\t<div class=\"elementor-widget-wrap elementor-element-populated\">\n\t\t\t\t\t\t<div class=\"elementor-element elementor-element-3666aa1c elementor-widget elementor-widget-image\" data-id=\"3666aa1c\" data-element_type=\"widget\" data-e-type=\"widget\" data-widget_type=\"image.default\">\n\t\t\t\t<div class=\"elementor-widget-container\">\n\t\t\t\t\t\t\t\t\t\t\t\t\t\t\t<img decoding=\"async\" width=\"256\" height=\"184\" src=\"https:\/\/tantranz.com\/wp-content\/uploads\/2020\/05\/masaje2.jpg\" class=\"attachment-medium size-medium wp-image-2290\" alt=\"\" \/>\t\t\t\t\t\t\t\t\t\t\t\t\t\t\t<\/div>\n\t\t\t\t<\/div>\n\t\t\t\t\t<\/div>\n\t\t<\/div>\n\t\t\t\t<div class=\"has_eae_slider elementor-column elementor-col-33 elementor-top-column elementor-element elementor-element-72478496\" data-eae-slider=\"35981\" data-id=\"72478496\" data-element_type=\"column\" data-e-type=\"column\">\n\t\t\t<div class=\"elementor-widget-wrap\">\n\t\t\t\t\t\t\t<\/div>\n\t\t<\/div>\n\t\t\t\t\t<\/div>\n\t\t<\/section>\n\t\t\t\t<section class=\"has_eae_slider elementor-section elementor-top-section elementor-element elementor-element-dce3cc9 elementor-section-boxed elementor-section-height-default elementor-section-height-default\" data-eae-slider=\"29969\" data-id=\"dce3cc9\" data-element_type=\"section\" data-e-type=\"section\">\n\t\t\t\t\t\t<div class=\"elementor-container elementor-column-gap-default\">\n\t\t\t\t\t<div class=\"has_eae_slider elementor-column elementor-col-100 elementor-top-column elementor-element elementor-element-51fadd36\" data-eae-slider=\"96260\" data-id=\"51fadd36\" data-element_type=\"column\" data-e-type=\"column\">\n\t\t\t<div class=\"elementor-widget-wrap elementor-element-populated\">\n\t\t\t\t\t\t<section class=\"has_eae_slider elementor-section elementor-inner-section elementor-element elementor-element-4ff84d42 elementor-section-boxed elementor-section-height-default elementor-section-height-default\" data-eae-slider=\"80752\" data-id=\"4ff84d42\" data-element_type=\"section\" data-e-type=\"section\">\n\t\t\t\t\t\t<div class=\"elementor-container elementor-column-gap-default\">\n\t\t\t\t\t<div class=\"has_eae_slider elementor-column elementor-col-100 elementor-inner-column elementor-element elementor-element-e9c64a6\" data-eae-slider=\"90\" data-id=\"e9c64a6\" data-element_type=\"column\" data-e-type=\"column\">\n\t\t\t<div class=\"elementor-widget-wrap elementor-element-populated\">\n\t\t\t\t\t\t<div class=\"elementor-element elementor-element-3e6e9809 elementor-widget elementor-widget-text-editor\" data-id=\"3e6e9809\" data-element_type=\"widget\" data-e-type=\"widget\" data-widget_type=\"text-editor.default\">\n\t\t\t\t<div class=\"elementor-widget-container\">\n\t\t\t\t\t\t\t\t\t<p style=\"text-align: center;\"><span style=\"color: #993300;\"><strong>Training de Masaje Tantranz Parte 2:\u00a0 Trascendencia real: uniendo el sexo y el coraz\u00f3n.<\/strong><\/span><\/p><p>Aprenda el lenguaje espec\u00edfico para cada cuerpo en cada momento. Refinando su toque, haga de cada contacto \u00a0real \u00a0algo sagrado.<br \/>In this module, we practice the combination of rooted and subtle touch with more awareness of how to approach each individual.<br \/>Students learn to recognize what touch is needed in each patient in the Present Moment.<br \/>El objetivo es permitir la apertura y la expansi\u00f3n con contenci\u00f3n.<br \/>For this purpose we deepen the knowledge of Chakras and Energy Body.  We also teach how to read the patient and to elicit complicity for healing<br \/>Hence, we explore the inclusion of genital touch, awareness of rhythm, integration, pulse, and the gradual expansion of feeling into a sense of totality.<br \/>We combine the rise of energy that gives us power with a greater courage to feel each part of the way, allowing transformation rather than pushing the limit.<br \/>Utilizamos la Presencia y la Sensaci\u00f3n Sentida para acompa\u00f1ar el toque.<br \/>Ampliamos la capacidad de sentir, aceptar y compartir.<br \/>En la Parte 2 tambi\u00e9n abordamos c\u00f3mo trabajar una sesi\u00f3n con un paciente para todos aquellos interesados. Compartimos un protocolo b\u00e1sico de sesi\u00f3n individual.<br \/><br \/>Este Training Parte 1 y 2 es para personas interesadas en Aprender el Arte del Masaje T\u00e1ntrico<\/p><p style=\"padding-left: 40px;\">Become more aware through touch.<br \/>Offer TANTRANZ massage  sessions.<br \/>Develop  touch, sensuality, sexuality and energy movement in a safe environment.<br \/>Explore subtle energies learning how to distinguish the energy flux in different people.<br \/>Dissolve energy blocks in the body that can have an impact on other subtle bodies.<br \/>Improve communication between people.<br \/>Give each sex more knowledge about its own genre and about the opposite sex.<br \/>Dar m\u00e1s herramientas y destreza a terapeutas involucrados con sexualidad.<br \/>Integrate Sex with Meditation.<\/p>\t\t\t\t\t\t\t\t<\/div>\n\t\t\t\t<\/div>\n\t\t\t\t\t<\/div>\n\t\t<\/div>\n\t\t\t\t\t<\/div>\n\t\t<\/section>\n\t\t\t\t\t<\/div>\n\t\t<\/div>\n\t\t\t\t\t<\/div>\n\t\t<\/section>\n\t\t\t\t<\/div>","protected":false},"excerpt":{"rendered":"<p>Masaje Tantranz Training II Training de Masaje Tantranz Parte 2:\u00a0 Trascendencia real: uniendo el sexo y el coraz\u00f3n. Aprenda el lenguaje espec\u00edfico para cada cuerpo en cada momento. Refinando su toque, haga de cada contacto \u00a0real \u00a0algo sagrado.En este m\u00f3dulo, practicamos la combinaci\u00f3n de toques enraizados y sutiles con m\u00e1s consciencia de c\u00f3mo abordar a [&hellip;]<\/p>\n","protected":false},"author":1,"featured_media":0,"parent":501,"menu_order":0,"comment_status":"closed","ping_status":"closed","template":"","meta":{"ocean_post_layout":"full-width","ocean_both_sidebars_style":"","ocean_both_sidebars_content_width":0,"ocean_both_sidebars_sidebars_width":0,"ocean_sidebar":"0","ocean_second_sidebar":"0","ocean_disable_margins":"enable","ocean_add_body_class":"","ocean_shortcode_before_top_bar":"","ocean_shortcode_after_top_bar":"","ocean_shortcode_before_header":"","ocean_shortcode_after_header":"","ocean_has_shortcode":"","ocean_shortcode_after_title":"","ocean_shortcode_before_footer_widgets":"","ocean_shortcode_after_footer_widgets":"","ocean_shortcode_before_footer_bottom":"","ocean_shortcode_after_footer_bottom":"","ocean_display_top_bar":"on","ocean_display_header":"on","ocean_header_style":"","ocean_center_header_left_menu":"0","ocean_custom_header_template":"0","ocean_custom_logo":0,"ocean_custom_retina_logo":0,"ocean_custom_logo_max_width":0,"ocean_custom_logo_tablet_max_width":0,"ocean_custom_logo_mobile_max_width":0,"ocean_custom_logo_max_height":0,"ocean_custom_logo_tablet_max_height":0,"ocean_custom_logo_mobile_max_height":0,"ocean_header_custom_menu":"0","ocean_menu_typo_font_family":"0","ocean_menu_typo_font_subset":"","ocean_menu_typo_font_size":0,"ocean_menu_typo_font_size_tablet":0,"ocean_menu_typo_font_size_mobile":0,"ocean_menu_typo_font_size_unit":"px","ocean_menu_typo_font_weight":"","ocean_menu_typo_font_weight_tablet":"","ocean_menu_typo_font_weight_mobile":"","ocean_menu_typo_transform":"","ocean_menu_typo_transform_tablet":"","ocean_menu_typo_transform_mobile":"","ocean_menu_typo_line_height":0,"ocean_menu_typo_line_height_tablet":0,"ocean_menu_typo_line_height_mobile":0,"ocean_menu_typo_line_height_unit":"","ocean_menu_typo_spacing":0,"ocean_menu_typo_spacing_tablet":0,"ocean_menu_typo_spacing_mobile":0,"ocean_menu_typo_spacing_unit":"","ocean_menu_link_color":"","ocean_menu_link_color_hover":"","ocean_menu_link_color_active":"","ocean_menu_link_background":"","ocean_menu_link_hover_background":"","ocean_menu_link_active_background":"","ocean_menu_social_links_bg":"","ocean_menu_social_hover_links_bg":"","ocean_menu_social_links_color":"","ocean_menu_social_hover_links_color":"","ocean_disable_title":"on","ocean_disable_heading":"default","ocean_post_title":"","ocean_post_subheading":"","ocean_post_title_style":"","ocean_post_title_background_color":"","ocean_post_title_background":0,"ocean_post_title_bg_image_position":"","ocean_post_title_bg_image_attachment":"","ocean_post_title_bg_image_repeat":"","ocean_post_title_bg_image_size":"","ocean_post_title_height":0,"ocean_post_title_bg_overlay":0.5,"ocean_post_title_bg_overlay_color":"","ocean_disable_breadcrumbs":"default","ocean_breadcrumbs_color":"","ocean_breadcrumbs_separator_color":"","ocean_breadcrumbs_links_color":"","ocean_breadcrumbs_links_hover_color":"","ocean_display_footer_widgets":"default","ocean_display_footer_bottom":"default","ocean_custom_footer_template":"0","omw_enable_modal_window":"enable","osh_disable_topbar_sticky":"default","osh_disable_header_sticky":"default","osh_sticky_header_style":"default","osh_sticky_header_effect":"","osh_custom_sticky_logo":0,"osh_custom_retina_sticky_logo":0,"osh_custom_sticky_logo_height":0,"osh_background_color":"","osh_links_color":"","osh_links_hover_color":"","osh_links_active_color":"","osh_links_bg_color":"","osh_links_hover_bg_color":"","osh_links_active_bg_color":"","osh_menu_social_links_color":"","osh_menu_social_hover_links_color":"","_joinchat":[],"footnotes":""},"class_list":["post-1593","page","type-page","status-publish","hentry","entry"],"_links":{"self":[{"href":"https:\/\/tantranz.com\/en\/wp-json\/wp\/v2\/pages\/1593","targetHints":{"allow":["GET"]}}],"collection":[{"href":"https:\/\/tantranz.com\/en\/wp-json\/wp\/v2\/pages"}],"about":[{"href":"https:\/\/tantranz.com\/en\/wp-json\/wp\/v2\/types\/page"}],"author":[{"embeddable":true,"href":"https:\/\/tantranz.com\/en\/wp-json\/wp\/v2\/users\/1"}],"replies":[{"embeddable":true,"href":"https:\/\/tantranz.com\/en\/wp-json\/wp\/v2\/comments?post=1593"}],"version-history":[{"count":8,"href":"https:\/\/tantranz.com\/en\/wp-json\/wp\/v2\/pages\/1593\/revisions"}],"predecessor-version":[{"id":4608,"href":"https:\/\/tantranz.com\/en\/wp-json\/wp\/v2\/pages\/1593\/revisions\/4608"}],"up":[{"embeddable":true,"href":"https:\/\/tantranz.com\/en\/wp-json\/wp\/v2\/pages\/501"}],"wp:attachment":[{"href":"https:\/\/tantranz.com\/en\/wp-json\/wp\/v2\/media?parent=1593"}],"curies":[{"name":"wp","href":"https:\/\/api.w.org\/{rel}","templated":true}]}}