{"id":1597,"date":"2019-09-05T02:10:04","date_gmt":"2019-09-05T02:10:04","guid":{"rendered":"http:\/\/tantranz.com\/?page_id=1597"},"modified":"2021-03-02T22:54:14","modified_gmt":"2021-03-03T01:54:14","slug":"mastrainingcachemira","status":"publish","type":"page","link":"https:\/\/tantranz.com\/en\/programs\/mastrainingcachemira\/","title":{"rendered":"mastrainingcachemira"},"content":{"rendered":"<div data-elementor-type=\"wp-post\" data-elementor-id=\"1597\" class=\"elementor elementor-1597\">\n\t\t\t\t\t\t<section class=\"has_eae_slider elementor-section elementor-top-section elementor-element elementor-element-784908d3 elementor-section-boxed elementor-section-height-default elementor-section-height-default\" data-eae-slider=\"38280\" data-id=\"784908d3\" data-element_type=\"section\" data-e-type=\"section\">\n\t\t\t\t\t\t<div class=\"elementor-container elementor-column-gap-default\">\n\t\t\t\t\t<div class=\"has_eae_slider elementor-column elementor-col-100 elementor-top-column elementor-element elementor-element-4611654a\" data-eae-slider=\"66068\" data-id=\"4611654a\" data-element_type=\"column\" data-e-type=\"column\">\n\t\t\t<div class=\"elementor-widget-wrap elementor-element-populated\">\n\t\t\t\t\t\t<div class=\"elementor-element elementor-element-41beb5e3 elementor-widget elementor-widget-heading\" data-id=\"41beb5e3\" data-element_type=\"widget\" data-e-type=\"widget\" data-widget_type=\"heading.default\">\n\t\t\t\t<div class=\"elementor-widget-container\">\n\t\t\t\t\t<h2 class=\"elementor-heading-title elementor-size-default\">Training Masaje de Cachemira<\/h2>\t\t\t\t<\/div>\n\t\t\t\t<\/div>\n\t\t\t\t\t<\/div>\n\t\t<\/div>\n\t\t\t\t\t<\/div>\n\t\t<\/section>\n\t\t\t\t<section class=\"has_eae_slider elementor-section elementor-top-section elementor-element elementor-element-52d6f3b elementor-section-boxed elementor-section-height-default elementor-section-height-default\" data-eae-slider=\"78156\" data-id=\"52d6f3b\" data-element_type=\"section\" data-e-type=\"section\">\n\t\t\t\t\t\t<div class=\"elementor-container elementor-column-gap-default\">\n\t\t\t\t\t<div class=\"has_eae_slider elementor-column elementor-col-33 elementor-top-column elementor-element elementor-element-3ac5529c\" data-eae-slider=\"2852\" data-id=\"3ac5529c\" data-element_type=\"column\" data-e-type=\"column\">\n\t\t\t<div class=\"elementor-widget-wrap\">\n\t\t\t\t\t\t\t<\/div>\n\t\t<\/div>\n\t\t\t\t<div class=\"has_eae_slider elementor-column elementor-col-33 elementor-top-column elementor-element elementor-element-4cc2b788\" data-eae-slider=\"43463\" data-id=\"4cc2b788\" data-element_type=\"column\" data-e-type=\"column\">\n\t\t\t<div class=\"elementor-widget-wrap elementor-element-populated\">\n\t\t\t\t\t\t<div class=\"elementor-element elementor-element-1a0244e9 elementor-widget elementor-widget-image\" data-id=\"1a0244e9\" data-element_type=\"widget\" data-e-type=\"widget\" data-widget_type=\"image.default\">\n\t\t\t\t<div class=\"elementor-widget-container\">\n\t\t\t\t\t\t\t\t\t\t\t\t\t\t\t<img decoding=\"async\" width=\"300\" height=\"151\" src=\"https:\/\/tantranz.com\/wp-content\/uploads\/2021\/03\/tantranztraining-1-300x151.jpg\" class=\"attachment-medium size-medium wp-image-2812\" alt=\"\" srcset=\"https:\/\/tantranz.com\/wp-content\/uploads\/2021\/03\/tantranztraining-1-300x151.jpg 300w, https:\/\/tantranz.com\/wp-content\/uploads\/2021\/03\/tantranztraining-1-1024x514.jpg 1024w, https:\/\/tantranz.com\/wp-content\/uploads\/2021\/03\/tantranztraining-1-768x385.jpg 768w, https:\/\/tantranz.com\/wp-content\/uploads\/2021\/03\/tantranztraining-1.jpg 1054w\" sizes=\"(max-width: 300px) 100vw, 300px\" \/>\t\t\t\t\t\t\t\t\t\t\t\t\t\t\t<\/div>\n\t\t\t\t<\/div>\n\t\t\t\t\t<\/div>\n\t\t<\/div>\n\t\t\t\t<div class=\"has_eae_slider elementor-column elementor-col-33 elementor-top-column elementor-element elementor-element-37736847\" data-eae-slider=\"60227\" data-id=\"37736847\" data-element_type=\"column\" data-e-type=\"column\">\n\t\t\t<div class=\"elementor-widget-wrap\">\n\t\t\t\t\t\t\t<\/div>\n\t\t<\/div>\n\t\t\t\t\t<\/div>\n\t\t<\/section>\n\t\t\t\t<section class=\"has_eae_slider elementor-section elementor-top-section elementor-element elementor-element-f9a63d0 elementor-section-boxed elementor-section-height-default elementor-section-height-default\" data-eae-slider=\"50958\" data-id=\"f9a63d0\" data-element_type=\"section\" data-e-type=\"section\">\n\t\t\t\t\t\t<div class=\"elementor-container elementor-column-gap-default\">\n\t\t\t\t\t<div class=\"has_eae_slider elementor-column elementor-col-100 elementor-top-column elementor-element elementor-element-62841b97\" data-eae-slider=\"53716\" data-id=\"62841b97\" data-element_type=\"column\" data-e-type=\"column\">\n\t\t\t<div class=\"elementor-widget-wrap elementor-element-populated\">\n\t\t\t\t\t\t<section class=\"has_eae_slider elementor-section elementor-inner-section elementor-element elementor-element-2b3aa2aa elementor-section-boxed elementor-section-height-default elementor-section-height-default\" data-eae-slider=\"3528\" data-id=\"2b3aa2aa\" data-element_type=\"section\" data-e-type=\"section\">\n\t\t\t\t\t\t<div class=\"elementor-container elementor-column-gap-default\">\n\t\t\t\t\t<div class=\"has_eae_slider elementor-column elementor-col-100 elementor-inner-column elementor-element elementor-element-3bd3445b\" data-eae-slider=\"44115\" data-id=\"3bd3445b\" data-element_type=\"column\" data-e-type=\"column\">\n\t\t\t<div class=\"elementor-widget-wrap elementor-element-populated\">\n\t\t\t\t\t\t<div class=\"elementor-element elementor-element-7447ec7e elementor-widget elementor-widget-text-editor\" data-id=\"7447ec7e\" data-element_type=\"widget\" data-e-type=\"widget\" data-widget_type=\"text-editor.default\">\n\t\t\t\t<div class=\"elementor-widget-container\">\n\t\t\t\t\t\t\t\t\t<p><em>The Tantranz Massage of Kashmir teaches us to experience relating from the spherical universe of tantra, exploring the connection with ourselves, with others and with transcendence through contact, breathing and movement.<\/em><\/p><p><strong>It is practiced with oil between fellow tantrikas in a safe and loving space. It is not a genital massage, nor does it involve invasive touch.  It is learning to play with the Presence and fluidity of no-mind. It is pure poetry in motion. <\/strong>No es un masaje genital, ni involucra toques invasivos. \u00a0Es aprender a tocar con la Presencia y fluidez de la no-mente.<\/p><p><strong>\u00a0<\/strong><strong>Es pura poes\u00eda en movimiento<\/strong><strong>.<\/strong><\/p><p>\"The body is consciousness, consciousness is totality\u201d Daniel Odier \u00a0<\/p><p>Una comprensi\u00f3n de entrar en contacto desde la Presencia, sin otra intenci\u00f3n que la de Crear Espacio&#8230; \u00aby cuando el espacio est\u00e1 preparado, el el Todo fluye dentro.\u00bbOsho.<\/p><p>Qu\u00e9 aprendemos:<\/p><p>Aprender\u00e1n la pr\u00e1ctica de una confianza corporal en diferentes tipos de toques escuchando paso a paso lo que cada cuerpo pide.<\/p><p>La esfericidad, la respiraci\u00f3n circular y la percepci\u00f3n del espacio en el contacto ser\u00e1n nuestras maestras. \u00a0 La meditaci\u00f3n\/danza Tandava, nuestro m\u00e9todo. \u00a0 Daniel Odier y\u00a0 Osho nuestros inspiradores.<\/p><p>As\u00ed, integraremos nuestras emociones relaj\u00e1ndonos en la intensidad.\u00a0 Una vitalidad plena y apasible.<\/p><p><em>\u00abToda emoci\u00f3n emerge de la tranquilidad \u00a0y all\u00ed retorna despu\u00e9s de un periplo circular. \u00a0Cada eclosi\u00f3n que acompa\u00f1amos a su fuente nos conduce a la \u00a0tranquilidad sin dejar residuos inconscientes. .. No hay pasado, todo se hace en la inmediatez del ardor del corazon\u00bb Daniel Odier \u00a0<u>L\u00b4incendie du coeur<\/u><\/em><\/p>\t\t\t\t\t\t\t\t<\/div>\n\t\t\t\t<\/div>\n\t\t\t\t\t<\/div>\n\t\t<\/div>\n\t\t\t\t\t<\/div>\n\t\t<\/section>\n\t\t\t\t\t<\/div>\n\t\t<\/div>\n\t\t\t\t\t<\/div>\n\t\t<\/section>\n\t\t\t\t<\/div>","protected":false},"excerpt":{"rendered":"<p>Training Masaje de Cachemira El Masaje Tantranz de Cachemira nos ense\u00f1a a vivenciar la vincularidad desde el universo esf\u00e9rico del tantra, explorando el v\u00ednculo con nosotros mismos, con otros y con la trascendencia a trav\u00e9s del contacto, la respiraci\u00f3n y el movimiento. Se practica con aceite entre compa\u00f1eros de camino en un espacio seguro y [&hellip;]<\/p>\n","protected":false},"author":1,"featured_media":0,"parent":501,"menu_order":0,"comment_status":"closed","ping_status":"closed","template":"","meta":{"ocean_post_layout":"full-width","ocean_both_sidebars_style":"","ocean_both_sidebars_content_width":0,"ocean_both_sidebars_sidebars_width":0,"ocean_sidebar":"0","ocean_second_sidebar":"0","ocean_disable_margins":"enable","ocean_add_body_class":"","ocean_shortcode_before_top_bar":"","ocean_shortcode_after_top_bar":"","ocean_shortcode_before_header":"","ocean_shortcode_after_header":"","ocean_has_shortcode":"","ocean_shortcode_after_title":"","ocean_shortcode_before_footer_widgets":"","ocean_shortcode_after_footer_widgets":"","ocean_shortcode_before_footer_bottom":"","ocean_shortcode_after_footer_bottom":"","ocean_display_top_bar":"on","ocean_display_header":"on","ocean_header_style":"","ocean_center_header_left_menu":"0","ocean_custom_header_template":"0","ocean_custom_logo":0,"ocean_custom_retina_logo":0,"ocean_custom_logo_max_width":0,"ocean_custom_logo_tablet_max_width":0,"ocean_custom_logo_mobile_max_width":0,"ocean_custom_logo_max_height":0,"ocean_custom_logo_tablet_max_height":0,"ocean_custom_logo_mobile_max_height":0,"ocean_header_custom_menu":"0","ocean_menu_typo_font_family":"0","ocean_menu_typo_font_subset":"","ocean_menu_typo_font_size":0,"ocean_menu_typo_font_size_tablet":0,"ocean_menu_typo_font_size_mobile":0,"ocean_menu_typo_font_size_unit":"px","ocean_menu_typo_font_weight":"","ocean_menu_typo_font_weight_tablet":"","ocean_menu_typo_font_weight_mobile":"","ocean_menu_typo_transform":"","ocean_menu_typo_transform_tablet":"","ocean_menu_typo_transform_mobile":"","ocean_menu_typo_line_height":0,"ocean_menu_typo_line_height_tablet":0,"ocean_menu_typo_line_height_mobile":0,"ocean_menu_typo_line_height_unit":"","ocean_menu_typo_spacing":0,"ocean_menu_typo_spacing_tablet":0,"ocean_menu_typo_spacing_mobile":0,"ocean_menu_typo_spacing_unit":"","ocean_menu_link_color":"","ocean_menu_link_color_hover":"","ocean_menu_link_color_active":"","ocean_menu_link_background":"","ocean_menu_link_hover_background":"","ocean_menu_link_active_background":"","ocean_menu_social_links_bg":"","ocean_menu_social_hover_links_bg":"","ocean_menu_social_links_color":"","ocean_menu_social_hover_links_color":"","ocean_disable_title":"on","ocean_disable_heading":"default","ocean_post_title":"","ocean_post_subheading":"","ocean_post_title_style":"","ocean_post_title_background_color":"","ocean_post_title_background":0,"ocean_post_title_bg_image_position":"","ocean_post_title_bg_image_attachment":"","ocean_post_title_bg_image_repeat":"","ocean_post_title_bg_image_size":"","ocean_post_title_height":0,"ocean_post_title_bg_overlay":0.5,"ocean_post_title_bg_overlay_color":"","ocean_disable_breadcrumbs":"default","ocean_breadcrumbs_color":"","ocean_breadcrumbs_separator_color":"","ocean_breadcrumbs_links_color":"","ocean_breadcrumbs_links_hover_color":"","ocean_display_footer_widgets":"default","ocean_display_footer_bottom":"default","ocean_custom_footer_template":"0","omw_enable_modal_window":"enable","osh_disable_topbar_sticky":"default","osh_disable_header_sticky":"default","osh_sticky_header_style":"default","osh_sticky_header_effect":"","osh_custom_sticky_logo":0,"osh_custom_retina_sticky_logo":0,"osh_custom_sticky_logo_height":0,"osh_background_color":"","osh_links_color":"","osh_links_hover_color":"","osh_links_active_color":"","osh_links_bg_color":"","osh_links_hover_bg_color":"","osh_links_active_bg_color":"","osh_menu_social_links_color":"","osh_menu_social_hover_links_color":"","_joinchat":[],"footnotes":""},"class_list":["post-1597","page","type-page","status-publish","hentry","entry"],"_links":{"self":[{"href":"https:\/\/tantranz.com\/en\/wp-json\/wp\/v2\/pages\/1597","targetHints":{"allow":["GET"]}}],"collection":[{"href":"https:\/\/tantranz.com\/en\/wp-json\/wp\/v2\/pages"}],"about":[{"href":"https:\/\/tantranz.com\/en\/wp-json\/wp\/v2\/types\/page"}],"author":[{"embeddable":true,"href":"https:\/\/tantranz.com\/en\/wp-json\/wp\/v2\/users\/1"}],"replies":[{"embeddable":true,"href":"https:\/\/tantranz.com\/en\/wp-json\/wp\/v2\/comments?post=1597"}],"version-history":[{"count":6,"href":"https:\/\/tantranz.com\/en\/wp-json\/wp\/v2\/pages\/1597\/revisions"}],"predecessor-version":[{"id":2884,"href":"https:\/\/tantranz.com\/en\/wp-json\/wp\/v2\/pages\/1597\/revisions\/2884"}],"up":[{"embeddable":true,"href":"https:\/\/tantranz.com\/en\/wp-json\/wp\/v2\/pages\/501"}],"wp:attachment":[{"href":"https:\/\/tantranz.com\/en\/wp-json\/wp\/v2\/media?parent=1597"}],"curies":[{"name":"wp","href":"https:\/\/api.w.org\/{rel}","templated":true}]}}