{"id":1608,"date":"2019-09-05T02:17:13","date_gmt":"2019-09-05T02:17:13","guid":{"rendered":"http:\/\/tantranz.com\/?page_id=1608"},"modified":"2020-05-21T19:46:02","modified_gmt":"2020-05-21T22:46:02","slug":"natural","status":"publish","type":"page","link":"https:\/\/tantranz.com\/en\/programs\/natural\/","title":{"rendered":"natural"},"content":{"rendered":"<div data-elementor-type=\"wp-post\" data-elementor-id=\"1608\" class=\"elementor elementor-1608\">\n\t\t\t\t\t\t<section class=\"has_eae_slider elementor-section elementor-top-section elementor-element elementor-element-470df1a3 elementor-section-boxed elementor-section-height-default elementor-section-height-default\" data-eae-slider=\"27533\" data-id=\"470df1a3\" data-element_type=\"section\" data-e-type=\"section\">\n\t\t\t\t\t\t<div class=\"elementor-container elementor-column-gap-default\">\n\t\t\t\t\t<div class=\"has_eae_slider elementor-column elementor-col-100 elementor-top-column elementor-element elementor-element-db5c3f9\" data-eae-slider=\"7388\" data-id=\"db5c3f9\" data-element_type=\"column\" data-e-type=\"column\">\n\t\t\t<div class=\"elementor-widget-wrap elementor-element-populated\">\n\t\t\t\t\t\t<div class=\"elementor-element elementor-element-315d4a05 elementor-widget elementor-widget-heading\" data-id=\"315d4a05\" data-element_type=\"widget\" data-e-type=\"widget\" data-widget_type=\"heading.default\">\n\t\t\t\t<div class=\"elementor-widget-container\">\n\t\t\t\t\t<h2 class=\"elementor-heading-title elementor-size-default\">Natural<\/h2>\t\t\t\t<\/div>\n\t\t\t\t<\/div>\n\t\t\t\t\t<\/div>\n\t\t<\/div>\n\t\t\t\t\t<\/div>\n\t\t<\/section>\n\t\t\t\t<section class=\"has_eae_slider elementor-section elementor-top-section elementor-element elementor-element-5fd6739a elementor-section-boxed elementor-section-height-default elementor-section-height-default\" data-eae-slider=\"1490\" data-id=\"5fd6739a\" data-element_type=\"section\" data-e-type=\"section\">\n\t\t\t\t\t\t<div class=\"elementor-container elementor-column-gap-default\">\n\t\t\t\t\t<div class=\"has_eae_slider elementor-column elementor-col-33 elementor-top-column elementor-element elementor-element-67962ac7\" data-eae-slider=\"92935\" data-id=\"67962ac7\" data-element_type=\"column\" data-e-type=\"column\">\n\t\t\t<div class=\"elementor-widget-wrap\">\n\t\t\t\t\t\t\t<\/div>\n\t\t<\/div>\n\t\t\t\t<div class=\"has_eae_slider elementor-column elementor-col-33 elementor-top-column elementor-element elementor-element-68f807e3\" data-eae-slider=\"22017\" data-id=\"68f807e3\" data-element_type=\"column\" data-e-type=\"column\">\n\t\t\t<div class=\"elementor-widget-wrap elementor-element-populated\">\n\t\t\t\t\t\t<div class=\"elementor-element elementor-element-08ed7b7 elementor-widget elementor-widget-video\" data-id=\"08ed7b7\" data-element_type=\"widget\" data-e-type=\"widget\" data-settings=\"{&quot;youtube_url&quot;:&quot;https:\\\/\\\/youtu.be\\\/aQzgvvv7slI&quot;,&quot;video_type&quot;:&quot;youtube&quot;,&quot;controls&quot;:&quot;yes&quot;}\" data-widget_type=\"video.default\">\n\t\t\t\t<div class=\"elementor-widget-container\">\n\t\t\t\t\t\t\t<div class=\"elementor-wrapper elementor-open-inline\">\n\t\t\t<div class=\"elementor-video\"><\/div>\t\t<\/div>\n\t\t\t\t\t\t<\/div>\n\t\t\t\t<\/div>\n\t\t\t\t\t<\/div>\n\t\t<\/div>\n\t\t\t\t<div class=\"has_eae_slider elementor-column elementor-col-33 elementor-top-column elementor-element elementor-element-7006143c\" data-eae-slider=\"71153\" data-id=\"7006143c\" data-element_type=\"column\" data-e-type=\"column\">\n\t\t\t<div class=\"elementor-widget-wrap\">\n\t\t\t\t\t\t\t<\/div>\n\t\t<\/div>\n\t\t\t\t\t<\/div>\n\t\t<\/section>\n\t\t\t\t<section class=\"has_eae_slider elementor-section elementor-top-section elementor-element elementor-element-670deaf8 elementor-section-boxed elementor-section-height-default elementor-section-height-default\" data-eae-slider=\"45826\" data-id=\"670deaf8\" data-element_type=\"section\" data-e-type=\"section\">\n\t\t\t\t\t\t<div class=\"elementor-container elementor-column-gap-default\">\n\t\t\t\t\t<div class=\"has_eae_slider elementor-column elementor-col-100 elementor-top-column elementor-element elementor-element-220d1613\" data-eae-slider=\"68016\" data-id=\"220d1613\" data-element_type=\"column\" data-e-type=\"column\">\n\t\t\t<div class=\"elementor-widget-wrap elementor-element-populated\">\n\t\t\t\t\t\t<section class=\"has_eae_slider elementor-section elementor-inner-section elementor-element elementor-element-5b9779fc elementor-section-boxed elementor-section-height-default elementor-section-height-default\" data-eae-slider=\"2769\" data-id=\"5b9779fc\" data-element_type=\"section\" data-e-type=\"section\">\n\t\t\t\t\t\t<div class=\"elementor-container elementor-column-gap-default\">\n\t\t\t\t\t<div class=\"has_eae_slider elementor-column elementor-col-100 elementor-inner-column elementor-element elementor-element-4f81ccb8\" data-eae-slider=\"41090\" data-id=\"4f81ccb8\" data-element_type=\"column\" data-e-type=\"column\">\n\t\t\t<div class=\"elementor-widget-wrap elementor-element-populated\">\n\t\t\t\t\t\t<div class=\"elementor-element elementor-element-5766d8bd elementor-widget elementor-widget-text-editor\" data-id=\"5766d8bd\" data-element_type=\"widget\" data-e-type=\"widget\" data-widget_type=\"text-editor.default\">\n\t\t\t\t<div class=\"elementor-widget-container\">\n\t\t\t\t\t\t\t\t\t<p><strong><em>Tantranz Training Internacional \u201cLa Reserva Naturaleza+Arte,\u201dBuenos Aires, ARGENTINA<\/em><\/strong><\/p>\n<p><strong>Meditar, danzar, contemplar, tocar y ser tocado con amor, abriendo&nbsp; el coraz\u00f3n en medio de la naturaleza es la mejor manera de facilitar el propio proceso y aprender como iniciar a otros.&nbsp; <\/strong><\/p>\n<p><strong>Este retiro nos prepara en cuerpo y alma para recibir y transmitir diferentes t\u00e9cnicas de Meditaci\u00f3n Osho y el arte del Masaje Tantranz.<\/strong><\/p>\n<p>La Meditaci\u00f3n es hoy una herramienta esencial para la salud, la relajaci\u00f3n y la claridad.<\/p>\n<p>Las t\u00e9cnicas de meditaci\u00f3n Osho nos brindan adem\u00e1s una posibilidad de revitalizarnos, desarrollar nuestro verdadero potencial y vincularnos mejor con nuestro cuerpo, con los dem\u00e1s y con el entorno.<\/p>\n<p>El Masaje Tantranz es un entrenamiento en el arte del toque T\u00e1ntrico, producto de m\u00e1s de 20 a\u00f1os de investigaci\u00f3n en toque y en Tantra.&nbsp; Convoca la energ\u00eda, desbloquea, moviliza e integra desde la Presencia, dejando una sensaci\u00f3n de expansi\u00f3n y alegr\u00eda.&nbsp; Mejora el v\u00ednculo con nuestro cuerpo, con los dem\u00e1s y con la vida.<\/p>\n<p><strong>Te invitamos a pasar 13 d\u00edas de depuraci\u00f3n, descanso y revitalizaci\u00f3n, en una reserva natural de animales aut\u00f3ctonos, con bosques cham\u00e1nicos, salones de meditaci\u00f3n y una alimentaci\u00f3n sana y deliciosa\u2026e s\u00f3lo una hora de la capital federal.&nbsp; <\/strong><\/p>\n<p>&nbsp;<strong><u><a href=\"http:\/\/www.lareservanatmasarte.com.ar\/esp\/index.html\">http:\/\/www.lareservanatmasarte.com.ar\/esp\/index.html<\/a><\/u><\/strong><\/p>\n<p><strong><u>&nbsp;<\/u><\/strong><\/p>\n<p><strong>El Retiro incluye<\/strong><\/p>\n<p style=\"padding-left: 40px;\">Entrenamiento que permite facilitar Meditaciones Osho.<\/p>\n<p style=\"padding-left: 40px;\">M\u00fasica en vivo, celebraci\u00f3n y ceremonias en una de las reservas naturales m\u00e1s encantadoras en las h\u00famedas pampas de la Argentina.<\/p>\n<p style=\"padding-left: 40px;\">Pileta con vista panor\u00e1mica, bosques chamanicos y fog\u00f3n nocturno.<\/p>\n<p style=\"padding-left: 40px;\">Alimentaci\u00f3n sana y deliciosa.<\/p>\n<p style=\"padding-left: 40px;\">Alojamiento en habitaciones dobles,o triples, vistas al lago, aire acondicionado y ba\u00f1o privado.<\/p>\t\t\t\t\t\t\t\t<\/div>\n\t\t\t\t<\/div>\n\t\t\t\t\t<\/div>\n\t\t<\/div>\n\t\t\t\t\t<\/div>\n\t\t<\/section>\n\t\t\t\t\t<\/div>\n\t\t<\/div>\n\t\t\t\t\t<\/div>\n\t\t<\/section>\n\t\t\t\t<\/div>","protected":false},"excerpt":{"rendered":"<p>Natural https:\/\/youtu.be\/aQzgvvv7slI Tantranz Training Internacional \u201cLa Reserva Naturaleza+Arte,\u201dBuenos Aires, ARGENTINA Meditar, danzar, contemplar, tocar y ser tocado con amor, abriendo&nbsp; el coraz\u00f3n en medio de la naturaleza es la mejor manera de facilitar el propio proceso y aprender como iniciar a otros.&nbsp; Este retiro nos prepara en cuerpo y alma para recibir y transmitir diferentes [&hellip;]<\/p>\n","protected":false},"author":1,"featured_media":0,"parent":501,"menu_order":0,"comment_status":"closed","ping_status":"closed","template":"","meta":{"ocean_post_layout":"full-width","ocean_both_sidebars_style":"","ocean_both_sidebars_content_width":0,"ocean_both_sidebars_sidebars_width":0,"ocean_sidebar":"0","ocean_second_sidebar":"0","ocean_disable_margins":"enable","ocean_add_body_class":"","ocean_shortcode_before_top_bar":"","ocean_shortcode_after_top_bar":"","ocean_shortcode_before_header":"","ocean_shortcode_after_header":"","ocean_has_shortcode":"","ocean_shortcode_after_title":"","ocean_shortcode_before_footer_widgets":"","ocean_shortcode_after_footer_widgets":"","ocean_shortcode_before_footer_bottom":"","ocean_shortcode_after_footer_bottom":"","ocean_display_top_bar":"on","ocean_display_header":"on","ocean_header_style":"","ocean_center_header_left_menu":"0","ocean_custom_header_template":"0","ocean_custom_logo":0,"ocean_custom_retina_logo":0,"ocean_custom_logo_max_width":0,"ocean_custom_logo_tablet_max_width":0,"ocean_custom_logo_mobile_max_width":0,"ocean_custom_logo_max_height":0,"ocean_custom_logo_tablet_max_height":0,"ocean_custom_logo_mobile_max_height":0,"ocean_header_custom_menu":"0","ocean_menu_typo_font_family":"0","ocean_menu_typo_font_subset":"","ocean_menu_typo_font_size":0,"ocean_menu_typo_font_size_tablet":0,"ocean_menu_typo_font_size_mobile":0,"ocean_menu_typo_font_size_unit":"px","ocean_menu_typo_font_weight":"","ocean_menu_typo_font_weight_tablet":"","ocean_menu_typo_font_weight_mobile":"","ocean_menu_typo_transform":"","ocean_menu_typo_transform_tablet":"","ocean_menu_typo_transform_mobile":"","ocean_menu_typo_line_height":0,"ocean_menu_typo_line_height_tablet":0,"ocean_menu_typo_line_height_mobile":0,"ocean_menu_typo_line_height_unit":"","ocean_menu_typo_spacing":0,"ocean_menu_typo_spacing_tablet":0,"ocean_menu_typo_spacing_mobile":0,"ocean_menu_typo_spacing_unit":"","ocean_menu_link_color":"","ocean_menu_link_color_hover":"","ocean_menu_link_color_active":"","ocean_menu_link_background":"","ocean_menu_link_hover_background":"","ocean_menu_link_active_background":"","ocean_menu_social_links_bg":"","ocean_menu_social_hover_links_bg":"","ocean_menu_social_links_color":"","ocean_menu_social_hover_links_color":"","ocean_disable_title":"on","ocean_disable_heading":"default","ocean_post_title":"","ocean_post_subheading":"","ocean_post_title_style":"","ocean_post_title_background_color":"","ocean_post_title_background":0,"ocean_post_title_bg_image_position":"","ocean_post_title_bg_image_attachment":"","ocean_post_title_bg_image_repeat":"","ocean_post_title_bg_image_size":"","ocean_post_title_height":0,"ocean_post_title_bg_overlay":0.5,"ocean_post_title_bg_overlay_color":"","ocean_disable_breadcrumbs":"default","ocean_breadcrumbs_color":"","ocean_breadcrumbs_separator_color":"","ocean_breadcrumbs_links_color":"","ocean_breadcrumbs_links_hover_color":"","ocean_display_footer_widgets":"default","ocean_display_footer_bottom":"default","ocean_custom_footer_template":"0","omw_enable_modal_window":"enable","osh_disable_topbar_sticky":"default","osh_disable_header_sticky":"default","osh_sticky_header_style":"default","osh_sticky_header_effect":"","osh_custom_sticky_logo":0,"osh_custom_retina_sticky_logo":0,"osh_custom_sticky_logo_height":0,"osh_background_color":"","osh_links_color":"","osh_links_hover_color":"","osh_links_active_color":"","osh_links_bg_color":"","osh_links_hover_bg_color":"","osh_links_active_bg_color":"","osh_menu_social_links_color":"","osh_menu_social_hover_links_color":"","_joinchat":[],"footnotes":""},"class_list":["post-1608","page","type-page","status-publish","hentry","entry"],"_links":{"self":[{"href":"https:\/\/tantranz.com\/en\/wp-json\/wp\/v2\/pages\/1608","targetHints":{"allow":["GET"]}}],"collection":[{"href":"https:\/\/tantranz.com\/en\/wp-json\/wp\/v2\/pages"}],"about":[{"href":"https:\/\/tantranz.com\/en\/wp-json\/wp\/v2\/types\/page"}],"author":[{"embeddable":true,"href":"https:\/\/tantranz.com\/en\/wp-json\/wp\/v2\/users\/1"}],"replies":[{"embeddable":true,"href":"https:\/\/tantranz.com\/en\/wp-json\/wp\/v2\/comments?post=1608"}],"version-history":[{"count":6,"href":"https:\/\/tantranz.com\/en\/wp-json\/wp\/v2\/pages\/1608\/revisions"}],"predecessor-version":[{"id":2284,"href":"https:\/\/tantranz.com\/en\/wp-json\/wp\/v2\/pages\/1608\/revisions\/2284"}],"up":[{"embeddable":true,"href":"https:\/\/tantranz.com\/en\/wp-json\/wp\/v2\/pages\/501"}],"wp:attachment":[{"href":"https:\/\/tantranz.com\/en\/wp-json\/wp\/v2\/media?parent=1608"}],"curies":[{"name":"wp","href":"https:\/\/api.w.org\/{rel}","templated":true}]}}