{"id":1612,"date":"2019-09-05T02:23:14","date_gmt":"2019-09-05T02:23:14","guid":{"rendered":"http:\/\/tantranz.com\/?page_id=1612"},"modified":"2023-05-29T13:37:17","modified_gmt":"2023-05-29T16:37:17","slug":"meditacionterapia","status":"publish","type":"page","link":"https:\/\/tantranz.com\/en\/programs\/meditacionterapia\/","title":{"rendered":"meditacionterapia"},"content":{"rendered":"\t\t<div data-elementor-type=\"wp-post\" data-elementor-id=\"1612\" class=\"elementor elementor-1612\">\n\t\t\t\t\t\t<section class=\"has_eae_slider elementor-section elementor-top-section elementor-element elementor-element-34824cc elementor-section-boxed elementor-section-height-default elementor-section-height-default\" data-eae-slider=\"94944\" data-id=\"34824cc\" data-element_type=\"section\" data-e-type=\"section\">\n\t\t\t\t\t\t<div class=\"elementor-container elementor-column-gap-default\">\n\t\t\t\t\t<div class=\"has_eae_slider elementor-column elementor-col-100 elementor-top-column elementor-element elementor-element-7e64431a\" data-eae-slider=\"62875\" data-id=\"7e64431a\" data-element_type=\"column\" data-e-type=\"column\">\n\t\t\t<div class=\"elementor-widget-wrap elementor-element-populated\">\n\t\t\t\t\t\t<div class=\"elementor-element elementor-element-713c7b6d elementor-widget elementor-widget-heading\" data-id=\"713c7b6d\" data-element_type=\"widget\" data-e-type=\"widget\" data-widget_type=\"heading.default\">\n\t\t\t\t<div class=\"elementor-widget-container\">\n\t\t\t\t\t<h2 class=\"elementor-heading-title elementor-size-default\">La meditaci\u00f3n como Terapia<\/h2>\t\t\t\t<\/div>\n\t\t\t\t<\/div>\n\t\t\t\t\t<\/div>\n\t\t<\/div>\n\t\t\t\t\t<\/div>\n\t\t<\/section>\n\t\t\t\t<section class=\"has_eae_slider elementor-section elementor-top-section elementor-element elementor-element-54ce5265 elementor-section-boxed elementor-section-height-default elementor-section-height-default\" data-eae-slider=\"166\" data-id=\"54ce5265\" data-element_type=\"section\" data-e-type=\"section\">\n\t\t\t\t\t\t<div class=\"elementor-container elementor-column-gap-default\">\n\t\t\t\t\t<div class=\"has_eae_slider elementor-column elementor-col-33 elementor-top-column elementor-element elementor-element-389e1e0f\" data-eae-slider=\"65928\" data-id=\"389e1e0f\" data-element_type=\"column\" data-e-type=\"column\">\n\t\t\t<div class=\"elementor-widget-wrap elementor-element-populated\">\n\t\t\t\t\t\t<div class=\"elementor-element elementor-element-fb082c9 elementor-widget elementor-widget-image\" data-id=\"fb082c9\" data-element_type=\"widget\" data-e-type=\"widget\" data-widget_type=\"image.default\">\n\t\t\t\t<div class=\"elementor-widget-container\">\n\t\t\t\t\t\t\t\t\t\t\t\t\t\t\t<img fetchpriority=\"high\" decoding=\"async\" width=\"300\" height=\"204\" src=\"https:\/\/tantranz.com\/wp-content\/uploads\/2020\/05\/medterapia1-300.jpg\" class=\"attachment-medium size-medium wp-image-2280\" alt=\"\" \/>\t\t\t\t\t\t\t\t\t\t\t\t\t\t\t<\/div>\n\t\t\t\t<\/div>\n\t\t\t\t\t<\/div>\n\t\t<\/div>\n\t\t\t\t<div class=\"has_eae_slider elementor-column elementor-col-33 elementor-top-column elementor-element elementor-element-5649e43f\" data-eae-slider=\"92593\" data-id=\"5649e43f\" data-element_type=\"column\" data-e-type=\"column\">\n\t\t\t<div class=\"elementor-widget-wrap elementor-element-populated\">\n\t\t\t\t\t\t<div class=\"elementor-element elementor-element-fb6a819 elementor-widget elementor-widget-video\" data-id=\"fb6a819\" data-element_type=\"widget\" data-e-type=\"widget\" data-settings=\"{&quot;youtube_url&quot;:&quot;https:\\\/\\\/youtu.be\\\/BeeOwWSJBnY?rel=0&quot;,&quot;video_type&quot;:&quot;youtube&quot;,&quot;controls&quot;:&quot;yes&quot;}\" data-widget_type=\"video.default\">\n\t\t\t\t<div class=\"elementor-widget-container\">\n\t\t\t\t\t\t\t<div class=\"elementor-wrapper elementor-open-inline\">\n\t\t\t<div class=\"elementor-video\"><\/div>\t\t<\/div>\n\t\t\t\t\t\t<\/div>\n\t\t\t\t<\/div>\n\t\t\t\t\t<\/div>\n\t\t<\/div>\n\t\t\t\t<div class=\"has_eae_slider elementor-column elementor-col-33 elementor-top-column elementor-element elementor-element-123f950\" data-eae-slider=\"71628\" data-id=\"123f950\" data-element_type=\"column\" data-e-type=\"column\">\n\t\t\t<div class=\"elementor-widget-wrap elementor-element-populated\">\n\t\t\t\t\t\t<div class=\"elementor-element elementor-element-0376997 elementor-widget elementor-widget-image\" data-id=\"0376997\" data-element_type=\"widget\" data-e-type=\"widget\" data-widget_type=\"image.default\">\n\t\t\t\t<div class=\"elementor-widget-container\">\n\t\t\t\t\t\t\t\t\t\t\t\t\t\t\t<img decoding=\"async\" width=\"300\" height=\"197\" src=\"https:\/\/tantranz.com\/wp-content\/uploads\/2020\/05\/medterapia2-300-1.jpg\" class=\"attachment-medium size-medium wp-image-2281\" alt=\"\" \/>\t\t\t\t\t\t\t\t\t\t\t\t\t\t\t<\/div>\n\t\t\t\t<\/div>\n\t\t\t\t\t<\/div>\n\t\t<\/div>\n\t\t\t\t\t<\/div>\n\t\t<\/section>\n\t\t\t\t<section class=\"has_eae_slider elementor-section elementor-top-section elementor-element elementor-element-42581db8 elementor-section-boxed elementor-section-height-default elementor-section-height-default\" data-eae-slider=\"64052\" data-id=\"42581db8\" data-element_type=\"section\" data-e-type=\"section\">\n\t\t\t\t\t\t<div class=\"elementor-container elementor-column-gap-default\">\n\t\t\t\t\t<div class=\"has_eae_slider elementor-column elementor-col-100 elementor-top-column elementor-element elementor-element-3847c67e\" data-eae-slider=\"69749\" data-id=\"3847c67e\" data-element_type=\"column\" data-e-type=\"column\">\n\t\t\t<div class=\"elementor-widget-wrap elementor-element-populated\">\n\t\t\t\t\t\t<section class=\"has_eae_slider elementor-section elementor-inner-section elementor-element elementor-element-40c4d84d elementor-section-boxed elementor-section-height-default elementor-section-height-default\" data-eae-slider=\"69079\" data-id=\"40c4d84d\" data-element_type=\"section\" data-e-type=\"section\">\n\t\t\t\t\t\t<div class=\"elementor-container elementor-column-gap-default\">\n\t\t\t\t\t<div class=\"has_eae_slider elementor-column elementor-col-100 elementor-inner-column elementor-element elementor-element-53548f51\" data-eae-slider=\"48217\" data-id=\"53548f51\" data-element_type=\"column\" data-e-type=\"column\">\n\t\t\t<div class=\"elementor-widget-wrap elementor-element-populated\">\n\t\t\t\t\t\t<div class=\"elementor-element elementor-element-771ce455 elementor-widget elementor-widget-text-editor\" data-id=\"771ce455\" data-element_type=\"widget\" data-e-type=\"widget\" data-widget_type=\"text-editor.default\">\n\t\t\t\t<div class=\"elementor-widget-container\">\n\t\t\t\t\t\t\t\t\t<p>\u201cEl prop\u00f3sito del Tantra no es simplemente proporcionar a la gente una mejor vida sexual, m\u00e1s bien es utilizar innumerables situaciones y encuentros de la vida corriente de los seres humanos, incluido el sexo, como puertas de entrada a la experiencia de la meditaci\u00f3n. La meditaci\u00f3n es un estado interno en el que de hecho todas las creencias, las doctrinas y las respuestas prefabricadas han desaparecido, dejando solo la conciencia pura y libre de pensamientos, que puede percibir la realidad directamente, tal como es[\u2026]<\/p><p>Meditar es despertar una inteligencia mucho mayor que la del control de la mente.\u00a0 Descargando las tensiones corporales y aprendiendo a escuchar nuestra voz interior, podemos abrir el camino a nuestro bienestar, integraci\u00f3n y cura.\u00a0 Todas las meditaciones Osho contribuyen al desarrollo de nuestro verdadero potencial.<br \/>Por esto llamamos a nuestra formaci\u00f3n en meditaci\u00f3n\u00a0\u201cLa Meditaci\u00f3n como Terapia.\u201d<\/p><p>Te invitamos a compartir el viaje de la siguiente manera:<\/p><p style=\"text-align: center;\"><span style=\"color: #993300;\"><strong>Tantra y Meditaci\u00f3n Como Terapia 2023<\/strong><\/span><\/p><p>\u00bb La Meditaci\u00f3n Osho es una herramienta contundente para vaciarnos del ruido que llevamos dentro y permitir que en este espacio entre la vida\u00bb<br \/>Ma Deva Nataraj<\/p><ul><li>Relajarse, limpiar, sanar y disfrutar a trav\u00e9s de las t\u00e9cnicas Osho de meditaci\u00f3n.<\/li><li>Comprender el alcance de las meditaciones activas de Osho, y aprender a aplicar las t\u00e9cnicas para tu vida.<\/li><li>Formarse en un grupo de pertenencia<\/li><li>Capacitarse para ser facilitador de meditaci\u00f3n Osho.<\/li><li>Utilizar esta herramienta con m\u00e1s idoneidad en sus propios espacios de acompa\u00f1ar personas.<\/li><\/ul><p>Algunos participantes de este curso podr\u00e1n ser invitados a trabajar acompa\u00f1ando personas con la meditaci\u00f3n en el equipo de Tantranz. <br \/>Los m\u00f3dulos se pueden hacer de manera individual y sin correlaci\u00f3n, solo quienes quieran facilitar meditaciones Osho desde el enfoque Tantranz, deben realizar los 4 m\u00f3dulos. Para todos los casos participar de los viernes en las meditaciones es opcional aunque sumamente recomendable.<\/p><p><span style=\"color: #993300;\">Tantra, Danza y Meditaci\u00f3n<\/span> como Terapia \u00a0en Jard\u00edn Para\u00edso, Nu\u00f1ez-\u00a09 y 10 de Junio.\u00a0Taller de Tantra de 3 hs el viernes 9 de 19.30 a 22.30. Jornada Tantranz de profundizaci\u00f3n en meditaciones con movimiento Osho. S\u00e1bado 10 de 10 a 18.30hs:\u00a0 Danza, Espacio, Giro, ascencion.<\/p><p>7, 8 y 9 de Julio <span style=\"color: #993300;\">Tantranz Training<\/span>: \u00a0<span style=\"color: #993300;\">\u201cEl Coraz\u00f3n en Juego.\u201d<\/span> \u00a0Meditaciones Sociales, Vinculares, integr\u00e1ndolo todo. El arte de la polaridad y la fuerza del grupo. Masaje del 2do y 3er cuerpo. Como leer un grupo, integrar, trascender y fortalecer.<\/p><p>En Agosto, Septiembre y Octubre los participantes en formaci\u00f3n ser\u00e1n invitados a hacer pr\u00e1cticas de meditaci\u00f3n guiando personas en Jard\u00edn Para\u00edso.\u00a0 Sugerimos algunos d\u00edas viernes.<\/p><p><span style=\"color: #993300;\"><strong>CAMPO DE MEDITACI\u00d3N<\/strong><\/span> a cargo de los alumnos de\u00a0\u00a0 Tantra y Meditaci\u00f3n como Terapia. 6 al 8 de Octubre.<\/p><p>\u00a0<\/p>\t\t\t\t\t\t\t\t<\/div>\n\t\t\t\t<\/div>\n\t\t\t\t\t<\/div>\n\t\t<\/div>\n\t\t\t\t\t<\/div>\n\t\t<\/section>\n\t\t\t\t\t<\/div>\n\t\t<\/div>\n\t\t\t\t\t<\/div>\n\t\t<\/section>\n\t\t\t\t<\/div>\n\t\t","protected":false},"excerpt":{"rendered":"<p>La meditaci\u00f3n como Terapia \u201cEl prop\u00f3sito del Tantra no es simplemente proporcionar a la gente una mejor vida sexual, m\u00e1s bien es utilizar innumerables situaciones y encuentros de la vida corriente de los seres humanos, incluido el sexo, como puertas de entrada a la experiencia de la meditaci\u00f3n. La meditaci\u00f3n es un estado interno en [&hellip;]<\/p>\n","protected":false},"author":1,"featured_media":0,"parent":501,"menu_order":0,"comment_status":"closed","ping_status":"closed","template":"","meta":{"ocean_post_layout":"full-width","ocean_both_sidebars_style":"","ocean_both_sidebars_content_width":0,"ocean_both_sidebars_sidebars_width":0,"ocean_sidebar":"0","ocean_second_sidebar":"0","ocean_disable_margins":"enable","ocean_add_body_class":"","ocean_shortcode_before_top_bar":"","ocean_shortcode_after_top_bar":"","ocean_shortcode_before_header":"","ocean_shortcode_after_header":"","ocean_has_shortcode":"","ocean_shortcode_after_title":"","ocean_shortcode_before_footer_widgets":"","ocean_shortcode_after_footer_widgets":"","ocean_shortcode_before_footer_bottom":"","ocean_shortcode_after_footer_bottom":"","ocean_display_top_bar":"on","ocean_display_header":"on","ocean_header_style":"","ocean_center_header_left_menu":"0","ocean_custom_header_template":"0","ocean_custom_logo":0,"ocean_custom_retina_logo":0,"ocean_custom_logo_max_width":0,"ocean_custom_logo_tablet_max_width":0,"ocean_custom_logo_mobile_max_width":0,"ocean_custom_logo_max_height":0,"ocean_custom_logo_tablet_max_height":0,"ocean_custom_logo_mobile_max_height":0,"ocean_header_custom_menu":"0","ocean_menu_typo_font_family":"0","ocean_menu_typo_font_subset":"","ocean_menu_typo_font_size":0,"ocean_menu_typo_font_size_tablet":0,"ocean_menu_typo_font_size_mobile":0,"ocean_menu_typo_font_size_unit":"px","ocean_menu_typo_font_weight":"","ocean_menu_typo_font_weight_tablet":"","ocean_menu_typo_font_weight_mobile":"","ocean_menu_typo_transform":"","ocean_menu_typo_transform_tablet":"","ocean_menu_typo_transform_mobile":"","ocean_menu_typo_line_height":0,"ocean_menu_typo_line_height_tablet":0,"ocean_menu_typo_line_height_mobile":0,"ocean_menu_typo_line_height_unit":"","ocean_menu_typo_spacing":0,"ocean_menu_typo_spacing_tablet":0,"ocean_menu_typo_spacing_mobile":0,"ocean_menu_typo_spacing_unit":"","ocean_menu_link_color":"","ocean_menu_link_color_hover":"","ocean_menu_link_color_active":"","ocean_menu_link_background":"","ocean_menu_link_hover_background":"","ocean_menu_link_active_background":"","ocean_menu_social_links_bg":"","ocean_menu_social_hover_links_bg":"","ocean_menu_social_links_color":"","ocean_menu_social_hover_links_color":"","ocean_disable_title":"on","ocean_disable_heading":"default","ocean_post_title":"","ocean_post_subheading":"","ocean_post_title_style":"","ocean_post_title_background_color":"","ocean_post_title_background":0,"ocean_post_title_bg_image_position":"","ocean_post_title_bg_image_attachment":"","ocean_post_title_bg_image_repeat":"","ocean_post_title_bg_image_size":"","ocean_post_title_height":0,"ocean_post_title_bg_overlay":0.5,"ocean_post_title_bg_overlay_color":"","ocean_disable_breadcrumbs":"default","ocean_breadcrumbs_color":"","ocean_breadcrumbs_separator_color":"","ocean_breadcrumbs_links_color":"","ocean_breadcrumbs_links_hover_color":"","ocean_display_footer_widgets":"default","ocean_display_footer_bottom":"default","ocean_custom_footer_template":"0","omw_enable_modal_window":"enable","osh_disable_topbar_sticky":"default","osh_disable_header_sticky":"default","osh_sticky_header_style":"default","osh_sticky_header_effect":"","osh_custom_sticky_logo":0,"osh_custom_retina_sticky_logo":0,"osh_custom_sticky_logo_height":0,"osh_background_color":"","osh_links_color":"","osh_links_hover_color":"","osh_links_active_color":"","osh_links_bg_color":"","osh_links_hover_bg_color":"","osh_links_active_bg_color":"","osh_menu_social_links_color":"","osh_menu_social_hover_links_color":"","_joinchat":[],"footnotes":""},"class_list":["post-1612","page","type-page","status-publish","hentry","entry"],"_links":{"self":[{"href":"https:\/\/tantranz.com\/en\/wp-json\/wp\/v2\/pages\/1612","targetHints":{"allow":["GET"]}}],"collection":[{"href":"https:\/\/tantranz.com\/en\/wp-json\/wp\/v2\/pages"}],"about":[{"href":"https:\/\/tantranz.com\/en\/wp-json\/wp\/v2\/types\/page"}],"author":[{"embeddable":true,"href":"https:\/\/tantranz.com\/en\/wp-json\/wp\/v2\/users\/1"}],"replies":[{"embeddable":true,"href":"https:\/\/tantranz.com\/en\/wp-json\/wp\/v2\/comments?post=1612"}],"version-history":[{"count":75,"href":"https:\/\/tantranz.com\/en\/wp-json\/wp\/v2\/pages\/1612\/revisions"}],"predecessor-version":[{"id":4599,"href":"https:\/\/tantranz.com\/en\/wp-json\/wp\/v2\/pages\/1612\/revisions\/4599"}],"up":[{"embeddable":true,"href":"https:\/\/tantranz.com\/en\/wp-json\/wp\/v2\/pages\/501"}],"wp:attachment":[{"href":"https:\/\/tantranz.com\/en\/wp-json\/wp\/v2\/media?parent=1612"}],"curies":[{"name":"wp","href":"https:\/\/api.w.org\/{rel}","templated":true}]}}