{"id":1966,"date":"2019-09-14T17:34:07","date_gmt":"2019-09-14T17:34:07","guid":{"rendered":"http:\/\/tantranz.com\/?page_id=1966"},"modified":"2023-07-21T17:22:14","modified_gmt":"2023-07-21T20:22:14","slug":"jardinparaiso-2","status":"publish","type":"page","link":"https:\/\/tantranz.com\/en\/jardinparaiso-2\/","title":{"rendered":"jardinparaiso"},"content":{"rendered":"<div data-elementor-type=\"wp-page\" data-elementor-id=\"1966\" class=\"elementor elementor-1966\">\n\t\t\t\t\t\t<section class=\"has_eae_slider elementor-section elementor-top-section elementor-element elementor-element-7911a2e elementor-section-boxed elementor-section-height-default elementor-section-height-default\" data-eae-slider=\"58632\" data-id=\"7911a2e\" data-element_type=\"section\">\n\t\t\t\t\t\t<div class=\"elementor-container elementor-column-gap-default\">\n\t\t\t\t\t<div class=\"has_eae_slider elementor-column elementor-col-100 elementor-top-column elementor-element elementor-element-1d92089b\" data-eae-slider=\"90549\" data-id=\"1d92089b\" data-element_type=\"column\">\n\t\t\t<div class=\"elementor-widget-wrap elementor-element-populated\">\n\t\t\t\t\t\t<div class=\"elementor-element elementor-element-514769d9 elementor-widget elementor-widget-heading\" data-id=\"514769d9\" data-element_type=\"widget\" data-widget_type=\"heading.default\">\n\t\t\t\t<div class=\"elementor-widget-container\">\n\t\t\t\t\t<h2 class=\"elementor-heading-title elementor-size-default\">Welcome to Jard\u00edn Para\u00edso<\/h2>\t\t\t\t<\/div>\n\t\t\t\t<\/div>\n\t\t\t\t<div class=\"elementor-element elementor-element-62207b2 elementor-widget elementor-widget-heading\" data-id=\"62207b2\" data-element_type=\"widget\" data-widget_type=\"heading.default\">\n\t\t\t\t<div class=\"elementor-widget-container\">\n\t\t\t\t\t<h5 class=\"elementor-heading-title elementor-size-default\">Nuestro hogar,&nbsp; nuestro lugar con el nombre que elegimos para representar \u00abnuestro espacio de traformaci\u00f3n\u00bb <br>Nos provee el marco de contensi\u00f3n y amor para desarrollar nuestros programas<\/h5>\t\t\t\t<\/div>\n\t\t\t\t<\/div>\n\t\t\t\t<div class=\"elementor-element elementor-element-7da98c9 elementor-arrows-position-inside elementor-pagination-position-outside elementor-widget elementor-widget-image-carousel\" data-id=\"7da98c9\" data-element_type=\"widget\" data-settings=\"{&quot;slides_to_show&quot;:&quot;1&quot;,&quot;navigation&quot;:&quot;both&quot;,&quot;autoplay&quot;:&quot;yes&quot;,&quot;pause_on_hover&quot;:&quot;yes&quot;,&quot;pause_on_interaction&quot;:&quot;yes&quot;,&quot;autoplay_speed&quot;:5000,&quot;infinite&quot;:&quot;yes&quot;,&quot;effect&quot;:&quot;slide&quot;,&quot;speed&quot;:500}\" data-widget_type=\"image-carousel.default\">\n\t\t\t\t<div class=\"elementor-widget-container\">\n\t\t\t\t\t\t\t<div class=\"elementor-image-carousel-wrapper swiper\" role=\"region\" aria-roledescription=\"carousel\" aria-label=\"Carrusel de im\u00e1genes\" dir=\"ltr\">\n\t\t\t<div class=\"elementor-image-carousel swiper-wrapper swiper-image-stretch\" aria-live=\"off\">\n\t\t\t\t\t\t\t\t<div class=\"swiper-slide\" role=\"group\" aria-roledescription=\"slide\" aria-label=\"1 de 3\"><figure class=\"swiper-slide-inner\"><img decoding=\"async\" class=\"swiper-slide-image\" src=\"https:\/\/tantranz.com\/wp-content\/uploads\/2019\/07\/jardinparaisobp-768x432.jpg\" alt=\"jardinparaisobp\" \/><\/figure><\/div><div class=\"swiper-slide\" role=\"group\" aria-roledescription=\"slide\" aria-label=\"2 de 3\"><figure class=\"swiper-slide-inner\"><img decoding=\"async\" class=\"swiper-slide-image\" src=\"https:\/\/tantranz.com\/wp-content\/uploads\/2018\/12\/jp5-768x432.jpg\" alt=\"jp5\" \/><\/figure><\/div><div class=\"swiper-slide\" role=\"group\" aria-roledescription=\"slide\" aria-label=\"3 de 3\"><figure class=\"swiper-slide-inner\"><img decoding=\"async\" class=\"swiper-slide-image\" src=\"https:\/\/tantranz.com\/wp-content\/uploads\/2018\/12\/jp2-768x432.jpg\" alt=\"jp2\" \/><\/figure><\/div>\t\t\t<\/div>\n\t\t\t\t\t\t\t\t\t\t\t\t<div class=\"elementor-swiper-button elementor-swiper-button-prev\" role=\"button\" tabindex=\"0\">\n\t\t\t\t\t\t<i aria-hidden=\"true\" class=\"eicon-chevron-left\"><\/i>\t\t\t\t\t<\/div>\n\t\t\t\t\t<div class=\"elementor-swiper-button elementor-swiper-button-next\" role=\"button\" tabindex=\"0\">\n\t\t\t\t\t\t<i aria-hidden=\"true\" class=\"eicon-chevron-right\"><\/i>\t\t\t\t\t<\/div>\n\t\t\t\t\n\t\t\t\t\t\t\t\t\t<div class=\"swiper-pagination\"><\/div>\n\t\t\t\t\t\t\t\t\t<\/div>\n\t\t\t\t\t\t<\/div>\n\t\t\t\t<\/div>\n\t\t\t\t\t<\/div>\n\t\t<\/div>\n\t\t\t\t\t<\/div>\n\t\t<\/section>\n\t\t\t\t<section class=\"has_eae_slider elementor-section elementor-top-section elementor-element elementor-element-56016fb0 elementor-section-boxed elementor-section-height-default elementor-section-height-default\" data-eae-slider=\"94691\" data-id=\"56016fb0\" data-element_type=\"section\">\n\t\t\t\t\t\t<div class=\"elementor-container elementor-column-gap-default\">\n\t\t\t\t\t<div class=\"has_eae_slider elementor-column elementor-col-100 elementor-top-column elementor-element elementor-element-1b059ae6\" data-eae-slider=\"9760\" data-id=\"1b059ae6\" data-element_type=\"column\">\n\t\t\t<div class=\"elementor-widget-wrap elementor-element-populated\">\n\t\t\t\t\t\t<div class=\"elementor-element elementor-element-15860f1 oew-align-center elementor-widget__width-inherit elementor-widget elementor-widget-oew-modal\" data-id=\"15860f1\" data-element_type=\"widget\" data-widget_type=\"oew-modal.default\">\n\t\t\t\t<div class=\"elementor-widget-container\">\n\t\t\t\t\t\r\n\t\t\t<div class=\"oew-modal-button\">\r\n\t\t\t\t<a href=\"#oew-modal-15860f1\" class=\"button\">\r\n\t\t\t\t\t\r\n\t\t\t\t\t<span>Jardin Para\u00edso is located in the neighborhood of Nu\u00f1ez - C.A.B.A (click to see the location area).<\/span>\r\n\r\n\t\t\t\t\t\t\t\t\t<\/a>\r\n\t\t\t<\/div>\r\n\r\n\t\t\r\n\t    <div id=\"oew-modal-15860f1\" class=\"oew-modal-wrap oew-temp-styles\">\r\n\t\t\t\t\t\t<div class=\"oew-modal-container\">\r\n\t\t\t\t<div class=\"oew-modal-inner\">\r\n\t\t\t\t\t\r\n\t\t<button aria-label=\"Close this modal window\" type=\"button\" class=\"oew-modal-close oew-modal-close-inside\">\r\n\t\t\t<svg focusable=\"false\" aria-hidden=\"true\" role=\"img\" width=\"14\" height=\"14\" xmlns=\"http:\/\/www.w3.org\/2000\/svg\" xmlns:xlink=\"http:\/\/www.w3.org\/1999\/xlink\" viewbox=\"0 0 512 512\" xml:space=\"preserve\">\r\n\t\t\t\t<path d=\"M505.943,6.058c-8.077-8.077-21.172-8.077-29.249,0L6.058,476.693c-8.077,8.077-8.077,21.172,0,29.249\t\t\t\t\tC10.096,509.982,15.39,512,20.683,512c5.293,0,10.586-2.019,14.625-6.059L505.943,35.306\t\t\t\t\tC514.019,27.23,514.019,14.135,505.943,6.058z\"\/>\r\n\t\t\t\t<path d=\"M505.942,476.694L35.306,6.059c-8.076-8.077-21.172-8.077-29.248,0c-8.077,8.076-8.077,21.171,0,29.248l470.636,470.636\t\t\t\t\tc4.038,4.039,9.332,6.058,14.625,6.058c5.293,0,10.587-2.019,14.624-6.057C514.018,497.866,514.018,484.771,505.942,476.694z\"\/>\r\n\t\t\t<\/svg>\r\n\t\t<\/button>\r\n\r\n\t\r\n\t\t\t\t\t<p><img fetchpriority=\"high\" decoding=\"async\" class=\"aligncenter wp-image-1895 size-large\" src=\"https:\/\/tantranz.com\/wp-content\/uploads\/2019\/09\/Jardinparaiso-1024x753.png\" alt=\"\" width=\"1024\" height=\"753\" srcset=\"https:\/\/tantranz.com\/wp-content\/uploads\/2019\/09\/Jardinparaiso-1024x753.png 1024w, https:\/\/tantranz.com\/wp-content\/uploads\/2019\/09\/Jardinparaiso-300x221.png 300w, https:\/\/tantranz.com\/wp-content\/uploads\/2019\/09\/Jardinparaiso-768x565.png 768w, https:\/\/tantranz.com\/wp-content\/uploads\/2019\/09\/Jardinparaiso.png 1044w\" sizes=\"(max-width: 1024px) 100vw, 1024px\" \/><\/p>\t\t\t\t<\/div>\r\n\t\t\t<\/div>\r\n\t\t\t<div class=\"oew-modal-overlay\"><\/div>\r\n\t\t<\/div>\r\n\r\n\t    \r\n\t\t\t\t\t<\/div>\n\t\t\t\t<\/div>\n\t\t\t\t\t<\/div>\n\t\t<\/div>\n\t\t\t\t\t<\/div>\n\t\t<\/section>\n\t\t\t\t<\/div>","protected":false},"excerpt":{"rendered":"<p>Bienvenidos a Jard\u00edn Para\u00edso Nuestro hogar,&nbsp; nuestro lugar con el nombre que elegimos para representar \u00abnuestro espacio de traformaci\u00f3n\u00bb Nos provee el marco de contensi\u00f3n y amor para desarrollar nuestros programas Jardin Para\u00edso esta ubicado en el barrio de nu\u00f1ez &#8211; C.A.B.A ( hacer click para ver la zona de ubicaci\u00f3n)<\/p>","protected":false},"author":1,"featured_media":0,"parent":0,"menu_order":0,"comment_status":"closed","ping_status":"closed","template":"","meta":{"ocean_post_layout":"full-width","ocean_both_sidebars_style":"","ocean_both_sidebars_content_width":0,"ocean_both_sidebars_sidebars_width":0,"ocean_sidebar":"0","ocean_second_sidebar":"0","ocean_disable_margins":"enable","ocean_add_body_class":"","ocean_shortcode_before_top_bar":"","ocean_shortcode_after_top_bar":"","ocean_shortcode_before_header":"","ocean_shortcode_after_header":"","ocean_has_shortcode":"","ocean_shortcode_after_title":"","ocean_shortcode_before_footer_widgets":"","ocean_shortcode_after_footer_widgets":"","ocean_shortcode_before_footer_bottom":"","ocean_shortcode_after_footer_bottom":"","ocean_display_top_bar":"on","ocean_display_header":"on","ocean_header_style":"","ocean_center_header_left_menu":"0","ocean_custom_header_template":"0","ocean_custom_logo":0,"ocean_custom_retina_logo":0,"ocean_custom_logo_max_width":0,"ocean_custom_logo_tablet_max_width":0,"ocean_custom_logo_mobile_max_width":0,"ocean_custom_logo_max_height":0,"ocean_custom_logo_tablet_max_height":0,"ocean_custom_logo_mobile_max_height":0,"ocean_header_custom_menu":"0","ocean_menu_typo_font_family":"0","ocean_menu_typo_font_subset":"","ocean_menu_typo_font_size":0,"ocean_menu_typo_font_size_tablet":0,"ocean_menu_typo_font_size_mobile":0,"ocean_menu_typo_font_size_unit":"px","ocean_menu_typo_font_weight":"","ocean_menu_typo_font_weight_tablet":"","ocean_menu_typo_font_weight_mobile":"","ocean_menu_typo_transform":"","ocean_menu_typo_transform_tablet":"","ocean_menu_typo_transform_mobile":"","ocean_menu_typo_line_height":0,"ocean_menu_typo_line_height_tablet":0,"ocean_menu_typo_line_height_mobile":0,"ocean_menu_typo_line_height_unit":"","ocean_menu_typo_spacing":0,"ocean_menu_typo_spacing_tablet":0,"ocean_menu_typo_spacing_mobile":0,"ocean_menu_typo_spacing_unit":"","ocean_menu_link_color":"","ocean_menu_link_color_hover":"","ocean_menu_link_color_active":"","ocean_menu_link_background":"","ocean_menu_link_hover_background":"","ocean_menu_link_active_background":"","ocean_menu_social_links_bg":"","ocean_menu_social_hover_links_bg":"","ocean_menu_social_links_color":"","ocean_menu_social_hover_links_color":"","ocean_disable_title":"on","ocean_disable_heading":"default","ocean_post_title":"","ocean_post_subheading":"","ocean_post_title_style":"","ocean_post_title_background_color":"","ocean_post_title_background":0,"ocean_post_title_bg_image_position":"","ocean_post_title_bg_image_attachment":"","ocean_post_title_bg_image_repeat":"","ocean_post_title_bg_image_size":"","ocean_post_title_height":0,"ocean_post_title_bg_overlay":0.5,"ocean_post_title_bg_overlay_color":"","ocean_disable_breadcrumbs":"default","ocean_breadcrumbs_color":"","ocean_breadcrumbs_separator_color":"","ocean_breadcrumbs_links_color":"","ocean_breadcrumbs_links_hover_color":"","ocean_display_footer_widgets":"default","ocean_display_footer_bottom":"default","ocean_custom_footer_template":"0","omw_enable_modal_window":"enable","osh_disable_topbar_sticky":"default","osh_disable_header_sticky":"default","osh_sticky_header_style":"default","osh_sticky_header_effect":"","osh_custom_sticky_logo":0,"osh_custom_retina_sticky_logo":0,"osh_custom_sticky_logo_height":0,"osh_background_color":"","osh_links_color":"","osh_links_hover_color":"","osh_links_active_color":"","osh_links_bg_color":"","osh_links_hover_bg_color":"","osh_links_active_bg_color":"","osh_menu_social_links_color":"","osh_menu_social_hover_links_color":"","_joinchat":[],"footnotes":""},"class_list":["post-1966","page","type-page","status-publish","hentry","entry"],"_links":{"self":[{"href":"https:\/\/tantranz.com\/en\/wp-json\/wp\/v2\/pages\/1966","targetHints":{"allow":["GET"]}}],"collection":[{"href":"https:\/\/tantranz.com\/en\/wp-json\/wp\/v2\/pages"}],"about":[{"href":"https:\/\/tantranz.com\/en\/wp-json\/wp\/v2\/types\/page"}],"author":[{"embeddable":true,"href":"https:\/\/tantranz.com\/en\/wp-json\/wp\/v2\/users\/1"}],"replies":[{"embeddable":true,"href":"https:\/\/tantranz.com\/en\/wp-json\/wp\/v2\/comments?post=1966"}],"version-history":[{"count":12,"href":"https:\/\/tantranz.com\/en\/wp-json\/wp\/v2\/pages\/1966\/revisions"}],"predecessor-version":[{"id":5351,"href":"https:\/\/tantranz.com\/en\/wp-json\/wp\/v2\/pages\/1966\/revisions\/5351"}],"wp:attachment":[{"href":"https:\/\/tantranz.com\/en\/wp-json\/wp\/v2\/media?parent=1966"}],"curies":[{"name":"wp","href":"https:\/\/api.w.org\/{rel}","templated":true}]}}