{"id":2522,"date":"2020-11-11T19:40:13","date_gmt":"2020-11-11T22:40:13","guid":{"rendered":"http:\/\/tantranz.com\/?page_id=2522"},"modified":"2023-01-09T09:41:01","modified_gmt":"2023-01-09T12:41:01","slug":"lo-nuevo","status":"publish","type":"page","link":"https:\/\/tantranz.com\/en\/lo-nuevo\/","title":{"rendered":"lo-nuevo"},"content":{"rendered":"<div data-elementor-type=\"wp-page\" data-elementor-id=\"2522\" class=\"elementor elementor-2522\">\n\t\t\t\t\t\t<section class=\"has_eae_slider elementor-section elementor-top-section elementor-element elementor-element-10c15a0 elementor-section-boxed elementor-section-height-default elementor-section-height-default\" data-eae-slider=\"53832\" data-id=\"10c15a0\" data-element_type=\"section\" data-e-type=\"section\">\n\t\t\t\t\t\t<div class=\"elementor-container elementor-column-gap-default\">\n\t\t\t\t\t<div class=\"has_eae_slider elementor-column elementor-col-100 elementor-top-column elementor-element elementor-element-bdcd844\" data-eae-slider=\"55448\" data-id=\"bdcd844\" data-element_type=\"column\" data-e-type=\"column\">\n\t\t\t<div class=\"elementor-widget-wrap elementor-element-populated\">\n\t\t\t\t\t\t<div class=\"elementor-element elementor-element-b1e806f elementor-widget elementor-widget-heading\" data-id=\"b1e806f\" data-element_type=\"widget\" data-e-type=\"widget\" data-settings=\"{&quot;_animation&quot;:&quot;none&quot;}\" data-widget_type=\"heading.default\">\n\t\t\t\t<div class=\"elementor-widget-container\">\n\t\t\t\t\t<h2 class=\"elementor-heading-title elementor-size-medium\">TANTRANZ TRAINING: Masaje Tantranz <\/h2>\t\t\t\t<\/div>\n\t\t\t\t<\/div>\n\t\t\t\t\t<\/div>\n\t\t<\/div>\n\t\t\t\t\t<\/div>\n\t\t<\/section>\n\t\t\t\t<section class=\"has_eae_slider elementor-section elementor-top-section elementor-element elementor-element-b1de934 elementor-section-boxed elementor-section-height-default elementor-section-height-default\" data-eae-slider=\"4921\" data-id=\"b1de934\" data-element_type=\"section\" data-e-type=\"section\">\n\t\t\t\t\t\t<div class=\"elementor-container elementor-column-gap-default\">\n\t\t\t\t\t<div class=\"has_eae_slider elementor-column elementor-col-100 elementor-top-column elementor-element elementor-element-0c4fb14\" data-eae-slider=\"93819\" data-id=\"0c4fb14\" data-element_type=\"column\" data-e-type=\"column\">\n\t\t\t<div class=\"elementor-widget-wrap elementor-element-populated\">\n\t\t\t\t\t\t<div class=\"elementor-element elementor-element-e490b78 elementor-widget elementor-widget-text-editor\" data-id=\"e490b78\" data-element_type=\"widget\" data-e-type=\"widget\" data-widget_type=\"text-editor.default\">\n\t\t\t\t<div class=\"elementor-widget-container\">\n\t\t\t\t\t\t\t\t\t<ul><li style=\"text-align: center;\">OSHEANIC INTERNATIONAL BRASIL 2023<br \/>Desde el 21\/01 hasta el 03\/02<br \/><p><strong>\u00a0<\/strong><\/p><p><img fetchpriority=\"high\" decoding=\"async\" class=\"aligncenter wp-image-4115\" src=\"https:\/\/tantranz.com\/wp-content\/uploads\/2023\/01\/tantranztraining2-300x135.jpg\" alt=\"\" width=\"400\" height=\"180\" srcset=\"https:\/\/tantranz.com\/wp-content\/uploads\/2023\/01\/tantranztraining2-300x135.jpg 300w, https:\/\/tantranz.com\/wp-content\/uploads\/2023\/01\/tantranztraining2.jpg 564w\" sizes=\"(max-width: 400px) 100vw, 400px\" \/><\/p><p>En formato intensivo de dos semanas ofrecemos nuestro Training de Masaje T\u00e1ntrico en Osheanic International.<br \/>Para aquellos que quieren formarse como masajistas Tantranz o simplemente conocerse, evolucionar y disfrutar a trav\u00e9s del arte del masaje t\u00e1ntrico.<br \/><br \/>Se puede asistir sol@ o en pareja, todos son bienvenidos. Tenemos amplia experiencia en trabajar con personas que se comprometen a compartir con otros compa\u00f1eros de camino un espacio de aprendizaje desde el amor y el respeto m\u00fatuo.<br \/><br \/>El espacio est\u00e1 cuidadosamente dise\u00f1ado y amorosamente sostenido.<\/p><p>\u00a0<\/p><p>Coordina Ma Deva Nataraj <\/p><\/li><\/ul>\t\t\t\t\t\t\t\t<\/div>\n\t\t\t\t<\/div>\n\t\t\t\t\t<\/div>\n\t\t<\/div>\n\t\t\t\t\t<\/div>\n\t\t<\/section>\n\t\t\t\t<section class=\"has_eae_slider elementor-section elementor-top-section elementor-element elementor-element-e546d09 elementor-section-boxed elementor-section-height-default elementor-section-height-default\" data-eae-slider=\"31574\" data-id=\"e546d09\" data-element_type=\"section\" data-e-type=\"section\">\n\t\t\t\t\t\t<div class=\"elementor-container elementor-column-gap-default\">\n\t\t\t\t\t<div class=\"has_eae_slider elementor-column elementor-col-100 elementor-top-column elementor-element elementor-element-7475689\" data-eae-slider=\"12597\" data-id=\"7475689\" data-element_type=\"column\" data-e-type=\"column\">\n\t\t\t<div class=\"elementor-widget-wrap elementor-element-populated\">\n\t\t\t\t\t\t<div class=\"elementor-element elementor-element-58ddd2c elementor-widget elementor-widget-heading\" data-id=\"58ddd2c\" data-element_type=\"widget\" data-e-type=\"widget\" data-settings=\"{&quot;_animation&quot;:&quot;none&quot;}\" data-widget_type=\"heading.default\">\n\t\t\t\t<div class=\"elementor-widget-container\">\n\t\t\t\t\t<h2 class=\"elementor-heading-title elementor-size-medium\">\"Carnaval Tantranz\"<\/h2>\t\t\t\t<\/div>\n\t\t\t\t<\/div>\n\t\t\t\t\t<\/div>\n\t\t<\/div>\n\t\t\t\t\t<\/div>\n\t\t<\/section>\n\t\t\t\t<section class=\"has_eae_slider elementor-section elementor-top-section elementor-element elementor-element-aef1cd4 elementor-section-boxed elementor-section-height-default elementor-section-height-default\" data-eae-slider=\"81642\" data-id=\"aef1cd4\" data-element_type=\"section\" data-e-type=\"section\">\n\t\t\t\t\t\t<div class=\"elementor-container elementor-column-gap-default\">\n\t\t\t\t\t<div class=\"has_eae_slider elementor-column elementor-col-100 elementor-top-column elementor-element elementor-element-5c00af5\" data-eae-slider=\"56009\" data-id=\"5c00af5\" data-element_type=\"column\" data-e-type=\"column\">\n\t\t\t<div class=\"elementor-widget-wrap elementor-element-populated\">\n\t\t\t\t\t\t<div class=\"elementor-element elementor-element-36c5cfb elementor-widget elementor-widget-text-editor\" data-id=\"36c5cfb\" data-element_type=\"widget\" data-e-type=\"widget\" data-widget_type=\"text-editor.default\">\n\t\t\t\t<div class=\"elementor-widget-container\">\n\t\t\t\t\t\t\t\t\t<p style=\"text-align: center;\"><strong>Carnaval Tantranz en Buenos Aires, Argentina<br \/>Del 17 al 20 de febrero 2023.<br \/>S\u00ed!!!!! inauguramos una nueva etapa en 2023 con el Carnaval Tantranz, compartiendo con todos, nuestra propuesta para vivir en plenitud, sabiendo que\u2026<br \/>\u00abSi todas tus potencialidades florecen, la vida es una fiesta.\u00bb Osho<br \/><\/strong><\/p><p><img decoding=\"async\" class=\"aligncenter size-medium wp-image-4114\" src=\"https:\/\/tantranz.com\/wp-content\/uploads\/2023\/01\/carnavaltantranz-300x251.png\" alt=\"\" width=\"300\" height=\"251\" srcset=\"https:\/\/tantranz.com\/wp-content\/uploads\/2023\/01\/carnavaltantranz-300x251.png 300w, https:\/\/tantranz.com\/wp-content\/uploads\/2023\/01\/carnavaltantranz.png 564w\" sizes=\"(max-width: 300px) 100vw, 300px\" \/><\/p><p style=\"text-align: center;\">\u00bfQu\u00e9 haremos?<\/p><p style=\"text-align: center;\"><strong>Meditar<\/strong>:<br \/>-De manera activa y l\u00fadica (Meditaciones Activas Osho), de manera social (Meditaciones sociales de la humaniversity), de manera instrospectiva (Tandava y Respiraciones guiadas).<br \/><strong>Danzar<\/strong>:<br \/>-Nataraj, 5 ritmos, con tambores y m\u00fasica en Vivo.<br \/><strong>Cantar<\/strong>:<br \/>-Junto al fog\u00f3n en diversi\u00f3n, mantras en invocaci\u00f3n.<br \/><strong>Tarot y Or\u00e1culos:<\/strong><br \/>Osho, Crowley y algunos propios.<br \/>&#8211;<strong>Contacto consciente<\/strong>:<br \/>Tandagua (masaje dentro del agua) y Masaje Tantranz.<\/p><p style=\"text-align: center;\">Y otras sorpresas para integrarlo todo en la \u00faltima danza de carnaval\u2026<\/p><p style=\"text-align: center;\">En s\u00edntesis, descubrir de qu\u00e9 se trata vivir t\u00e1ntricamente. Podemos transformar nuestros miedos en posibilidades y tomar la vida con abundancia.<br \/>Los Terapeutas y Facilitadores: Nataraj, Abhinavagupta, el equipo de Tantranz, m\u00fasicos invitados y m\u00e1s sorpresas.<br \/>El lugar donde se realiza el encuentro es Jard\u00edn Para\u00edso y Magnolia SPA HOL\u00cdSTICO<\/p><p style=\"text-align: center;\">Es posible asistir algunos d\u00edas. Consulte precios por estadia parcial.<br \/>\u00a1Descuento especial\u00edsimo a los primeros 9 inscriptos antes del 14\/1<\/p>\t\t\t\t\t\t\t\t<\/div>\n\t\t\t\t<\/div>\n\t\t\t\t\t<\/div>\n\t\t<\/div>\n\t\t\t\t\t<\/div>\n\t\t<\/section>\n\t\t\t\t<\/div>","protected":false},"excerpt":{"rendered":"<p>TANTRANZ TRAINING: Masaje Tantranz OSHEANIC INTERNATIONAL BRASIL 2023Desde el 21\/01 hasta el 03\/02 \u00a0 En formato intensivo de dos semanas ofrecemos nuestro Training de Masaje T\u00e1ntrico en Osheanic International.Para aquellos que quieren formarse como masajistas Tantranz o simplemente conocerse, evolucionar y disfrutar a trav\u00e9s del arte del masaje t\u00e1ntrico. Se puede asistir sol@ o en [&hellip;]<\/p>\n","protected":false},"author":1,"featured_media":0,"parent":0,"menu_order":0,"comment_status":"closed","ping_status":"closed","template":"","meta":{"ocean_post_layout":"full-width","ocean_both_sidebars_style":"","ocean_both_sidebars_content_width":0,"ocean_both_sidebars_sidebars_width":0,"ocean_sidebar":"0","ocean_second_sidebar":"0","ocean_disable_margins":"enable","ocean_add_body_class":"","ocean_shortcode_before_top_bar":"","ocean_shortcode_after_top_bar":"","ocean_shortcode_before_header":"","ocean_shortcode_after_header":"","ocean_has_shortcode":"","ocean_shortcode_after_title":"","ocean_shortcode_before_footer_widgets":"","ocean_shortcode_after_footer_widgets":"","ocean_shortcode_before_footer_bottom":"","ocean_shortcode_after_footer_bottom":"","ocean_display_top_bar":"default","ocean_display_header":"default","ocean_header_style":"","ocean_center_header_left_menu":"0","ocean_custom_header_template":"0","ocean_custom_logo":0,"ocean_custom_retina_logo":0,"ocean_custom_logo_max_width":0,"ocean_custom_logo_tablet_max_width":0,"ocean_custom_logo_mobile_max_width":0,"ocean_custom_logo_max_height":0,"ocean_custom_logo_tablet_max_height":0,"ocean_custom_logo_mobile_max_height":0,"ocean_header_custom_menu":"0","ocean_menu_typo_font_family":"0","ocean_menu_typo_font_subset":"","ocean_menu_typo_font_size":0,"ocean_menu_typo_font_size_tablet":0,"ocean_menu_typo_font_size_mobile":0,"ocean_menu_typo_font_size_unit":"px","ocean_menu_typo_font_weight":"","ocean_menu_typo_font_weight_tablet":"","ocean_menu_typo_font_weight_mobile":"","ocean_menu_typo_transform":"","ocean_menu_typo_transform_tablet":"","ocean_menu_typo_transform_mobile":"","ocean_menu_typo_line_height":0,"ocean_menu_typo_line_height_tablet":0,"ocean_menu_typo_line_height_mobile":0,"ocean_menu_typo_line_height_unit":"","ocean_menu_typo_spacing":0,"ocean_menu_typo_spacing_tablet":0,"ocean_menu_typo_spacing_mobile":0,"ocean_menu_typo_spacing_unit":"","ocean_menu_link_color":"","ocean_menu_link_color_hover":"","ocean_menu_link_color_active":"","ocean_menu_link_background":"","ocean_menu_link_hover_background":"","ocean_menu_link_active_background":"","ocean_menu_social_links_bg":"","ocean_menu_social_hover_links_bg":"","ocean_menu_social_links_color":"","ocean_menu_social_hover_links_color":"","ocean_disable_title":"on","ocean_disable_heading":"default","ocean_post_title":"","ocean_post_subheading":"","ocean_post_title_style":"","ocean_post_title_background_color":"","ocean_post_title_background":0,"ocean_post_title_bg_image_position":"","ocean_post_title_bg_image_attachment":"","ocean_post_title_bg_image_repeat":"","ocean_post_title_bg_image_size":"","ocean_post_title_height":0,"ocean_post_title_bg_overlay":0.5,"ocean_post_title_bg_overlay_color":"","ocean_disable_breadcrumbs":"default","ocean_breadcrumbs_color":"","ocean_breadcrumbs_separator_color":"","ocean_breadcrumbs_links_color":"","ocean_breadcrumbs_links_hover_color":"","ocean_display_footer_widgets":"default","ocean_display_footer_bottom":"default","ocean_custom_footer_template":"0","omw_enable_modal_window":"enable","osh_disable_topbar_sticky":"default","osh_disable_header_sticky":"default","osh_sticky_header_style":"default","osh_sticky_header_effect":"","osh_custom_sticky_logo":0,"osh_custom_retina_sticky_logo":0,"osh_custom_sticky_logo_height":0,"osh_background_color":"","osh_links_color":"","osh_links_hover_color":"","osh_links_active_color":"","osh_links_bg_color":"","osh_links_hover_bg_color":"","osh_links_active_bg_color":"","osh_menu_social_links_color":"","osh_menu_social_hover_links_color":"","_joinchat":[],"footnotes":""},"class_list":["post-2522","page","type-page","status-publish","hentry","entry"],"_links":{"self":[{"href":"https:\/\/tantranz.com\/en\/wp-json\/wp\/v2\/pages\/2522","targetHints":{"allow":["GET"]}}],"collection":[{"href":"https:\/\/tantranz.com\/en\/wp-json\/wp\/v2\/pages"}],"about":[{"href":"https:\/\/tantranz.com\/en\/wp-json\/wp\/v2\/types\/page"}],"author":[{"embeddable":true,"href":"https:\/\/tantranz.com\/en\/wp-json\/wp\/v2\/users\/1"}],"replies":[{"embeddable":true,"href":"https:\/\/tantranz.com\/en\/wp-json\/wp\/v2\/comments?post=2522"}],"version-history":[{"count":333,"href":"https:\/\/tantranz.com\/en\/wp-json\/wp\/v2\/pages\/2522\/revisions"}],"predecessor-version":[{"id":4122,"href":"https:\/\/tantranz.com\/en\/wp-json\/wp\/v2\/pages\/2522\/revisions\/4122"}],"wp:attachment":[{"href":"https:\/\/tantranz.com\/en\/wp-json\/wp\/v2\/media?parent=2522"}],"curies":[{"name":"wp","href":"https:\/\/api.w.org\/{rel}","templated":true}]}}