{"id":3365,"date":"2021-08-12T12:13:10","date_gmt":"2021-08-12T15:13:10","guid":{"rendered":"http:\/\/tantranz.com\/?page_id=3365"},"modified":"2021-08-12T15:30:34","modified_gmt":"2021-08-12T18:30:34","slug":"pasion-del-ser","status":"publish","type":"page","link":"https:\/\/tantranz.com\/en\/pasion-del-ser\/","title":{"rendered":"pasion-del-ser"},"content":{"rendered":"<div data-elementor-type=\"wp-page\" data-elementor-id=\"3365\" class=\"elementor elementor-3365\">\n\t\t\t\t\t\t<section class=\"has_eae_slider elementor-section elementor-top-section elementor-element elementor-element-5aa979e2 elementor-section-boxed elementor-section-height-default elementor-section-height-default\" data-eae-slider=\"59626\" data-id=\"5aa979e2\" data-element_type=\"section\" data-e-type=\"section\">\n\t\t\t\t\t\t<div class=\"elementor-container elementor-column-gap-default\">\n\t\t\t\t\t<div class=\"has_eae_slider elementor-column elementor-col-100 elementor-top-column elementor-element elementor-element-1d5fefdb\" data-eae-slider=\"79830\" data-id=\"1d5fefdb\" data-element_type=\"column\" data-e-type=\"column\">\n\t\t\t<div class=\"elementor-widget-wrap elementor-element-populated\">\n\t\t\t\t\t\t<div class=\"elementor-element elementor-element-521bc097 elementor-widget elementor-widget-heading\" data-id=\"521bc097\" data-element_type=\"widget\" data-e-type=\"widget\" data-widget_type=\"heading.default\">\n\t\t\t\t<div class=\"elementor-widget-container\">\n\t\t\t\t\t<h2 class=\"elementor-heading-title elementor-size-default\">La Pasi\u00f3n de Ser<\/h2>\t\t\t\t<\/div>\n\t\t\t\t<\/div>\n\t\t\t\t\t<\/div>\n\t\t<\/div>\n\t\t\t\t\t<\/div>\n\t\t<\/section>\n\t\t\t\t<section class=\"has_eae_slider elementor-section elementor-top-section elementor-element elementor-element-6abe466c elementor-section-boxed elementor-section-height-default elementor-section-height-default\" data-eae-slider=\"90305\" data-id=\"6abe466c\" data-element_type=\"section\" data-e-type=\"section\">\n\t\t\t\t\t\t<div class=\"elementor-container elementor-column-gap-default\">\n\t\t\t\t\t<div class=\"has_eae_slider elementor-column elementor-col-33 elementor-top-column elementor-element elementor-element-42709d27\" data-eae-slider=\"70840\" data-id=\"42709d27\" data-element_type=\"column\" data-e-type=\"column\">\n\t\t\t<div class=\"elementor-widget-wrap\">\n\t\t\t\t\t\t\t<\/div>\n\t\t<\/div>\n\t\t\t\t<div class=\"has_eae_slider elementor-column elementor-col-33 elementor-top-column elementor-element elementor-element-5f87f535\" data-eae-slider=\"33369\" data-id=\"5f87f535\" data-element_type=\"column\" data-e-type=\"column\">\n\t\t\t<div class=\"elementor-widget-wrap elementor-element-populated\">\n\t\t\t\t\t\t<div class=\"elementor-element elementor-element-6a35a4df elementor-widget elementor-widget-image\" data-id=\"6a35a4df\" data-element_type=\"widget\" data-e-type=\"widget\" data-widget_type=\"image.default\">\n\t\t\t\t<div class=\"elementor-widget-container\">\n\t\t\t\t\t\t\t\t\t\t\t\t\t\t\t<img fetchpriority=\"high\" decoding=\"async\" width=\"300\" height=\"202\" src=\"https:\/\/tantranz.com\/wp-content\/uploads\/2021\/08\/pasion-del-ser-300x202.png\" class=\"attachment-medium size-medium wp-image-3368\" alt=\"\" srcset=\"https:\/\/tantranz.com\/wp-content\/uploads\/2021\/08\/pasion-del-ser-300x202.png 300w, https:\/\/tantranz.com\/wp-content\/uploads\/2021\/08\/pasion-del-ser.png 559w\" sizes=\"(max-width: 300px) 100vw, 300px\" \/>\t\t\t\t\t\t\t\t\t\t\t\t\t\t\t<\/div>\n\t\t\t\t<\/div>\n\t\t\t\t\t<\/div>\n\t\t<\/div>\n\t\t\t\t<div class=\"has_eae_slider elementor-column elementor-col-33 elementor-top-column elementor-element elementor-element-43d9608f\" data-eae-slider=\"22004\" data-id=\"43d9608f\" data-element_type=\"column\" data-e-type=\"column\">\n\t\t\t<div class=\"elementor-widget-wrap\">\n\t\t\t\t\t\t\t<\/div>\n\t\t<\/div>\n\t\t\t\t\t<\/div>\n\t\t<\/section>\n\t\t\t\t<section class=\"has_eae_slider elementor-section elementor-top-section elementor-element elementor-element-3f90e341 elementor-section-boxed elementor-section-height-default elementor-section-height-default\" data-eae-slider=\"96705\" data-id=\"3f90e341\" data-element_type=\"section\" data-e-type=\"section\">\n\t\t\t\t\t\t<div class=\"elementor-container elementor-column-gap-default\">\n\t\t\t\t\t<div class=\"has_eae_slider elementor-column elementor-col-100 elementor-top-column elementor-element elementor-element-a0b336a\" data-eae-slider=\"50989\" data-id=\"a0b336a\" data-element_type=\"column\" data-e-type=\"column\">\n\t\t\t<div class=\"elementor-widget-wrap elementor-element-populated\">\n\t\t\t\t\t\t<section class=\"has_eae_slider elementor-section elementor-inner-section elementor-element elementor-element-1550d2ab elementor-section-boxed elementor-section-height-default elementor-section-height-default\" data-eae-slider=\"2190\" data-id=\"1550d2ab\" data-element_type=\"section\" data-e-type=\"section\">\n\t\t\t\t\t\t<div class=\"elementor-container elementor-column-gap-default\">\n\t\t\t\t\t<div class=\"has_eae_slider elementor-column elementor-col-100 elementor-inner-column elementor-element elementor-element-3b8601e1\" data-eae-slider=\"87896\" data-id=\"3b8601e1\" data-element_type=\"column\" data-e-type=\"column\">\n\t\t\t<div class=\"elementor-widget-wrap elementor-element-populated\">\n\t\t\t\t\t\t<div class=\"elementor-element elementor-element-24b7ccfd elementor-widget elementor-widget-text-editor\" data-id=\"24b7ccfd\" data-element_type=\"widget\" data-e-type=\"widget\" data-widget_type=\"text-editor.default\">\n\t\t\t\t<div class=\"elementor-widget-container\">\n\t\t\t\t\t\t\t\t\t<p style=\"text-align: center;\"><strong>Seminario Formativo de Tantra<\/strong><\/p><p style=\"text-align: center;\">Todos los Martes desde el\u00a0 17 de Agosto al 12 de Octubre<br \/>de 19:00 a 21:30 hs<br \/>Modalidad\u00a0 ONLINE v\u00eda ZOOM<br \/><strong>Coordina Ma Deva Nataraj<br \/><\/strong><\/p><p style=\"text-align: center;\"><strong>Para vivir en plenitud integr\u00e1ndolo todo.<\/strong> <br \/>Vamos a integrarlo todo: sexo y amor, pasi\u00f3n y espiritualidad, relajaci\u00f3n y creaci\u00f3n, v\u00ednculo y transformaci\u00f3n.<br \/>Queremos devolver al ser espiritual sus sentidos, sus deseos, sus pasiones, sus emociones y su sexualidad; es la aventura interior m\u00e1s profunda, m\u00e1s audaz. Esto es Tantra: una v\u00eda que integra la totalidad del ser humano.<\/p><p style=\"text-align: center;\">Este es un seminario formativo inspirado en el Vighyav Bhairava Tantra, desde Osho y el Tantra de Cachemira.<\/p><p style=\"text-align: center;\">Todos nuestros grupos son para hombres, mujeres y parejas.<br \/>Te invitamos a conocer, experimentar y disfrutar de este camino en 9 encuentros por Zoom, con la posibilidad de agregar un fin de semana presencial para los que puedan acercarse.<\/p><p style=\"text-align: center;\">\u00bfCu\u00e1l es la intenci\u00f3n?<br \/>\u2022 Aprender a trav\u00e9s del Tantra<br \/>\u2022 Trabajar el masculino y femenino interno<br \/>\u2022 Vincularnos con mayor conciencia <br \/>\u2022 Pertenecer a un grupo de investigaci\u00f3n en Tantra <br \/>Bibliograf\u00eda<\/p><p style=\"text-align: center;\">El libro de los Secretos. Osho.<br \/>Deseo, Pasi\u00f3n y Espiritualidad. Daniel Odier.<br \/>Tantra Yoga. Daniel Odie<br \/>\u2022 MUJERES , HOMBRES Y PAREJAS BIENVENIDOS<\/p><p style=\"text-align: center;\">Metodologia.<br \/>Cada encuentro de 2hs y media incluye una introducci\u00f3n te\u00f3rica breve del tema en cuesti\u00f3n, una pr\u00e1ctica meditativa que invita a experimentarlo y un compartir grupal.<br \/>El Tandava ser\u00e1 una meditaci\u00f3n reiterada en este seminario recorri\u00e9ndolo en sus diferentes claves y profundizando en su posibilidad de abarcar el yoga de las emociones.<br \/>Las pr\u00e1cticas derivan del Vighyav Bairava Tantra seg\u00fan la versi\u00f3n de Osho \u201cEl libro de los secretos\u201d, de \u201cTantra Yoga\u201d y de \u201cDeseo, Pasi\u00f3n y espiritualidad, \u201c de Daniel Odier <br \/>En este seminario recomendamos bibliograf\u00eda pero la lectura no constituye su carga mayor sino la pr\u00e1ctica.<br \/>Bibliografia recomendada.<br \/>El libro de los Secretos. Osho.<br \/>Deseo, Pasi\u00f3n y Espiritualidad. Daniel Odier.<\/p><p style=\"text-align: center;\">\u00a0<\/p>\t\t\t\t\t\t\t\t<\/div>\n\t\t\t\t<\/div>\n\t\t\t\t\t<\/div>\n\t\t<\/div>\n\t\t\t\t\t<\/div>\n\t\t<\/section>\n\t\t\t\t\t<\/div>\n\t\t<\/div>\n\t\t\t\t\t<\/div>\n\t\t<\/section>\n\t\t\t\t<\/div>","protected":false},"excerpt":{"rendered":"<p>La Pasi\u00f3n de Ser Seminario Formativo de Tantra Todos los Martes desde el\u00a0 17 de Agosto al 12 de Octubrede 19:00 a 21:30 hsModalidad\u00a0 ONLINE v\u00eda ZOOMCoordina Ma Deva Nataraj Para vivir en plenitud integr\u00e1ndolo todo. Vamos a integrarlo todo: sexo y amor, pasi\u00f3n y espiritualidad, relajaci\u00f3n y creaci\u00f3n, v\u00ednculo y transformaci\u00f3n.Queremos devolver al ser [&hellip;]<\/p>\n","protected":false},"author":1,"featured_media":0,"parent":0,"menu_order":0,"comment_status":"closed","ping_status":"closed","template":"","meta":{"ocean_post_layout":"full-width","ocean_both_sidebars_style":"","ocean_both_sidebars_content_width":0,"ocean_both_sidebars_sidebars_width":0,"ocean_sidebar":"0","ocean_second_sidebar":"0","ocean_disable_margins":"enable","ocean_add_body_class":"","ocean_shortcode_before_top_bar":"","ocean_shortcode_after_top_bar":"","ocean_shortcode_before_header":"","ocean_shortcode_after_header":"","ocean_has_shortcode":"","ocean_shortcode_after_title":"","ocean_shortcode_before_footer_widgets":"","ocean_shortcode_after_footer_widgets":"","ocean_shortcode_before_footer_bottom":"","ocean_shortcode_after_footer_bottom":"","ocean_display_top_bar":"default","ocean_display_header":"default","ocean_header_style":"","ocean_center_header_left_menu":"0","ocean_custom_header_template":"0","ocean_custom_logo":0,"ocean_custom_retina_logo":0,"ocean_custom_logo_max_width":0,"ocean_custom_logo_tablet_max_width":0,"ocean_custom_logo_mobile_max_width":0,"ocean_custom_logo_max_height":0,"ocean_custom_logo_tablet_max_height":0,"ocean_custom_logo_mobile_max_height":0,"ocean_header_custom_menu":"0","ocean_menu_typo_font_family":"0","ocean_menu_typo_font_subset":"","ocean_menu_typo_font_size":0,"ocean_menu_typo_font_size_tablet":0,"ocean_menu_typo_font_size_mobile":0,"ocean_menu_typo_font_size_unit":"px","ocean_menu_typo_font_weight":"","ocean_menu_typo_font_weight_tablet":"","ocean_menu_typo_font_weight_mobile":"","ocean_menu_typo_transform":"","ocean_menu_typo_transform_tablet":"","ocean_menu_typo_transform_mobile":"","ocean_menu_typo_line_height":0,"ocean_menu_typo_line_height_tablet":0,"ocean_menu_typo_line_height_mobile":0,"ocean_menu_typo_line_height_unit":"","ocean_menu_typo_spacing":0,"ocean_menu_typo_spacing_tablet":0,"ocean_menu_typo_spacing_mobile":0,"ocean_menu_typo_spacing_unit":"","ocean_menu_link_color":"","ocean_menu_link_color_hover":"","ocean_menu_link_color_active":"","ocean_menu_link_background":"","ocean_menu_link_hover_background":"","ocean_menu_link_active_background":"","ocean_menu_social_links_bg":"","ocean_menu_social_hover_links_bg":"","ocean_menu_social_links_color":"","ocean_menu_social_hover_links_color":"","ocean_disable_title":"on","ocean_disable_heading":"default","ocean_post_title":"","ocean_post_subheading":"","ocean_post_title_style":"","ocean_post_title_background_color":"","ocean_post_title_background":0,"ocean_post_title_bg_image_position":"","ocean_post_title_bg_image_attachment":"","ocean_post_title_bg_image_repeat":"","ocean_post_title_bg_image_size":"","ocean_post_title_height":0,"ocean_post_title_bg_overlay":0.5,"ocean_post_title_bg_overlay_color":"","ocean_disable_breadcrumbs":"default","ocean_breadcrumbs_color":"","ocean_breadcrumbs_separator_color":"","ocean_breadcrumbs_links_color":"","ocean_breadcrumbs_links_hover_color":"","ocean_display_footer_widgets":"default","ocean_display_footer_bottom":"default","ocean_custom_footer_template":"0","omw_enable_modal_window":"enable","osh_disable_topbar_sticky":"default","osh_disable_header_sticky":"default","osh_sticky_header_style":"default","osh_sticky_header_effect":"","osh_custom_sticky_logo":0,"osh_custom_retina_sticky_logo":0,"osh_custom_sticky_logo_height":0,"osh_background_color":"","osh_links_color":"","osh_links_hover_color":"","osh_links_active_color":"","osh_links_bg_color":"","osh_links_hover_bg_color":"","osh_links_active_bg_color":"","osh_menu_social_links_color":"","osh_menu_social_hover_links_color":"","_joinchat":[],"footnotes":""},"class_list":["post-3365","page","type-page","status-publish","hentry","entry"],"_links":{"self":[{"href":"https:\/\/tantranz.com\/en\/wp-json\/wp\/v2\/pages\/3365","targetHints":{"allow":["GET"]}}],"collection":[{"href":"https:\/\/tantranz.com\/en\/wp-json\/wp\/v2\/pages"}],"about":[{"href":"https:\/\/tantranz.com\/en\/wp-json\/wp\/v2\/types\/page"}],"author":[{"embeddable":true,"href":"https:\/\/tantranz.com\/en\/wp-json\/wp\/v2\/users\/1"}],"replies":[{"embeddable":true,"href":"https:\/\/tantranz.com\/en\/wp-json\/wp\/v2\/comments?post=3365"}],"version-history":[{"count":17,"href":"https:\/\/tantranz.com\/en\/wp-json\/wp\/v2\/pages\/3365\/revisions"}],"predecessor-version":[{"id":3390,"href":"https:\/\/tantranz.com\/en\/wp-json\/wp\/v2\/pages\/3365\/revisions\/3390"}],"wp:attachment":[{"href":"https:\/\/tantranz.com\/en\/wp-json\/wp\/v2\/media?parent=3365"}],"curies":[{"name":"wp","href":"https:\/\/api.w.org\/{rel}","templated":true}]}}