{"id":4322,"date":"2023-05-27T18:13:58","date_gmt":"2023-05-27T21:13:58","guid":{"rendered":"https:\/\/tantranz.com\/?page_id=4322"},"modified":"2023-07-24T11:10:37","modified_gmt":"2023-07-24T14:10:37","slug":"sesiones","status":"publish","type":"page","link":"https:\/\/tantranz.com\/en\/sesiones\/","title":{"rendered":"sesiones"},"content":{"rendered":"<div data-elementor-type=\"wp-page\" data-elementor-id=\"4322\" class=\"elementor elementor-4322\">\n\t\t\t\t\t\t<section class=\"has_eae_slider elementor-section elementor-top-section elementor-element elementor-element-6e73409a elementor-section-boxed elementor-section-height-default elementor-section-height-default\" data-eae-slider=\"55008\" data-id=\"6e73409a\" data-element_type=\"section\">\n\t\t\t\t\t\t<div class=\"elementor-container elementor-column-gap-default\">\n\t\t\t\t\t<div class=\"has_eae_slider elementor-column elementor-col-100 elementor-top-column elementor-element elementor-element-232d6411\" data-eae-slider=\"25430\" data-id=\"232d6411\" data-element_type=\"column\">\n\t\t\t<div class=\"elementor-widget-wrap elementor-element-populated\">\n\t\t\t\t\t\t<div class=\"elementor-element elementor-element-26b17946 elementor-widget elementor-widget-heading\" data-id=\"26b17946\" data-element_type=\"widget\" data-settings=\"{&quot;_animation&quot;:&quot;none&quot;}\" data-widget_type=\"heading.default\">\n\t\t\t\t<div class=\"elementor-widget-container\">\n\t\t\t\t\t<h2 class=\"elementor-heading-title elementor-size-medium\">Sessions<\/h2>\t\t\t\t<\/div>\n\t\t\t\t<\/div>\n\t\t\t\t\t<\/div>\n\t\t<\/div>\n\t\t\t\t\t<\/div>\n\t\t<\/section>\n\t\t\t\t<section class=\"has_eae_slider elementor-section elementor-top-section elementor-element elementor-element-35344d96 elementor-section-boxed elementor-section-height-default elementor-section-height-default\" data-eae-slider=\"55160\" data-id=\"35344d96\" data-element_type=\"section\">\n\t\t\t\t\t\t<div class=\"elementor-container elementor-column-gap-default\">\n\t\t\t\t\t<div class=\"has_eae_slider elementor-column elementor-col-100 elementor-top-column elementor-element elementor-element-34fcb884\" data-eae-slider=\"99049\" data-id=\"34fcb884\" data-element_type=\"column\">\n\t\t\t<div class=\"elementor-widget-wrap elementor-element-populated\">\n\t\t\t\t\t\t<section class=\"has_eae_slider elementor-section elementor-inner-section elementor-element elementor-element-bb0672a elementor-section-boxed elementor-section-height-default elementor-section-height-default\" data-eae-slider=\"77196\" data-id=\"bb0672a\" data-element_type=\"section\">\n\t\t\t\t\t\t<div class=\"elementor-container elementor-column-gap-default\">\n\t\t\t\t\t<div class=\"has_eae_slider elementor-column elementor-col-100 elementor-inner-column elementor-element elementor-element-73aab1b6\" data-eae-slider=\"12187\" data-id=\"73aab1b6\" data-element_type=\"column\">\n\t\t\t<div class=\"elementor-widget-wrap elementor-element-populated\">\n\t\t\t\t\t\t<div class=\"elementor-element elementor-element-2c52904 elementor-widget elementor-widget-text-editor\" data-id=\"2c52904\" data-element_type=\"widget\" data-widget_type=\"text-editor.default\">\n\t\t\t\t<div class=\"elementor-widget-container\">\n\t\t\t\t\t\t\t\t\t<hr \/><p><strong><span style=\"color: #993300;\">Somatic Integration.<\/span> 1.30hs.<\/strong><\/p><p class=\"translation-block\">Nataraj accompanies each person to become aware of the intimate relationship between the felt sense, emotions and thoughts.  It is an invitation to let go of unnecessary stress, digest and integrate traumatic experiences and develop our full potential to love and create.\nDuring the session you will be listened to, you will be guided to connect with your felt sense, you may be invited to breathe consciously or receive simple touches that align your energy.<\/p><hr \/><p><strong><span style=\"color: #993300;\">Tantranz Therapy Approach (Individual or Couples)<\/span>.\u00a0 1.30Hs<br \/><\/strong>(Individual or Couples)<\/p><p class=\"translation-block\">Through active listening, guided meditation, movement exercises, breath and contact we accompany people to know themselves better, dynamize whatever is stagnant and be available to live more fully. The tantranz approach invites vitality and relaxation at the same time. It is an opportunity to explore, learn and enjoy.<\/p><hr \/><p><strong><span style=\"color: #993300;\">Individual Tantra Counselling. 1h 15 min.<\/span>.<\/strong><\/p><p>After more than 30 years of practices, Nataraj combines Tantra,\nSomatic Experience, focusing and biodynamic touch in a unique Therapy session that follows the patient\u2019s needs.<strong>\u00a0<br \/><\/strong><\/p><hr \/><p>\u00a0<\/p>\t\t\t\t\t\t\t\t<\/div>\n\t\t\t\t<\/div>\n\t\t\t\t\t<\/div>\n\t\t<\/div>\n\t\t\t\t\t<\/div>\n\t\t<\/section>\n\t\t\t\t\t<\/div>\n\t\t<\/div>\n\t\t\t\t\t<\/div>\n\t\t<\/section>\n\t\t\t\t<section class=\"has_eae_slider elementor-section elementor-top-section elementor-element elementor-element-514dbff3 elementor-section-boxed elementor-section-height-default elementor-section-height-default\" data-eae-slider=\"77118\" data-id=\"514dbff3\" data-element_type=\"section\">\n\t\t\t\t\t\t<div class=\"elementor-container elementor-column-gap-default\">\n\t\t\t\t\t<div class=\"has_eae_slider elementor-column elementor-col-100 elementor-top-column elementor-element elementor-element-54ace964\" data-eae-slider=\"22666\" data-id=\"54ace964\" data-element_type=\"column\">\n\t\t\t<div class=\"elementor-widget-wrap elementor-element-populated\">\n\t\t\t\t\t\t<div class=\"elementor-element elementor-element-5f874f7e elementor-widget elementor-widget-heading\" data-id=\"5f874f7e\" data-element_type=\"widget\" data-settings=\"{&quot;_animation&quot;:&quot;none&quot;}\" data-widget_type=\"heading.default\">\n\t\t\t\t<div class=\"elementor-widget-container\">\n\t\t\t\t\t<h2 class=\"elementor-heading-title elementor-size-medium\">Massages<\/h2>\t\t\t\t<\/div>\n\t\t\t\t<\/div>\n\t\t\t\t\t<\/div>\n\t\t<\/div>\n\t\t\t\t\t<\/div>\n\t\t<\/section>\n\t\t\t\t<section class=\"has_eae_slider elementor-section elementor-top-section elementor-element elementor-element-437757f elementor-section-boxed elementor-section-height-default elementor-section-height-default\" data-eae-slider=\"83558\" data-id=\"437757f\" data-element_type=\"section\">\n\t\t\t\t\t\t<div class=\"elementor-container elementor-column-gap-default\">\n\t\t\t\t\t<div class=\"has_eae_slider elementor-column elementor-col-100 elementor-top-column elementor-element elementor-element-81415b2\" data-eae-slider=\"28144\" data-id=\"81415b2\" data-element_type=\"column\">\n\t\t\t<div class=\"elementor-widget-wrap elementor-element-populated\">\n\t\t\t\t\t\t<div class=\"elementor-element elementor-element-11d611f elementor-widget elementor-widget-text-editor\" data-id=\"11d611f\" data-element_type=\"widget\" data-widget_type=\"text-editor.default\">\n\t\t\t\t<div class=\"elementor-widget-container\">\n\t\t\t\t\t\t\t\t\t<p><strong><span style=\"color: #993300;\">Tantranz Massage - 1.30h<\/span><\/strong><\/p><p class=\"translation-block\">An experience of Tantra through touch.  \nThis massage involves the whole body.  It roots the energy in the body and then through a light touch without oil, it invites the natural flow of electricity to flow and expand, providing a sense of expansion and joy.\nDepending on the patient, the massage may invite energy points, the movement of the waters in the body, swiftness or extreme slow motion.\nIt is not a genital massage, but it may involve genitality in consensus with the patient and according to the session\u2019s needs.<\/p><hr \/><p><strong><span style=\"color: #993300;\">Californian (Esalen) Massage. 75 min<\/span><\/strong><\/p><p>A full body massage based on long strokes with oil, a great sense of fluidity, relaxation and integration.  It works fascia, muscle and bone.<\/p><hr \/><p><span style=\"color: #993300;\"><strong>Byodinamic Craneo-Sacral Massage. 1h<\/strong><\/span><\/p><p>A quiet, subtle touch that helps integration of masculine and feminine aspects of our energy, healing, expanding, integrating.<\/p><hr \/><p><span style=\"color: #993300;\"><strong>Tantranz Massage teaching for a couple:<\/strong><\/span>:\u00a0 <br \/>Ask for difference between presence and online, times, etc<\/p><hr \/>\t\t\t\t\t\t\t\t<\/div>\n\t\t\t\t<\/div>\n\t\t\t\t\t<\/div>\n\t\t<\/div>\n\t\t\t\t\t<\/div>\n\t\t<\/section>\n\t\t\t\t<\/div>","protected":false},"excerpt":{"rendered":"<p>Sesiones Integraci\u00f3n Som\u00e1tica. 1.30hs. Desde la escucha activa, Nataraj acompa\u00f1a a cada persona a tomar consciencia de la \u00edntima relaci\u00f3n entre las sensaciones sentidas en el cuerpo, la emoci\u00f3n y el pensamiento. Es una invitaci\u00f3n a digerir e integrar situaciones que se interponen entre nosotros y el amor, que nos demoran en nuestro desarrollo o [&hellip;]<\/p>","protected":false},"author":1,"featured_media":0,"parent":0,"menu_order":0,"comment_status":"closed","ping_status":"closed","template":"","meta":{"ocean_post_layout":"full-width","ocean_both_sidebars_style":"","ocean_both_sidebars_content_width":0,"ocean_both_sidebars_sidebars_width":0,"ocean_sidebar":"0","ocean_second_sidebar":"0","ocean_disable_margins":"enable","ocean_add_body_class":"","ocean_shortcode_before_top_bar":"","ocean_shortcode_after_top_bar":"","ocean_shortcode_before_header":"","ocean_shortcode_after_header":"","ocean_has_shortcode":"","ocean_shortcode_after_title":"","ocean_shortcode_before_footer_widgets":"","ocean_shortcode_after_footer_widgets":"","ocean_shortcode_before_footer_bottom":"","ocean_shortcode_after_footer_bottom":"","ocean_display_top_bar":"default","ocean_display_header":"default","ocean_header_style":"","ocean_center_header_left_menu":"0","ocean_custom_header_template":"0","ocean_custom_logo":0,"ocean_custom_retina_logo":0,"ocean_custom_logo_max_width":0,"ocean_custom_logo_tablet_max_width":0,"ocean_custom_logo_mobile_max_width":0,"ocean_custom_logo_max_height":0,"ocean_custom_logo_tablet_max_height":0,"ocean_custom_logo_mobile_max_height":0,"ocean_header_custom_menu":"0","ocean_menu_typo_font_family":"0","ocean_menu_typo_font_subset":"","ocean_menu_typo_font_size":0,"ocean_menu_typo_font_size_tablet":0,"ocean_menu_typo_font_size_mobile":0,"ocean_menu_typo_font_size_unit":"px","ocean_menu_typo_font_weight":"","ocean_menu_typo_font_weight_tablet":"","ocean_menu_typo_font_weight_mobile":"","ocean_menu_typo_transform":"","ocean_menu_typo_transform_tablet":"","ocean_menu_typo_transform_mobile":"","ocean_menu_typo_line_height":0,"ocean_menu_typo_line_height_tablet":0,"ocean_menu_typo_line_height_mobile":0,"ocean_menu_typo_line_height_unit":"","ocean_menu_typo_spacing":0,"ocean_menu_typo_spacing_tablet":0,"ocean_menu_typo_spacing_mobile":0,"ocean_menu_typo_spacing_unit":"","ocean_menu_link_color":"","ocean_menu_link_color_hover":"","ocean_menu_link_color_active":"","ocean_menu_link_background":"","ocean_menu_link_hover_background":"","ocean_menu_link_active_background":"","ocean_menu_social_links_bg":"","ocean_menu_social_hover_links_bg":"","ocean_menu_social_links_color":"","ocean_menu_social_hover_links_color":"","ocean_disable_title":"on","ocean_disable_heading":"default","ocean_post_title":"","ocean_post_subheading":"","ocean_post_title_style":"","ocean_post_title_background_color":"","ocean_post_title_background":0,"ocean_post_title_bg_image_position":"","ocean_post_title_bg_image_attachment":"","ocean_post_title_bg_image_repeat":"","ocean_post_title_bg_image_size":"","ocean_post_title_height":0,"ocean_post_title_bg_overlay":0.5,"ocean_post_title_bg_overlay_color":"","ocean_disable_breadcrumbs":"default","ocean_breadcrumbs_color":"","ocean_breadcrumbs_separator_color":"","ocean_breadcrumbs_links_color":"","ocean_breadcrumbs_links_hover_color":"","ocean_display_footer_widgets":"default","ocean_display_footer_bottom":"default","ocean_custom_footer_template":"0","omw_enable_modal_window":"enable","osh_disable_topbar_sticky":"default","osh_disable_header_sticky":"default","osh_sticky_header_style":"default","osh_sticky_header_effect":"","osh_custom_sticky_logo":0,"osh_custom_retina_sticky_logo":0,"osh_custom_sticky_logo_height":0,"osh_background_color":"","osh_links_color":"","osh_links_hover_color":"","osh_links_active_color":"","osh_links_bg_color":"","osh_links_hover_bg_color":"","osh_links_active_bg_color":"","osh_menu_social_links_color":"","osh_menu_social_hover_links_color":"","_joinchat":[],"footnotes":""},"class_list":["post-4322","page","type-page","status-publish","hentry","entry"],"_links":{"self":[{"href":"https:\/\/tantranz.com\/en\/wp-json\/wp\/v2\/pages\/4322","targetHints":{"allow":["GET"]}}],"collection":[{"href":"https:\/\/tantranz.com\/en\/wp-json\/wp\/v2\/pages"}],"about":[{"href":"https:\/\/tantranz.com\/en\/wp-json\/wp\/v2\/types\/page"}],"author":[{"embeddable":true,"href":"https:\/\/tantranz.com\/en\/wp-json\/wp\/v2\/users\/1"}],"replies":[{"embeddable":true,"href":"https:\/\/tantranz.com\/en\/wp-json\/wp\/v2\/comments?post=4322"}],"version-history":[{"count":70,"href":"https:\/\/tantranz.com\/en\/wp-json\/wp\/v2\/pages\/4322\/revisions"}],"predecessor-version":[{"id":5610,"href":"https:\/\/tantranz.com\/en\/wp-json\/wp\/v2\/pages\/4322\/revisions\/5610"}],"wp:attachment":[{"href":"https:\/\/tantranz.com\/en\/wp-json\/wp\/v2\/media?parent=4322"}],"curies":[{"name":"wp","href":"https:\/\/api.w.org\/{rel}","templated":true}]}}