{"id":5144,"date":"2023-07-20T12:56:45","date_gmt":"2023-07-20T15:56:45","guid":{"rendered":"https:\/\/tantranz.com\/?page_id=5144"},"modified":"2023-07-20T13:12:10","modified_gmt":"2023-07-20T16:12:10","slug":"meditaciones","status":"publish","type":"page","link":"https:\/\/tantranz.com\/en\/meditaciones\/","title":{"rendered":"Meditaciones"},"content":{"rendered":"\t\t<div data-elementor-type=\"wp-page\" data-elementor-id=\"5144\" class=\"elementor elementor-5144\">\n\t\t\t\t\t\t<section class=\"has_eae_slider elementor-section elementor-top-section elementor-element elementor-element-6d08c8bb elementor-section-boxed elementor-section-height-default elementor-section-height-default\" data-eae-slider=\"73122\" data-id=\"6d08c8bb\" data-element_type=\"section\" data-e-type=\"section\">\n\t\t\t\t\t\t<div class=\"elementor-container elementor-column-gap-default\">\n\t\t\t\t\t<div class=\"has_eae_slider elementor-column elementor-col-100 elementor-top-column elementor-element elementor-element-2accaf4\" data-eae-slider=\"52978\" data-id=\"2accaf4\" data-element_type=\"column\" data-e-type=\"column\">\n\t\t\t<div class=\"elementor-widget-wrap elementor-element-populated\">\n\t\t\t\t\t\t<div class=\"elementor-element elementor-element-630411a2 elementor-widget elementor-widget-heading\" data-id=\"630411a2\" data-element_type=\"widget\" data-e-type=\"widget\" data-settings=\"{&quot;_animation&quot;:&quot;none&quot;}\" data-widget_type=\"heading.default\">\n\t\t\t\t<div class=\"elementor-widget-container\">\n\t\t\t\t\t<h2 class=\"elementor-heading-title elementor-size-medium\">Meditaciones T\u00e1ntricas Osho, Tandava y otras.<\/h2>\t\t\t\t<\/div>\n\t\t\t\t<\/div>\n\t\t\t\t\t<\/div>\n\t\t<\/div>\n\t\t\t\t\t<\/div>\n\t\t<\/section>\n\t\t\t\t<section class=\"has_eae_slider elementor-section elementor-top-section elementor-element elementor-element-ac4f1b3 elementor-section-boxed elementor-section-height-default elementor-section-height-default\" data-eae-slider=\"46574\" data-id=\"ac4f1b3\" data-element_type=\"section\" data-e-type=\"section\">\n\t\t\t\t\t\t<div class=\"elementor-container elementor-column-gap-default\">\n\t\t\t\t\t<div class=\"has_eae_slider elementor-column elementor-col-100 elementor-top-column elementor-element elementor-element-9d5955e\" data-eae-slider=\"81286\" data-id=\"9d5955e\" data-element_type=\"column\" data-e-type=\"column\">\n\t\t\t<div class=\"elementor-widget-wrap elementor-element-populated\">\n\t\t\t\t\t\t<div class=\"elementor-element elementor-element-bc42288 elementor-widget elementor-widget-oew-modal\" data-id=\"bc42288\" data-element_type=\"widget\" data-e-type=\"widget\" data-widget_type=\"oew-modal.default\">\n\t\t\t\t<div class=\"elementor-widget-container\">\n\t\t\t\t\t\r\n\t\t\t<div class=\"oew-modal-button\">\r\n\t\t\t\t<a href=\"#oew-modal-bc42288\" class=\"button\">\r\n\t\t\t\t\t\r\n\t\t\t\t\t<span>leer mas<\/span>\r\n\r\n\t\t\t\t\t\t\t\t\t<\/a>\r\n\t\t\t<\/div>\r\n\r\n\t\t\r\n\t    <div id=\"oew-modal-bc42288\" class=\"oew-modal-wrap oew-temp-styles\">\r\n\t\t\t\t\t\t<div class=\"oew-modal-container\">\r\n\t\t\t\t<div class=\"oew-modal-inner\">\r\n\t\t\t\t\t\r\n\t\t<button aria-label=\"Close this modal window\" type=\"button\" class=\"oew-modal-close oew-modal-close-inside\">\r\n\t\t\t<svg focusable=\"false\" aria-hidden=\"true\" role=\"img\" width=\"14\" height=\"14\" xmlns=\"http:\/\/www.w3.org\/2000\/svg\" xmlns:xlink=\"http:\/\/www.w3.org\/1999\/xlink\" viewBox=\"0 0 512 512\" xml:space=\"preserve\">\r\n\t\t\t\t<path d=\"M505.943,6.058c-8.077-8.077-21.172-8.077-29.249,0L6.058,476.693c-8.077,8.077-8.077,21.172,0,29.249\r\n\t\t\t\t\tC10.096,509.982,15.39,512,20.683,512c5.293,0,10.586-2.019,14.625-6.059L505.943,35.306\r\n\t\t\t\t\tC514.019,27.23,514.019,14.135,505.943,6.058z\"\/>\r\n\t\t\t\t<path d=\"M505.942,476.694L35.306,6.059c-8.076-8.077-21.172-8.077-29.248,0c-8.077,8.076-8.077,21.171,0,29.248l470.636,470.636\r\n\t\t\t\t\tc4.038,4.039,9.332,6.058,14.625,6.058c5.293,0,10.587-2.019,14.624-6.057C514.018,497.866,514.018,484.771,505.942,476.694z\"\/>\r\n\t\t\t<\/svg>\r\n\t\t<\/button>\r\n\r\n\t\r\n\t\t\t\t\t<p style=\"text-align: center; background: white; vertical-align: baseline; margin: 0cm 0cm 15.0pt 0cm;\" align=\"center\"><span style=\"font-size: 11.5pt; font-family: 'Roboto Slab'; color: #4a4a4a;\">La Meditaci\u00f3n es un estado de gracia que todos podemos alcanzar.<br \/>Ven\u00ed a compartir la experiencia de la meditaci\u00f3n con nosotros los viernes a las 19.30hs.<\/span><\/p><p style=\"text-align: center; background: white; vertical-align: baseline; margin: 0cm 0cm 15.0pt 0cm;\" align=\"center\"><span style=\"font-size: 11.5pt; font-family: 'Roboto Slab'; color: #4a4a4a;\">En Tantranz te damos la oportunidad de experienciar varias t\u00e9cnicas para que conozcas cu\u00e1l es tu camino hacia la serenidad, la expansi\u00f3n y el amor.<br \/>Las Meditaciones Osho, son ricas y variadas. Muchas tienen movimiento para luego alcanzar un silencio m\u00e1s\u00a0 profundo.<br \/>El tandava, la contemplaci\u00f3n y otras perlas del camino t\u00e1ntrico nos ense\u00f1an a estar m\u00e1s a gusto en nuestro cuerpo y a utilizar los Sentidos como puertas hacia una consciencia trascendente.<\/span><\/p><p style=\"text-align: center; background: white; vertical-align: baseline; margin: 0cm 0cm 15.0pt 0cm;\" align=\"center\"><span style=\"font-size: 11.5pt; font-family: 'Roboto Slab'; color: #4a4a4a;\">\u201cLa meditaci\u00f3n es el laboratorio de la tranquilidad,\u201d Daniel Odier.<br \/>\u201cEl amor es la rosa m\u00e1s linda que crece en el arbusto de la meditaci\u00f3n,\u201dOsho.<\/span><\/p><p style=\"text-align: center; background: white; vertical-align: baseline; margin: 0cm 0cm 15.0pt 0cm;\" align=\"center\"><span style=\"font-size: 11.5pt; font-family: 'Roboto Slab'; color: #4a4a4a;\">Como dice Osho en el \u00abLibro de los Secretos\u00bb \u2026<br \/>\u201cEl prop\u00f3sito del tantra no es simplemente proporcionar a la gente una mejor vida sexual, m\u00e1s bien es utilizar innumerables situaciones y encuentros de la vida corriente de los seres humanos, inclu\u00eddo el sexo, como puertas de entrada a la experiencia de la meditaci\u00f3n. La meditaci\u00f3n es un estado interno en el que de hecho todas las creencias, las doctrinas y las respuestas prefabricadas han desaparecido, dejando solo la conciencia pura y libre de pensamientos, que puede percibir la realidad directamente, tal como es[\u2026]<\/span><\/p>\t\t\t\t<\/div>\r\n\t\t\t<\/div>\r\n\t\t\t<div class=\"oew-modal-overlay\"><\/div>\r\n\t\t<\/div>\r\n\r\n\t    \r\n\t\t\t\t\t<\/div>\n\t\t\t\t<\/div>\n\t\t\t\t\t<\/div>\n\t\t<\/div>\n\t\t\t\t\t<\/div>\n\t\t<\/section>\n\t\t\t\t<\/div>\n\t\t","protected":false},"excerpt":{"rendered":"<p>Meditaciones T\u00e1ntricas Osho, Tandava y otras. leer mas La Meditaci\u00f3n es un estado de gracia que todos podemos alcanzar.Ven\u00ed a compartir la experiencia de la meditaci\u00f3n con nosotros los viernes a las 19.30hs. En Tantranz te damos la oportunidad de experienciar varias t\u00e9cnicas para que conozcas cu\u00e1l es tu camino hacia la serenidad, la expansi\u00f3n [&hellip;]<\/p>\n","protected":false},"author":1,"featured_media":0,"parent":0,"menu_order":0,"comment_status":"closed","ping_status":"closed","template":"","meta":{"ocean_post_layout":"full-width","ocean_both_sidebars_style":"","ocean_both_sidebars_content_width":0,"ocean_both_sidebars_sidebars_width":0,"ocean_sidebar":"0","ocean_second_sidebar":"0","ocean_disable_margins":"enable","ocean_add_body_class":"","ocean_shortcode_before_top_bar":"","ocean_shortcode_after_top_bar":"","ocean_shortcode_before_header":"","ocean_shortcode_after_header":"","ocean_has_shortcode":"","ocean_shortcode_after_title":"","ocean_shortcode_before_footer_widgets":"","ocean_shortcode_after_footer_widgets":"","ocean_shortcode_before_footer_bottom":"","ocean_shortcode_after_footer_bottom":"","ocean_display_top_bar":"default","ocean_display_header":"default","ocean_header_style":"","ocean_center_header_left_menu":"0","ocean_custom_header_template":"0","ocean_custom_logo":0,"ocean_custom_retina_logo":0,"ocean_custom_logo_max_width":0,"ocean_custom_logo_tablet_max_width":0,"ocean_custom_logo_mobile_max_width":0,"ocean_custom_logo_max_height":0,"ocean_custom_logo_tablet_max_height":0,"ocean_custom_logo_mobile_max_height":0,"ocean_header_custom_menu":"0","ocean_menu_typo_font_family":"0","ocean_menu_typo_font_subset":"","ocean_menu_typo_font_size":0,"ocean_menu_typo_font_size_tablet":0,"ocean_menu_typo_font_size_mobile":0,"ocean_menu_typo_font_size_unit":"px","ocean_menu_typo_font_weight":"","ocean_menu_typo_font_weight_tablet":"","ocean_menu_typo_font_weight_mobile":"","ocean_menu_typo_transform":"","ocean_menu_typo_transform_tablet":"","ocean_menu_typo_transform_mobile":"","ocean_menu_typo_line_height":0,"ocean_menu_typo_line_height_tablet":0,"ocean_menu_typo_line_height_mobile":0,"ocean_menu_typo_line_height_unit":"","ocean_menu_typo_spacing":0,"ocean_menu_typo_spacing_tablet":0,"ocean_menu_typo_spacing_mobile":0,"ocean_menu_typo_spacing_unit":"","ocean_menu_link_color":"","ocean_menu_link_color_hover":"","ocean_menu_link_color_active":"","ocean_menu_link_background":"","ocean_menu_link_hover_background":"","ocean_menu_link_active_background":"","ocean_menu_social_links_bg":"","ocean_menu_social_hover_links_bg":"","ocean_menu_social_links_color":"","ocean_menu_social_hover_links_color":"","ocean_disable_title":"on","ocean_disable_heading":"on","ocean_post_title":"","ocean_post_subheading":"","ocean_post_title_style":"","ocean_post_title_background_color":"","ocean_post_title_background":0,"ocean_post_title_bg_image_position":"","ocean_post_title_bg_image_attachment":"","ocean_post_title_bg_image_repeat":"","ocean_post_title_bg_image_size":"","ocean_post_title_height":0,"ocean_post_title_bg_overlay":0.5,"ocean_post_title_bg_overlay_color":"","ocean_disable_breadcrumbs":"default","ocean_breadcrumbs_color":"","ocean_breadcrumbs_separator_color":"","ocean_breadcrumbs_links_color":"","ocean_breadcrumbs_links_hover_color":"","ocean_display_footer_widgets":"default","ocean_display_footer_bottom":"default","ocean_custom_footer_template":"0","omw_enable_modal_window":"enable","osh_disable_topbar_sticky":"default","osh_disable_header_sticky":"default","osh_sticky_header_style":"default","osh_sticky_header_effect":"","osh_custom_sticky_logo":0,"osh_custom_retina_sticky_logo":0,"osh_custom_sticky_logo_height":0,"osh_background_color":"","osh_links_color":"","osh_links_hover_color":"","osh_links_active_color":"","osh_links_bg_color":"","osh_links_hover_bg_color":"","osh_links_active_bg_color":"","osh_menu_social_links_color":"","osh_menu_social_hover_links_color":"","_joinchat":[],"footnotes":""},"class_list":["post-5144","page","type-page","status-publish","hentry","entry"],"_links":{"self":[{"href":"https:\/\/tantranz.com\/en\/wp-json\/wp\/v2\/pages\/5144","targetHints":{"allow":["GET"]}}],"collection":[{"href":"https:\/\/tantranz.com\/en\/wp-json\/wp\/v2\/pages"}],"about":[{"href":"https:\/\/tantranz.com\/en\/wp-json\/wp\/v2\/types\/page"}],"author":[{"embeddable":true,"href":"https:\/\/tantranz.com\/en\/wp-json\/wp\/v2\/users\/1"}],"replies":[{"embeddable":true,"href":"https:\/\/tantranz.com\/en\/wp-json\/wp\/v2\/comments?post=5144"}],"version-history":[{"count":9,"href":"https:\/\/tantranz.com\/en\/wp-json\/wp\/v2\/pages\/5144\/revisions"}],"predecessor-version":[{"id":5154,"href":"https:\/\/tantranz.com\/en\/wp-json\/wp\/v2\/pages\/5144\/revisions\/5154"}],"wp:attachment":[{"href":"https:\/\/tantranz.com\/en\/wp-json\/wp\/v2\/media?parent=5144"}],"curies":[{"name":"wp","href":"https:\/\/api.w.org\/{rel}","templated":true}]}}